{"id":1001,"date":"2026-03-24T13:50:31","date_gmt":"2026-03-24T12:50:31","guid":{"rendered":"https:\/\/vonotterskarummet.se\/?post_type=product&#038;p=1001"},"modified":"2026-04-08T13:21:07","modified_gmt":"2026-04-08T11:21:07","slug":"dekorativ-tupp-i-metall-liten-eller-stor","status":"publish","type":"product","link":"https:\/\/vonotterskarummet.se\/?product=dekorativ-tupp-i-metall-liten-eller-stor","title":{"rendered":"Dekorativ tupp i metall \u2013 liten eller stor"},"content":{"rendered":"","protected":false},"excerpt":{"rendered":"<p data-start=\"206\" data-end=\"405\">Charmig och dekorativ <strong data-start=\"228\" data-end=\"245\">tupp i metall<\/strong> med stilren siluett och rustik finish. En fin inredningsdetalj som passar perfekt i k\u00f6k, p\u00e5 hylla, f\u00f6nsterbr\u00e4da, sk\u00e4nk eller som del av ett lantligt stilleben.<\/p>\n<p data-start=\"407\" data-end=\"571\">Tuppen har en enkel men uttrycksfull form som ger ett b\u00e5de <strong data-start=\"466\" data-end=\"489\">rustikt och tidl\u00f6st<\/strong> intryck. Passar fint i lantlig, fransk, rustik eller vintageinspirerad inredning.<\/p>\n<p data-start=\"573\" data-end=\"751\">Finns i <strong data-start=\"581\" data-end=\"615\">tv\u00e5 storlekar \u2013 liten och stor<\/strong> och de <strong data-start=\"623\" data-end=\"640\">s\u00e4ljs separat<\/strong>, vilket g\u00f6r det enkelt att v\u00e4lja den storlek som passar b\u00e4st eller kombinera b\u00e5da f\u00f6r en fin dekorativ helhet.<\/p>\n<p data-start=\"753\" data-end=\"766\"><strong data-start=\"753\" data-end=\"766\">Detaljer:<\/strong><\/p>\n<ul data-start=\"767\" data-end=\"993\">\n<li data-section-id=\"1ew6bsw\" data-start=\"767\" data-end=\"796\">Dekorativ <strong data-start=\"779\" data-end=\"796\">tupp i metall<\/strong><\/li>\n<li data-section-id=\"13v7o9r\" data-start=\"797\" data-end=\"823\">Rustik \/ antikgr\u00e5 finish<\/li>\n<li data-section-id=\"1qum0ox\" data-start=\"824\" data-end=\"860\">Finns i <strong data-start=\"834\" data-end=\"860\">liten och stor storlek<\/strong><\/li>\n<li data-section-id=\"15ytibu\" data-start=\"861\" data-end=\"880\"><strong data-start=\"863\" data-end=\"880\">S\u00e4ljs separat<\/strong><\/li>\n<li data-section-id=\"1b0s6z4\" data-start=\"881\" data-end=\"909\">Stilren och lantlig design<\/li>\n<li data-section-id=\"18ad8u0\" data-start=\"910\" data-end=\"955\">Passar k\u00f6k, hylla, sk\u00e4nk eller f\u00f6nsterbr\u00e4da<\/li>\n<li data-section-id=\"1g8r9m6\" data-start=\"956\" data-end=\"993\">Fin ensam eller tillsammans som par<\/li>\n<\/ul>\n","protected":false},"featured_media":957,"template":"","meta":{"wds_primary_product_brand":0,"wds_primary_product_cat":0},"product_brand":[],"product_cat":[15,25,28],"product_tag":[],"class_list":{"0":"post-1001","1":"product","2":"type-product","3":"status-publish","4":"has-post-thumbnail","6":"product_cat-uncategorized","7":"product_cat-nyheter","8":"product_cat-pask","9":"product_shipping_class-storre-paket","11":"first","12":"instock","13":"taxable","14":"shipping-taxable","15":"purchasable","16":"product-type-variable"},"_links":{"self":[{"href":"https:\/\/vonotterskarummet.se\/index.php?rest_route=\/wp\/v2\/product\/1001","targetHints":{"allow":["GET"]}}],"collection":[{"href":"https:\/\/vonotterskarummet.se\/index.php?rest_route=\/wp\/v2\/product"}],"about":[{"href":"https:\/\/vonotterskarummet.se\/index.php?rest_route=\/wp\/v2\/types\/product"}],"wp:featuredmedia":[{"embeddable":true,"href":"https:\/\/vonotterskarummet.se\/index.php?rest_route=\/wp\/v2\/media\/957"}],"wp:attachment":[{"href":"https:\/\/vonotterskarummet.se\/index.php?rest_route=%2Fwp%2Fv2%2Fmedia&parent=1001"}],"wp:term":[{"taxonomy":"product_brand","embeddable":true,"href":"https:\/\/vonotterskarummet.se\/index.php?rest_route=%2Fwp%2Fv2%2Fproduct_brand&post=1001"},{"taxonomy":"product_cat","embeddable":true,"href":"https:\/\/vonotterskarummet.se\/index.php?rest_route=%2Fwp%2Fv2%2Fproduct_cat&post=1001"},{"taxonomy":"product_tag","embeddable":true,"href":"https:\/\/vonotterskarummet.se\/index.php?rest_route=%2Fwp%2Fv2%2Fproduct_tag&post=1001"}],"curies":[{"name":"wp","href":"https:\/\/api.w.org\/{rel}","templated":true}]}}