{"id":1010,"date":"2026-03-26T18:06:04","date_gmt":"2026-03-26T17:06:04","guid":{"rendered":"https:\/\/vonotterskarummet.se\/?post_type=product&#038;p=1010"},"modified":"2026-03-26T18:06:05","modified_gmt":"2026-03-26T17:06:05","slug":"franska-dekorativa-bokstod-i-marmor-metall-fagelmotiv-par","status":"publish","type":"product","link":"https:\/\/vonotterskarummet.se\/?product=franska-dekorativa-bokstod-i-marmor-metall-fagelmotiv-par","title":{"rendered":"Franska dekorativa bokst\u00f6d i marmor &#038; metall \u2013 f\u00e5gelmotiv, par"},"content":{"rendered":"","protected":false},"excerpt":{"rendered":"<p data-start=\"241\" data-end=\"535\">Vackert och dekorativt <strong data-start=\"264\" data-end=\"293\">par bokst\u00f6d i fransk stil<\/strong>, k\u00f6pta i <strong data-start=\"303\" data-end=\"316\">Frankrike<\/strong>, med elegant kombination av <strong data-start=\"345\" data-end=\"366\">marmor och metall<\/strong>. Bokst\u00f6den har ett mycket charmigt och dekorativt <strong data-start=\"417\" data-end=\"431\">f\u00e5gelmotiv<\/strong>, d\u00e4r tv\u00e5 f\u00e5glar sitter p\u00e5 en mjukt svepande grenliknande form med organiska linjer och vackra detaljer.<\/p>\n<p data-start=\"537\" data-end=\"788\">Den dekorativa utformningen ger en tydlig k\u00e4nsla av <strong data-start=\"589\" data-end=\"624\">fransk Art Nouveau \/ jugendstil<\/strong>, vilket g\u00f6r dem lika fina som praktiska bokst\u00f6d som rena prydnadsf\u00f6rem\u00e5l. Perfekta i bokhyllan, p\u00e5 ett sideboard, skrivbord eller som del av ett vackert stilleben.<\/p>\n<p data-start=\"790\" data-end=\"885\">Ett mycket elegant <strong data-start=\"809\" data-end=\"831\">par fr\u00e5n Frankrike<\/strong>, med patina, karakt\u00e4r och en tidl\u00f6s dekorativ k\u00e4nsla.<\/p>\n<p data-start=\"887\" data-end=\"900\"><strong data-start=\"887\" data-end=\"900\">Detaljer:<\/strong><\/p>\n<ul data-start=\"901\" data-end=\"1162\">\n<li data-section-id=\"1qd7v08\" data-start=\"901\" data-end=\"920\"><strong data-start=\"903\" data-end=\"920\">S\u00e4ljs som par<\/strong><\/li>\n<li data-section-id=\"pk1if\" data-start=\"921\" data-end=\"945\">Dekorativa <strong data-start=\"934\" data-end=\"945\">bokst\u00f6d<\/strong><\/li>\n<li data-section-id=\"1kq387i\" data-start=\"946\" data-end=\"979\">Material: <strong data-start=\"958\" data-end=\"979\">marmor och metall<\/strong><\/li>\n<li data-section-id=\"tbof00\" data-start=\"980\" data-end=\"1004\">Vackert <strong data-start=\"990\" data-end=\"1004\">f\u00e5gelmotiv<\/strong><\/li>\n<li data-section-id=\"9j5imf\" data-start=\"1005\" data-end=\"1051\">Fransk \/ Art Nouveau \/ jugendinspirerad stil<\/li>\n<li data-section-id=\"1ckwlu9\" data-start=\"1052\" data-end=\"1103\">Passar bokhylla, skrivbord, sideboard eller hylla<\/li>\n<li data-section-id=\"gsn4t4\" data-start=\"1104\" data-end=\"1138\">B\u00e5de dekorativa och funktionella<\/li>\n<li data-section-id=\"199yu0s\" data-start=\"1139\" data-end=\"1162\"><strong data-start=\"1141\" data-end=\"1162\">K\u00f6pta i Frankrike<\/strong><\/li>\n<\/ul>\n<p data-start=\"1164\" data-end=\"1274\"><strong data-start=\"1164\" data-end=\"1174\">Skick:<\/strong><br data-start=\"1174\" data-end=\"1177\" \/>Fint bruksskick med vacker patina och \u00e5ldersrelaterade sp\u00e5r som bidrar till den charmiga k\u00e4nslan.<\/p>\n","protected":false},"featured_media":1013,"template":"","meta":{"wds_primary_product_brand":0,"wds_primary_product_cat":0},"product_brand":[],"product_cat":[24,15],"product_tag":[],"class_list":{"0":"post-1010","1":"product","2":"type-product","3":"status-publish","4":"has-post-thumbnail","6":"product_cat-antikviteter","7":"product_cat-uncategorized","8":"product_shipping_class-endast-hamtning","10":"first","11":"instock","12":"taxable","13":"shipping-taxable","14":"purchasable","15":"product-type-simple"},"_links":{"self":[{"href":"https:\/\/vonotterskarummet.se\/index.php?rest_route=\/wp\/v2\/product\/1010","targetHints":{"allow":["GET"]}}],"collection":[{"href":"https:\/\/vonotterskarummet.se\/index.php?rest_route=\/wp\/v2\/product"}],"about":[{"href":"https:\/\/vonotterskarummet.se\/index.php?rest_route=\/wp\/v2\/types\/product"}],"wp:featuredmedia":[{"embeddable":true,"href":"https:\/\/vonotterskarummet.se\/index.php?rest_route=\/wp\/v2\/media\/1013"}],"wp:attachment":[{"href":"https:\/\/vonotterskarummet.se\/index.php?rest_route=%2Fwp%2Fv2%2Fmedia&parent=1010"}],"wp:term":[{"taxonomy":"product_brand","embeddable":true,"href":"https:\/\/vonotterskarummet.se\/index.php?rest_route=%2Fwp%2Fv2%2Fproduct_brand&post=1010"},{"taxonomy":"product_cat","embeddable":true,"href":"https:\/\/vonotterskarummet.se\/index.php?rest_route=%2Fwp%2Fv2%2Fproduct_cat&post=1010"},{"taxonomy":"product_tag","embeddable":true,"href":"https:\/\/vonotterskarummet.se\/index.php?rest_route=%2Fwp%2Fv2%2Fproduct_tag&post=1010"}],"curies":[{"name":"wp","href":"https:\/\/api.w.org\/{rel}","templated":true}]}}