{"id":1018,"date":"2026-03-26T18:13:47","date_gmt":"2026-03-26T17:13:47","guid":{"rendered":"https:\/\/vonotterskarummet.se\/?post_type=product&#038;p=1018"},"modified":"2026-03-26T18:22:39","modified_gmt":"2026-03-26T17:22:39","slug":"dekorativ-spegel-i-gustaviansk-fransk-stil","status":"publish","type":"product","link":"https:\/\/vonotterskarummet.se\/?product=dekorativ-spegel-i-gustaviansk-fransk-stil","title":{"rendered":"Dekorativ spegel i gustaviansk\/fransk stil"},"content":{"rendered":"","protected":false},"excerpt":{"rendered":"<p data-start=\"273\" data-end=\"485\">Vacker och dekorativ <strong data-start=\"294\" data-end=\"334\">v\u00e4ggspegel i gustaviansk\/fransk stil<\/strong> med elegant <strong data-start=\"347\" data-end=\"371\">ornamenterad \u00f6verdel<\/strong>. Spegeln har en mjuk <strong data-start=\"393\" data-end=\"435\">gr\u00e5beige ton med antikbehandlad finish<\/strong>, vilket ger den ett charmigt och tidl\u00f6st uttryck.<\/p>\n<p data-start=\"487\" data-end=\"691\">Den vackra dekoren upptill med <strong data-start=\"518\" data-end=\"564\">rosett, blomsterfestonger och bladornament<\/strong> ger spegeln en klassisk och romantisk k\u00e4nsla \u2013 perfekt f\u00f6r dig som gillar <strong data-start=\"639\" data-end=\"690\">fransk lantstil, gustavianskt eller shabby chic<\/strong>.<\/p>\n<p data-start=\"693\" data-end=\"831\">En mycket dekorativ spegel som passar lika fint i <strong data-start=\"743\" data-end=\"784\">hall, sovrum, vardagsrum eller badrum<\/strong>, och som blir ett vackert blickf\u00e5ng p\u00e5 v\u00e4ggen.<\/p>\n<p data-start=\"833\" data-end=\"846\"><strong data-start=\"833\" data-end=\"846\">Detaljer:<\/strong><\/p>\n<ul data-start=\"847\" data-end=\"1052\">\n<li data-section-id=\"x1ir5b\" data-start=\"847\" data-end=\"873\">Dekorativ <strong data-start=\"859\" data-end=\"873\">v\u00e4ggspegel<\/strong><\/li>\n<li data-section-id=\"1ke5xa2\" data-start=\"874\" data-end=\"901\">Gustaviansk \/ fransk stil<\/li>\n<li data-section-id=\"vg6nd4\" data-start=\"902\" data-end=\"935\">Vacker <strong data-start=\"911\" data-end=\"935\">ornamenterad \u00f6verdel<\/strong><\/li>\n<li data-section-id=\"1k174si\" data-start=\"936\" data-end=\"973\">F\u00e4rg: <strong data-start=\"944\" data-end=\"973\">gr\u00e5beige \/ antikbehandlad<\/strong><\/li>\n<li data-section-id=\"i36tz2\" data-start=\"974\" data-end=\"1005\">Klassisk och romantisk k\u00e4nsla<\/li>\n<li data-section-id=\"oz3oua\" data-start=\"1006\" data-end=\"1052\">Passar hall, sovrum, vardagsrum eller badrum<\/li>\n<\/ul>\n<p data-start=\"1054\" data-end=\"1234\"><strong data-start=\"1054\" data-end=\"1064\">Skick:<\/strong><br data-start=\"1064\" data-end=\"1067\" \/>Fint bruksskick med dekorativ patina och medvetet antik finish. Det finns <strong data-start=\"1141\" data-end=\"1173\">ett litet nagg\/skav i kanten<\/strong> (se bild), vilket \u00e4r diskret och inte st\u00f6r helhetsintrycket.<\/p>\n","protected":false},"featured_media":1019,"template":"","meta":{"wds_primary_product_brand":0,"wds_primary_product_cat":0},"product_brand":[],"product_cat":[15,34,25],"product_tag":[],"class_list":{"0":"post-1018","1":"product","2":"type-product","3":"status-publish","4":"has-post-thumbnail","6":"product_cat-uncategorized","7":"product_cat-mobler","8":"product_cat-nyheter","9":"product_shipping_class-endast-hamtning","11":"first","12":"instock","13":"taxable","14":"shipping-taxable","15":"purchasable","16":"product-type-simple"},"_links":{"self":[{"href":"https:\/\/vonotterskarummet.se\/index.php?rest_route=\/wp\/v2\/product\/1018","targetHints":{"allow":["GET"]}}],"collection":[{"href":"https:\/\/vonotterskarummet.se\/index.php?rest_route=\/wp\/v2\/product"}],"about":[{"href":"https:\/\/vonotterskarummet.se\/index.php?rest_route=\/wp\/v2\/types\/product"}],"wp:featuredmedia":[{"embeddable":true,"href":"https:\/\/vonotterskarummet.se\/index.php?rest_route=\/wp\/v2\/media\/1019"}],"wp:attachment":[{"href":"https:\/\/vonotterskarummet.se\/index.php?rest_route=%2Fwp%2Fv2%2Fmedia&parent=1018"}],"wp:term":[{"taxonomy":"product_brand","embeddable":true,"href":"https:\/\/vonotterskarummet.se\/index.php?rest_route=%2Fwp%2Fv2%2Fproduct_brand&post=1018"},{"taxonomy":"product_cat","embeddable":true,"href":"https:\/\/vonotterskarummet.se\/index.php?rest_route=%2Fwp%2Fv2%2Fproduct_cat&post=1018"},{"taxonomy":"product_tag","embeddable":true,"href":"https:\/\/vonotterskarummet.se\/index.php?rest_route=%2Fwp%2Fv2%2Fproduct_tag&post=1018"}],"curies":[{"name":"wp","href":"https:\/\/api.w.org\/{rel}","templated":true}]}}