{"id":1023,"date":"2026-03-26T18:20:50","date_gmt":"2026-03-26T17:20:50","guid":{"rendered":"https:\/\/vonotterskarummet.se\/?post_type=product&#038;p=1023"},"modified":"2026-03-26T18:20:50","modified_gmt":"2026-03-26T17:20:50","slug":"fransk-dekorativ-spegel-i-svart-guld-antik-stil-med-ornament","status":"publish","type":"product","link":"https:\/\/vonotterskarummet.se\/?product=fransk-dekorativ-spegel-i-svart-guld-antik-stil-med-ornament","title":{"rendered":"Fransk dekorativ spegel i svart &#038; guld \u2013 antik stil med ornament"},"content":{"rendered":"","protected":false},"excerpt":{"rendered":"<p data-start=\"237\" data-end=\"575\">Vacker och mycket dekorativ <strong data-start=\"265\" data-end=\"296\">v\u00e4ggspegel i svart och guld<\/strong>, <strong data-start=\"298\" data-end=\"318\">k\u00f6pt i Frankrike<\/strong>, med rikt <strong data-start=\"329\" data-end=\"353\">ornamenterad \u00f6verdel<\/strong> och elegant klassisk form. Spegeln har ett uttrycksfullt och exklusivt utseende med <strong data-start=\"438\" data-end=\"495\">svart ram, gulddetaljer och dekorativ kr\u00f6nformad topp<\/strong>, vilket ger en tydlig k\u00e4nsla av <strong data-start=\"528\" data-end=\"574\">fransk antik stil \/ barockinspirerad dekor<\/strong>.<\/p>\n<p data-start=\"577\" data-end=\"776\">Den m\u00f6rka f\u00e4rgs\u00e4ttningen tillsammans med de gyllene detaljerna g\u00f6r spegeln till ett riktigt <strong data-start=\"669\" data-end=\"682\">blickf\u00e5ng<\/strong>, perfekt f\u00f6r dig som vill skapa en mer <strong data-start=\"722\" data-end=\"766\">sofistikerad, dramatisk och lyxig k\u00e4nsla<\/strong> i hemmet.<\/p>\n<p data-start=\"778\" data-end=\"870\">Passar lika fint i <strong data-start=\"797\" data-end=\"869\">hall, vardagsrum, sovrum, dressing room eller ovanf\u00f6r en byr\u00e5\/konsol<\/strong>.<\/p>\n<p data-start=\"872\" data-end=\"885\"><strong data-start=\"872\" data-end=\"885\">Detaljer:<\/strong><\/p>\n<ul data-start=\"886\" data-end=\"1114\">\n<li data-section-id=\"x1ir5b\" data-start=\"886\" data-end=\"912\">Dekorativ <strong data-start=\"898\" data-end=\"912\">v\u00e4ggspegel<\/strong><\/li>\n<li data-section-id=\"1nayf1\" data-start=\"913\" data-end=\"935\"><strong data-start=\"915\" data-end=\"935\">K\u00f6pt i Frankrike<\/strong><\/li>\n<li data-section-id=\"17tsegk\" data-start=\"936\" data-end=\"970\">F\u00e4rg: <strong data-start=\"944\" data-end=\"970\">svart med gulddetaljer<\/strong><\/li>\n<li data-section-id=\"1su0qs\" data-start=\"971\" data-end=\"1009\">Fransk antik \/ barockinspirerad stil<\/li>\n<li data-section-id=\"iab4vw\" data-start=\"1010\" data-end=\"1044\">Vackert <strong data-start=\"1020\" data-end=\"1044\">ornamenterad \u00f6verdel<\/strong><\/li>\n<li data-section-id=\"1iqo7wi\" data-start=\"1045\" data-end=\"1075\">Elegant och dekorativ modell<\/li>\n<li data-section-id=\"muvk94\" data-start=\"1076\" data-end=\"1114\">Perfekt som statement piece i hemmet<\/li>\n<\/ul>\n<p data-start=\"1116\" data-end=\"1356\"><strong data-start=\"1116\" data-end=\"1126\">Skick:<\/strong><br data-start=\"1126\" data-end=\"1129\" \/>Spegeln har <strong data-start=\"1141\" data-end=\"1203\">visst slitage och n\u00e5gra skador\/nagg i ornamenten och ramen<\/strong> (se bilder). S\u00e4ljs d\u00e4rf\u00f6r i <strong data-start=\"1232\" data-end=\"1252\">befintligt skick<\/strong>. Trots detta \u00e4r helhetsintrycket fortfarande mycket dekorativt och spegeln har stor charm och karakt\u00e4r.<\/p>\n","protected":false},"featured_media":1024,"template":"","meta":{"wds_primary_product_brand":0,"wds_primary_product_cat":0},"product_brand":[],"product_cat":[24,34,25],"product_tag":[],"class_list":{"0":"post-1023","1":"product","2":"type-product","3":"status-publish","4":"has-post-thumbnail","6":"product_cat-antikviteter","7":"product_cat-mobler","8":"product_cat-nyheter","9":"product_shipping_class-endast-hamtning","11":"first","12":"instock","13":"taxable","14":"shipping-taxable","15":"purchasable","16":"product-type-simple"},"_links":{"self":[{"href":"https:\/\/vonotterskarummet.se\/index.php?rest_route=\/wp\/v2\/product\/1023","targetHints":{"allow":["GET"]}}],"collection":[{"href":"https:\/\/vonotterskarummet.se\/index.php?rest_route=\/wp\/v2\/product"}],"about":[{"href":"https:\/\/vonotterskarummet.se\/index.php?rest_route=\/wp\/v2\/types\/product"}],"wp:featuredmedia":[{"embeddable":true,"href":"https:\/\/vonotterskarummet.se\/index.php?rest_route=\/wp\/v2\/media\/1024"}],"wp:attachment":[{"href":"https:\/\/vonotterskarummet.se\/index.php?rest_route=%2Fwp%2Fv2%2Fmedia&parent=1023"}],"wp:term":[{"taxonomy":"product_brand","embeddable":true,"href":"https:\/\/vonotterskarummet.se\/index.php?rest_route=%2Fwp%2Fv2%2Fproduct_brand&post=1023"},{"taxonomy":"product_cat","embeddable":true,"href":"https:\/\/vonotterskarummet.se\/index.php?rest_route=%2Fwp%2Fv2%2Fproduct_cat&post=1023"},{"taxonomy":"product_tag","embeddable":true,"href":"https:\/\/vonotterskarummet.se\/index.php?rest_route=%2Fwp%2Fv2%2Fproduct_tag&post=1023"}],"curies":[{"name":"wp","href":"https:\/\/api.w.org\/{rel}","templated":true}]}}