{"id":1028,"date":"2026-03-26T21:12:41","date_gmt":"2026-03-26T20:12:41","guid":{"rendered":"https:\/\/vonotterskarummet.se\/?post_type=product&#038;p=1028"},"modified":"2026-04-08T13:21:07","modified_gmt":"2026-04-08T11:21:07","slug":"dekorativ-metallkorg-i-antik-finish-stor-eller-liten","status":"publish","type":"product","link":"https:\/\/vonotterskarummet.se\/?product=dekorativ-metallkorg-i-antik-finish-stor-eller-liten","title":{"rendered":"Dekorativ Metallkorg i Antik Finish \u2013 Stor eller Liten"},"content":{"rendered":"","protected":false},"excerpt":{"rendered":"<p data-start=\"469\" data-end=\"703\">Elegant och dekorativ <strong data-start=\"491\" data-end=\"520\">metallkorg i antik finish<\/strong> med vacker vintagek\u00e4nsla. Korgen s\u00e4ljs <strong data-start=\"560\" data-end=\"572\">styckvis<\/strong> och finns i <strong data-start=\"585\" data-end=\"621\">tv\u00e5 storlekar \u2013 stor eller liten<\/strong>, s\u00e5 att du enkelt kan v\u00e4lja den variant som passar ditt hem och din styling b\u00e4st.<\/p>\n<p data-start=\"705\" data-end=\"969\">Den avl\u00e5nga formen, dekorativa handtagen och den patinerade ytan ger ett exklusivt och rustikt uttryck som passar perfekt i b\u00e5de klassisk och modern inredning. Anv\u00e4nd den som en vacker inredningsdetalj eller praktisk f\u00f6rvaring i hall, badrum, k\u00f6k eller vardagsrum.<\/p>\n<p data-start=\"971\" data-end=\"1065\">Perfekt f\u00f6r exempelvis blommor, ljus, handdukar, servetter eller andra dekorativa arrangemang.<\/p>\n<h3 data-section-id=\"4lt93n\" data-start=\"1067\" data-end=\"1094\"><span role=\"text\"><strong data-start=\"1071\" data-end=\"1094\">Produktinformation:<\/strong><\/span><\/h3>\n<ul data-start=\"1095\" data-end=\"1293\">\n<li data-section-id=\"2oey4w\" data-start=\"1095\" data-end=\"1115\">S\u00e4ljs <strong data-start=\"1103\" data-end=\"1115\">styckvis<\/strong><\/li>\n<li data-section-id=\"prp29l\" data-start=\"1116\" data-end=\"1161\">Finns i <strong data-start=\"1126\" data-end=\"1161\">tv\u00e5 storlekar: stor eller liten<\/strong><\/li>\n<li data-section-id=\"s8ho10\" data-start=\"1162\" data-end=\"1180\">Material: metall<\/li>\n<li data-section-id=\"7st9jg\" data-start=\"1181\" data-end=\"1214\">F\u00e4rg\/finish: antik vintage-look<\/li>\n<li data-section-id=\"a3oji4\" data-start=\"1215\" data-end=\"1246\">Dekorativa handtag p\u00e5 sidorna<\/li>\n<li data-section-id=\"hc17sk\" data-start=\"1247\" data-end=\"1293\">Passar som b\u00e5de <strong data-start=\"1265\" data-end=\"1293\">f\u00f6rvaring och dekoration<\/strong><\/li>\n<\/ul>\n<h3 data-section-id=\"hxyrrs\" data-start=\"1295\" data-end=\"1323\"><span role=\"text\"><strong data-start=\"1299\" data-end=\"1323\">Passar perfekt till:<\/strong><\/span><\/h3>\n<ul data-start=\"1324\" data-end=\"1458\">\n<li data-section-id=\"nqr5rx\" data-start=\"1324\" data-end=\"1345\">Blomsterarrangemang<\/li>\n<li data-section-id=\"1xipn4f\" data-start=\"1346\" data-end=\"1376\">F\u00f6rvaring i badrum eller k\u00f6k<\/li>\n<li data-section-id=\"1e2ycj2\" data-start=\"1377\" data-end=\"1412\">Ljus, textilier eller sm\u00e5detaljer<\/li>\n<li data-section-id=\"n32tn\" data-start=\"1413\" data-end=\"1458\">Dekorativ styling p\u00e5 bord, byr\u00e5 eller hylla<\/li>\n<\/ul>\n","protected":false},"featured_media":1015,"template":"","meta":{"wds_primary_product_brand":0,"wds_primary_product_cat":0},"product_brand":[],"product_cat":[15,25],"product_tag":[],"class_list":{"0":"post-1028","1":"product","2":"type-product","3":"status-publish","4":"has-post-thumbnail","6":"product_cat-uncategorized","7":"product_cat-nyheter","8":"product_shipping_class-storre-paket","10":"first","11":"instock","12":"taxable","13":"shipping-taxable","14":"purchasable","15":"product-type-variable"},"_links":{"self":[{"href":"https:\/\/vonotterskarummet.se\/index.php?rest_route=\/wp\/v2\/product\/1028","targetHints":{"allow":["GET"]}}],"collection":[{"href":"https:\/\/vonotterskarummet.se\/index.php?rest_route=\/wp\/v2\/product"}],"about":[{"href":"https:\/\/vonotterskarummet.se\/index.php?rest_route=\/wp\/v2\/types\/product"}],"wp:featuredmedia":[{"embeddable":true,"href":"https:\/\/vonotterskarummet.se\/index.php?rest_route=\/wp\/v2\/media\/1015"}],"wp:attachment":[{"href":"https:\/\/vonotterskarummet.se\/index.php?rest_route=%2Fwp%2Fv2%2Fmedia&parent=1028"}],"wp:term":[{"taxonomy":"product_brand","embeddable":true,"href":"https:\/\/vonotterskarummet.se\/index.php?rest_route=%2Fwp%2Fv2%2Fproduct_brand&post=1028"},{"taxonomy":"product_cat","embeddable":true,"href":"https:\/\/vonotterskarummet.se\/index.php?rest_route=%2Fwp%2Fv2%2Fproduct_cat&post=1028"},{"taxonomy":"product_tag","embeddable":true,"href":"https:\/\/vonotterskarummet.se\/index.php?rest_route=%2Fwp%2Fv2%2Fproduct_tag&post=1028"}],"curies":[{"name":"wp","href":"https:\/\/api.w.org\/{rel}","templated":true}]}}