{"id":1036,"date":"2026-03-26T21:25:28","date_gmt":"2026-03-26T20:25:28","guid":{"rendered":"https:\/\/vonotterskarummet.se\/?post_type=product&#038;p=1036"},"modified":"2026-04-08T13:21:07","modified_gmt":"2026-04-08T11:21:07","slug":"doftljus-i-marmor-beige-eller-gron","status":"publish","type":"product","link":"https:\/\/vonotterskarummet.se\/?product=doftljus-i-marmor-beige-eller-gron","title":{"rendered":"Doftljus i Marmor\u2013 Beige eller Gr\u00f6n"},"content":{"rendered":"","protected":false},"excerpt":{"rendered":"<p data-start=\"473\" data-end=\"724\">Elegant och exklusivt <strong data-start=\"495\" data-end=\"516\">doftljus i marmor<\/strong> som blir en vacker och tidl\u00f6s detalj i hemmet. Ljuset finns i <strong data-start=\"579\" data-end=\"612\">tv\u00e5 f\u00e4rger \u2013 beige eller gr\u00f6n<\/strong>, och varje produkt har sitt eget unika m\u00f6nster och naturliga skiftningar, vilket g\u00f6r varje exemplar helt unikt.<\/p>\n<p data-start=\"726\" data-end=\"963\">Den stilrena designen ger en lyxig k\u00e4nsla och passar perfekt i vardagsrum, sovrum, badrum eller hall. N\u00e4r ljuset har brunnit ut kan du enkelt <strong data-start=\"868\" data-end=\"896\">k\u00f6pa till refill separat<\/strong>, vilket g\u00f6r att du kan forts\u00e4tta anv\u00e4nda produkten om och om igen.<\/p>\n<p data-start=\"965\" data-end=\"1056\">Perfekt som en uppskattad present eller som en elegant inredningsdetalj till ditt eget hem.<\/p>\n<h3 data-section-id=\"4lt93n\" data-start=\"1058\" data-end=\"1085\"><span role=\"text\"><strong data-start=\"1062\" data-end=\"1085\">Produktinformation:<\/strong><\/span><\/h3>\n<ul data-start=\"1086\" data-end=\"1366\">\n<li data-section-id=\"7xotnl\" data-start=\"1086\" data-end=\"1119\">Exklusivt doftljus i <strong data-start=\"1109\" data-end=\"1119\">marmor<\/strong><\/li>\n<li data-section-id=\"193eyvn\" data-start=\"1120\" data-end=\"1162\">Finns i <strong data-start=\"1130\" data-end=\"1162\">tv\u00e5 f\u00e4rger: beige eller gr\u00f6n<\/strong><\/li>\n<li data-section-id=\"rd6au6\" data-start=\"1163\" data-end=\"1210\">Varje exemplar \u00e4r <strong data-start=\"1183\" data-end=\"1210\">unikt i m\u00f6nster och ton<\/strong><\/li>\n<li data-section-id=\"1bi79rp\" data-start=\"1211\" data-end=\"1238\">Stilren och tidl\u00f6s design<\/li>\n<li data-section-id=\"1phnie9\" data-start=\"1239\" data-end=\"1274\"><strong data-start=\"1241\" data-end=\"1274\">Refill finns att k\u00f6pa separat<\/strong><\/li>\n<li data-section-id=\"1abru6m\" data-start=\"1275\" data-end=\"1308\">Kan \u00e5teranv\u00e4ndas om och om igen<\/li>\n<li data-section-id=\"mks5pd\" data-start=\"1309\" data-end=\"1366\">Passar perfekt som present eller lyxig inredningsdetalj<\/li>\n<\/ul>\n<h3 data-section-id=\"445lqi\" data-start=\"1368\" data-end=\"1389\"><span role=\"text\"><strong data-start=\"1372\" data-end=\"1389\">Bra att veta:<\/strong><\/span><\/h3>\n<p data-start=\"1390\" data-end=\"1509\">Eftersom produkten \u00e4r tillverkad i naturmaterial varierar f\u00e4rgskiftningar och marmorering, vilket g\u00f6r varje ljus unikt.<\/p>\n","protected":false},"featured_media":1041,"template":"","meta":{"wds_primary_product_brand":0,"wds_primary_product_cat":0},"product_brand":[],"product_cat":[15,25],"product_tag":[],"class_list":{"0":"post-1036","1":"product","2":"type-product","3":"status-publish","4":"has-post-thumbnail","6":"product_cat-uncategorized","7":"product_cat-nyheter","8":"product_shipping_class-storre-paket","10":"first","11":"instock","12":"taxable","13":"shipping-taxable","14":"purchasable","15":"product-type-variable"},"_links":{"self":[{"href":"https:\/\/vonotterskarummet.se\/index.php?rest_route=\/wp\/v2\/product\/1036","targetHints":{"allow":["GET"]}}],"collection":[{"href":"https:\/\/vonotterskarummet.se\/index.php?rest_route=\/wp\/v2\/product"}],"about":[{"href":"https:\/\/vonotterskarummet.se\/index.php?rest_route=\/wp\/v2\/types\/product"}],"wp:featuredmedia":[{"embeddable":true,"href":"https:\/\/vonotterskarummet.se\/index.php?rest_route=\/wp\/v2\/media\/1041"}],"wp:attachment":[{"href":"https:\/\/vonotterskarummet.se\/index.php?rest_route=%2Fwp%2Fv2%2Fmedia&parent=1036"}],"wp:term":[{"taxonomy":"product_brand","embeddable":true,"href":"https:\/\/vonotterskarummet.se\/index.php?rest_route=%2Fwp%2Fv2%2Fproduct_brand&post=1036"},{"taxonomy":"product_cat","embeddable":true,"href":"https:\/\/vonotterskarummet.se\/index.php?rest_route=%2Fwp%2Fv2%2Fproduct_cat&post=1036"},{"taxonomy":"product_tag","embeddable":true,"href":"https:\/\/vonotterskarummet.se\/index.php?rest_route=%2Fwp%2Fv2%2Fproduct_tag&post=1036"}],"curies":[{"name":"wp","href":"https:\/\/api.w.org\/{rel}","templated":true}]}}