{"id":1045,"date":"2026-03-26T21:32:04","date_gmt":"2026-03-26T20:32:04","guid":{"rendered":"https:\/\/vonotterskarummet.se\/?post_type=product&#038;p=1045"},"modified":"2026-04-08T13:21:07","modified_gmt":"2026-04-08T11:21:07","slug":"refill-till-marmorljus-valj-doft","status":"publish","type":"product","link":"https:\/\/vonotterskarummet.se\/?product=refill-till-marmorljus-valj-doft","title":{"rendered":"Refill till Marmorljus \u2013 V\u00e4lj Doft"},"content":{"rendered":"","protected":false},"excerpt":{"rendered":"<p data-start=\"2063\" data-end=\"2272\"><strong data-start=\"2063\" data-end=\"2089\">Refill till marmorljus<\/strong> som g\u00f6r det enkelt att forts\u00e4tta anv\u00e4nda ditt ljus n\u00e4r det har brunnit ut. Ist\u00e4llet f\u00f6r att k\u00f6pa ett helt nytt ljus kan du enkelt byta ut insatsen och fylla p\u00e5 med en ny favoritdoft.<\/p>\n<p data-start=\"2274\" data-end=\"2492\">Refillen s\u00e4ljs <strong data-start=\"2289\" data-end=\"2300\">separat<\/strong> och \u00e4r perfekt f\u00f6r dig som redan har marmorljuset och vill kunna anv\u00e4nda det om och om igen. Ett smart, h\u00e5llbart och stilfullt val som g\u00f6r det enkelt att f\u00f6rnya b\u00e5de k\u00e4nsla och doft i hemmet.<\/p>\n<h3 data-section-id=\"4lt93n\" data-start=\"2494\" data-end=\"2521\"><span role=\"text\"><strong data-start=\"2498\" data-end=\"2521\">Produktinformation:<\/strong><\/span><\/h3>\n<ul data-start=\"2522\" data-end=\"2754\">\n<li data-section-id=\"g1h9u5\" data-start=\"2522\" data-end=\"2556\">Refill som passar <strong data-start=\"2542\" data-end=\"2556\">marmorljus<\/strong><\/li>\n<li data-section-id=\"15ytibu\" data-start=\"2557\" data-end=\"2576\"><strong data-start=\"2559\" data-end=\"2576\">S\u00e4ljs separat<\/strong><\/li>\n<li data-section-id=\"dkg1nj\" data-start=\"2577\" data-end=\"2618\">Enkel att byta ut n\u00e4r ljuset brunnit ut<\/li>\n<li data-section-id=\"j1c6cc\" data-start=\"2619\" data-end=\"2675\">Perfekt att k\u00f6pa till n\u00e4r du vill fylla p\u00e5 med ny doft<\/li>\n<li data-section-id=\"a0tiaz\" data-start=\"2676\" data-end=\"2731\">G\u00f6r att du kan anv\u00e4nda ditt marmorljus om och om igen<\/li>\n<li data-section-id=\"1p15rgz\" data-start=\"2732\" data-end=\"2754\">Finns i olika dofter<\/li>\n<\/ul>\n<h3 data-section-id=\"mejt3l\" data-start=\"2756\" data-end=\"2796\"><span role=\"text\"><strong data-start=\"2760\" data-end=\"2796\">Doftalternativ (utifr\u00e5n bilden):<\/strong><\/span><\/h3>\n<ul data-start=\"2797\" data-end=\"2843\">\n<li data-section-id=\"1spn489\" data-start=\"2797\" data-end=\"2828\"><strong data-start=\"2799\" data-end=\"2828\">Blood Orange &amp; Grapefruit<\/strong><\/li>\n<li data-section-id=\"1253yni\" data-start=\"2829\" data-end=\"2843\"><strong data-start=\"2831\" data-end=\"2843\">Cashmere<\/strong><\/li>\n<\/ul>\n","protected":false},"featured_media":1044,"template":"","meta":{"wds_primary_product_brand":0,"wds_primary_product_cat":0},"product_brand":[],"product_cat":[15,25],"product_tag":[],"class_list":{"0":"post-1045","1":"product","2":"type-product","3":"status-publish","4":"has-post-thumbnail","6":"product_cat-uncategorized","7":"product_cat-nyheter","8":"product_shipping_class-storre-paket","10":"first","11":"instock","12":"taxable","13":"shipping-taxable","14":"purchasable","15":"product-type-variable"},"_links":{"self":[{"href":"https:\/\/vonotterskarummet.se\/index.php?rest_route=\/wp\/v2\/product\/1045","targetHints":{"allow":["GET"]}}],"collection":[{"href":"https:\/\/vonotterskarummet.se\/index.php?rest_route=\/wp\/v2\/product"}],"about":[{"href":"https:\/\/vonotterskarummet.se\/index.php?rest_route=\/wp\/v2\/types\/product"}],"wp:featuredmedia":[{"embeddable":true,"href":"https:\/\/vonotterskarummet.se\/index.php?rest_route=\/wp\/v2\/media\/1044"}],"wp:attachment":[{"href":"https:\/\/vonotterskarummet.se\/index.php?rest_route=%2Fwp%2Fv2%2Fmedia&parent=1045"}],"wp:term":[{"taxonomy":"product_brand","embeddable":true,"href":"https:\/\/vonotterskarummet.se\/index.php?rest_route=%2Fwp%2Fv2%2Fproduct_brand&post=1045"},{"taxonomy":"product_cat","embeddable":true,"href":"https:\/\/vonotterskarummet.se\/index.php?rest_route=%2Fwp%2Fv2%2Fproduct_cat&post=1045"},{"taxonomy":"product_tag","embeddable":true,"href":"https:\/\/vonotterskarummet.se\/index.php?rest_route=%2Fwp%2Fv2%2Fproduct_tag&post=1045"}],"curies":[{"name":"wp","href":"https:\/\/api.w.org\/{rel}","templated":true}]}}