{"id":1048,"date":"2026-03-26T21:40:12","date_gmt":"2026-03-26T20:40:12","guid":{"rendered":"https:\/\/vonotterskarummet.se\/?post_type=product&#038;p=1048"},"modified":"2026-04-08T13:21:07","modified_gmt":"2026-04-08T11:21:07","slug":"doftljus-i-glas-tva-dofter","status":"publish","type":"product","link":"https:\/\/vonotterskarummet.se\/?product=doftljus-i-glas-tva-dofter","title":{"rendered":"Doftljus i Glas \u2013 Tv\u00e5 Dofter"},"content":{"rendered":"","protected":false},"excerpt":{"rendered":"<p data-start=\"419\" data-end=\"667\">St\u00e4mningsfullt och elegant <strong data-start=\"446\" data-end=\"465\">doftljus i glas<\/strong> som skapar en varm och inbjudande k\u00e4nsla i hemmet. Ljuset har en dekorativ design i tonat glas med vackra naturliga skiftningar och sm\u00e5 luftbubblor som ger varje exemplar ett unikt och levande uttryck.<\/p>\n<p data-start=\"669\" data-end=\"905\">Produkten s\u00e4ljs <strong data-start=\"685\" data-end=\"697\">styckvis<\/strong> och finns i <strong data-start=\"710\" data-end=\"730\">tv\u00e5 olika dofter<\/strong>, s\u00e5 att du enkelt kan v\u00e4lja den variant som passar dig b\u00e4st. Perfekt som en vacker inredningsdetalj i vardagsrum, sovrum, badrum eller hall \u2013 eller som en uppskattad present.<\/p>\n<p data-start=\"907\" data-end=\"1052\">Det dekorativa glaset och den mjuka formen g\u00f6r att ljuset passar lika fint ensamt som tillsammans med flera f\u00f6r en harmonisk och exklusiv k\u00e4nsla.<\/p>\n<h3 data-section-id=\"4lt93n\" data-start=\"1054\" data-end=\"1081\"><span role=\"text\"><strong data-start=\"1058\" data-end=\"1081\">Produktinformation:<\/strong><\/span><\/h3>\n<ul data-start=\"1082\" data-end=\"1305\">\n<li data-section-id=\"1y4nzk8\" data-start=\"1082\" data-end=\"1114\">Dekorativt doftljus i <strong data-start=\"1106\" data-end=\"1114\">glas<\/strong><\/li>\n<li data-section-id=\"2oey4w\" data-start=\"1115\" data-end=\"1135\">S\u00e4ljs <strong data-start=\"1123\" data-end=\"1135\">styckvis<\/strong><\/li>\n<li data-section-id=\"1c4aek4\" data-start=\"1136\" data-end=\"1166\">Finns i <strong data-start=\"1146\" data-end=\"1166\">tv\u00e5 olika dofter<\/strong><\/li>\n<li data-section-id=\"1a0ddw\" data-start=\"1167\" data-end=\"1218\">Varje exemplar har unika skiftningar och detaljer<\/li>\n<li data-section-id=\"82jir2\" data-start=\"1219\" data-end=\"1253\">Elegant och st\u00e4mningsfull design<\/li>\n<li data-section-id=\"166vqma\" data-start=\"1254\" data-end=\"1305\">Passar perfekt som present eller inredningsdetalj<\/li>\n<\/ul>\n<h3 data-section-id=\"445lqi\" data-start=\"1307\" data-end=\"1328\"><span role=\"text\"><strong data-start=\"1311\" data-end=\"1328\">Bra att veta:<\/strong><\/span><\/h3>\n<p data-start=\"1329\" data-end=\"1428\">Variationer i f\u00e4rg, glasstruktur och sm\u00e5 luftbubblor f\u00f6rekommer naturligt och g\u00f6r varje ljus unikt.<\/p>\n","protected":false},"featured_media":1051,"template":"","meta":{"wds_primary_product_brand":0,"wds_primary_product_cat":0},"product_brand":[],"product_cat":[15,25],"product_tag":[],"class_list":{"0":"post-1048","1":"product","2":"type-product","3":"status-publish","4":"has-post-thumbnail","6":"product_cat-uncategorized","7":"product_cat-nyheter","8":"product_shipping_class-storre-paket","10":"first","11":"instock","12":"taxable","13":"shipping-taxable","14":"purchasable","15":"product-type-variable"},"_links":{"self":[{"href":"https:\/\/vonotterskarummet.se\/index.php?rest_route=\/wp\/v2\/product\/1048","targetHints":{"allow":["GET"]}}],"collection":[{"href":"https:\/\/vonotterskarummet.se\/index.php?rest_route=\/wp\/v2\/product"}],"about":[{"href":"https:\/\/vonotterskarummet.se\/index.php?rest_route=\/wp\/v2\/types\/product"}],"wp:featuredmedia":[{"embeddable":true,"href":"https:\/\/vonotterskarummet.se\/index.php?rest_route=\/wp\/v2\/media\/1051"}],"wp:attachment":[{"href":"https:\/\/vonotterskarummet.se\/index.php?rest_route=%2Fwp%2Fv2%2Fmedia&parent=1048"}],"wp:term":[{"taxonomy":"product_brand","embeddable":true,"href":"https:\/\/vonotterskarummet.se\/index.php?rest_route=%2Fwp%2Fv2%2Fproduct_brand&post=1048"},{"taxonomy":"product_cat","embeddable":true,"href":"https:\/\/vonotterskarummet.se\/index.php?rest_route=%2Fwp%2Fv2%2Fproduct_cat&post=1048"},{"taxonomy":"product_tag","embeddable":true,"href":"https:\/\/vonotterskarummet.se\/index.php?rest_route=%2Fwp%2Fv2%2Fproduct_tag&post=1048"}],"curies":[{"name":"wp","href":"https:\/\/api.w.org\/{rel}","templated":true}]}}