{"id":1061,"date":"2026-03-26T21:50:04","date_gmt":"2026-03-26T20:50:04","guid":{"rendered":"https:\/\/vonotterskarummet.se\/?post_type=product&#038;p=1061"},"modified":"2026-04-08T13:21:07","modified_gmt":"2026-04-08T11:21:07","slug":"doftljus-i-strukturglas-tva-dofter","status":"publish","type":"product","link":"https:\/\/vonotterskarummet.se\/?product=doftljus-i-strukturglas-tva-dofter","title":{"rendered":"Doftljus i Strukturglas \u2013 Tv\u00e5 Dofter"},"content":{"rendered":"","protected":false},"excerpt":{"rendered":"<p data-start=\"171\" data-end=\"412\">St\u00e4mningsfullt och elegant <strong data-start=\"198\" data-end=\"222\">doftljus i konstglas<\/strong> som blir en vacker och dekorativ detalj i hemmet. Ljuset har ett unikt uttryck med levande skiftningar, struktur och konstn\u00e4rliga detaljer i glaset som ger varje exemplar sin egen karakt\u00e4r.<\/p>\n<p data-start=\"414\" data-end=\"650\">Produkten s\u00e4ljs <strong data-start=\"430\" data-end=\"442\">styckvis<\/strong> och finns i <strong data-start=\"455\" data-end=\"475\">tv\u00e5 olika dofter<\/strong>, s\u00e5 att du enkelt kan v\u00e4lja den doft som passar dig b\u00e4st. Det dekorativa glaset skapar en varm och exklusiv k\u00e4nsla och passar perfekt i vardagsrum, sovrum, badrum eller hall.<\/p>\n<p data-start=\"652\" data-end=\"739\">Ett vackert ljus som passar lika fint som inredningsdetalj som att ge bort som present.<\/p>\n<h3 data-section-id=\"4lt93n\" data-start=\"741\" data-end=\"768\"><span role=\"text\"><strong data-start=\"745\" data-end=\"768\">Produktinformation:<\/strong><\/span><\/h3>\n<ul data-start=\"769\" data-end=\"997\">\n<li data-section-id=\"1an1w1x\" data-start=\"769\" data-end=\"806\">Dekorativt doftljus i <strong data-start=\"793\" data-end=\"806\">konstglas<\/strong><\/li>\n<li data-section-id=\"2oey4w\" data-start=\"807\" data-end=\"827\">S\u00e4ljs <strong data-start=\"815\" data-end=\"827\">styckvis<\/strong><\/li>\n<li data-section-id=\"1c4aek4\" data-start=\"828\" data-end=\"858\">Finns i <strong data-start=\"838\" data-end=\"858\">tv\u00e5 olika dofter<\/strong><\/li>\n<li data-section-id=\"1a0ddw\" data-start=\"859\" data-end=\"910\">Varje exemplar har unika skiftningar och detaljer<\/li>\n<li data-section-id=\"82jir2\" data-start=\"911\" data-end=\"945\">Elegant och st\u00e4mningsfull design<\/li>\n<li data-section-id=\"166vqma\" data-start=\"946\" data-end=\"997\">Passar perfekt som present eller inredningsdetalj<\/li>\n<\/ul>\n<h3 data-section-id=\"445lqi\" data-start=\"999\" data-end=\"1020\"><span role=\"text\"><strong data-start=\"1003\" data-end=\"1020\">Bra att veta:<\/strong><\/span><\/h3>\n<p data-start=\"1021\" data-end=\"1126\">Variationer i f\u00e4rg, struktur och m\u00f6nster f\u00f6rekommer naturligt och \u00e4r en del av produktens unika karakt\u00e4r.<\/p>\n","protected":false},"featured_media":1056,"template":"","meta":{"wds_primary_product_brand":0,"wds_primary_product_cat":0},"product_brand":[],"product_cat":[15,25],"product_tag":[],"class_list":{"0":"post-1061","1":"product","2":"type-product","3":"status-publish","4":"has-post-thumbnail","6":"product_cat-uncategorized","7":"product_cat-nyheter","8":"product_shipping_class-storre-paket","10":"first","11":"instock","12":"taxable","13":"shipping-taxable","14":"purchasable","15":"product-type-variable"},"_links":{"self":[{"href":"https:\/\/vonotterskarummet.se\/index.php?rest_route=\/wp\/v2\/product\/1061","targetHints":{"allow":["GET"]}}],"collection":[{"href":"https:\/\/vonotterskarummet.se\/index.php?rest_route=\/wp\/v2\/product"}],"about":[{"href":"https:\/\/vonotterskarummet.se\/index.php?rest_route=\/wp\/v2\/types\/product"}],"wp:featuredmedia":[{"embeddable":true,"href":"https:\/\/vonotterskarummet.se\/index.php?rest_route=\/wp\/v2\/media\/1056"}],"wp:attachment":[{"href":"https:\/\/vonotterskarummet.se\/index.php?rest_route=%2Fwp%2Fv2%2Fmedia&parent=1061"}],"wp:term":[{"taxonomy":"product_brand","embeddable":true,"href":"https:\/\/vonotterskarummet.se\/index.php?rest_route=%2Fwp%2Fv2%2Fproduct_brand&post=1061"},{"taxonomy":"product_cat","embeddable":true,"href":"https:\/\/vonotterskarummet.se\/index.php?rest_route=%2Fwp%2Fv2%2Fproduct_cat&post=1061"},{"taxonomy":"product_tag","embeddable":true,"href":"https:\/\/vonotterskarummet.se\/index.php?rest_route=%2Fwp%2Fv2%2Fproduct_tag&post=1061"}],"curies":[{"name":"wp","href":"https:\/\/api.w.org\/{rel}","templated":true}]}}