{"id":1064,"date":"2026-03-27T23:47:04","date_gmt":"2026-03-27T22:47:04","guid":{"rendered":"https:\/\/vonotterskarummet.se\/?post_type=product&#038;p=1064"},"modified":"2026-03-29T19:30:06","modified_gmt":"2026-03-29T17:30:06","slug":"ljusstake-man-eller-kvinna-svart","status":"publish","type":"product","link":"https:\/\/vonotterskarummet.se\/?product=ljusstake-man-eller-kvinna-svart","title":{"rendered":"Ljusstake Man eller Kvinna \u2013 Svart"},"content":{"rendered":"","protected":false},"excerpt":{"rendered":"<p data-start=\"117\" data-end=\"381\">Elegant och dekorativ <strong data-start=\"139\" data-end=\"167\">ljusstake i svart finish<\/strong> med skulptural figur som ger ett stilfullt och uttrycksfullt intryck i hemmet. Den unika designen kombinerar klassiska former med ett modernt uttryck och blir en vacker detalj i b\u00e5de klassisk och modern inredning.<\/p>\n<p data-start=\"383\" data-end=\"635\">Ljusstaken s\u00e4ljs <strong data-start=\"400\" data-end=\"412\">styckvis<\/strong> och finns i <strong data-start=\"425\" data-end=\"461\">tv\u00e5 varianter \u2013 man eller kvinna<\/strong>, s\u00e5 att du enkelt kan v\u00e4lja den modell som passar din stil b\u00e4st. Den passar perfekt f\u00f6r kronljus och blir ett fint inslag p\u00e5 bord, byr\u00e5, hylla eller i ett vackert stilleben.<\/p>\n<p data-start=\"637\" data-end=\"808\">Den svarta finishen skapar en exklusiv och tidl\u00f6s k\u00e4nsla som g\u00f6r ljusstaken enkel att matcha med \u00f6vrig inredning, b\u00e5de ensam och tillsammans med flera dekorativa detaljer.<\/p>\n<h3 data-section-id=\"4lt93n\" data-start=\"810\" data-end=\"837\"><span role=\"text\"><strong data-start=\"814\" data-end=\"837\">Produktinformation:<\/strong><\/span><\/h3>\n<ul data-start=\"838\" data-end=\"1058\">\n<li data-section-id=\"x2gl5q\" data-start=\"838\" data-end=\"873\">Dekorativ <strong data-start=\"850\" data-end=\"873\">ljusstake med figur<\/strong><\/li>\n<li data-section-id=\"1nd3yx3\" data-start=\"874\" data-end=\"891\">F\u00e4rg: <strong data-start=\"882\" data-end=\"891\">svart<\/strong><\/li>\n<li data-section-id=\"2oey4w\" data-start=\"892\" data-end=\"912\">S\u00e4ljs <strong data-start=\"900\" data-end=\"912\">styckvis<\/strong><\/li>\n<li data-section-id=\"v3092d\" data-start=\"913\" data-end=\"958\">Finns i <strong data-start=\"923\" data-end=\"958\">tv\u00e5 varianter: man eller kvinna<\/strong><\/li>\n<li data-section-id=\"6ysitu\" data-start=\"959\" data-end=\"980\">Passar <strong data-start=\"968\" data-end=\"980\">kronljus<\/strong><\/li>\n<li data-section-id=\"1p6b075\" data-start=\"981\" data-end=\"1012\">Skulptural och elegant design<\/li>\n<li data-section-id=\"y8zg6m\" data-start=\"1013\" data-end=\"1058\">Stilfull inredningsdetalj med modern k\u00e4nsla<\/li>\n<\/ul>\n","protected":false},"featured_media":1067,"template":"","meta":{"wds_primary_product_brand":0,"wds_primary_product_cat":0},"product_brand":[40,39],"product_cat":[15,25],"product_tag":[],"class_list":{"0":"post-1064","1":"product","2":"type-product","3":"status-publish","4":"has-post-thumbnail","6":"product_brand-dekorativa-ting","7":"product_brand-nyheter","8":"product_cat-uncategorized","9":"product_cat-nyheter","10":"product_shipping_class-endast-hamtning","12":"first","13":"instock","14":"shipping-taxable","15":"purchasable","16":"product-type-simple"},"_links":{"self":[{"href":"https:\/\/vonotterskarummet.se\/index.php?rest_route=\/wp\/v2\/product\/1064","targetHints":{"allow":["GET"]}}],"collection":[{"href":"https:\/\/vonotterskarummet.se\/index.php?rest_route=\/wp\/v2\/product"}],"about":[{"href":"https:\/\/vonotterskarummet.se\/index.php?rest_route=\/wp\/v2\/types\/product"}],"wp:featuredmedia":[{"embeddable":true,"href":"https:\/\/vonotterskarummet.se\/index.php?rest_route=\/wp\/v2\/media\/1067"}],"wp:attachment":[{"href":"https:\/\/vonotterskarummet.se\/index.php?rest_route=%2Fwp%2Fv2%2Fmedia&parent=1064"}],"wp:term":[{"taxonomy":"product_brand","embeddable":true,"href":"https:\/\/vonotterskarummet.se\/index.php?rest_route=%2Fwp%2Fv2%2Fproduct_brand&post=1064"},{"taxonomy":"product_cat","embeddable":true,"href":"https:\/\/vonotterskarummet.se\/index.php?rest_route=%2Fwp%2Fv2%2Fproduct_cat&post=1064"},{"taxonomy":"product_tag","embeddable":true,"href":"https:\/\/vonotterskarummet.se\/index.php?rest_route=%2Fwp%2Fv2%2Fproduct_tag&post=1064"}],"curies":[{"name":"wp","href":"https:\/\/api.w.org\/{rel}","templated":true}]}}