{"id":1068,"date":"2026-03-28T00:07:53","date_gmt":"2026-03-27T23:07:53","guid":{"rendered":"https:\/\/vonotterskarummet.se\/?post_type=product&#038;p=1068"},"modified":"2026-04-08T13:21:06","modified_gmt":"2026-04-08T11:21:06","slug":"ljusstake-kvinna-guld","status":"publish","type":"product","link":"https:\/\/vonotterskarummet.se\/?product=ljusstake-kvinna-guld","title":{"rendered":"Ljusstake Kvinna \u2013 Guld"},"content":{"rendered":"","protected":false},"excerpt":{"rendered":"<p data-start=\"158\" data-end=\"448\">Elegant och dekorativ <strong data-start=\"180\" data-end=\"206\">ljusstake i guldfinish<\/strong> med skulptural kvinnlig figur som ger ett stilfullt och exklusivt uttryck i hemmet. Den unika designen kombinerar klassiska former med en varm och lyxig k\u00e4nsla, vilket g\u00f6r den till en vacker inredningsdetalj i b\u00e5de klassisk och modern milj\u00f6.<\/p>\n<p data-start=\"450\" data-end=\"646\">Ljusstaken s\u00e4ljs <strong data-start=\"467\" data-end=\"479\">styckvis<\/strong> och passar perfekt f\u00f6r kronljus. Den blir ett fint inslag p\u00e5 bord, byr\u00e5, hylla eller i ett vackert stilleben, d\u00e4r den tillf\u00f6r b\u00e5de h\u00f6jd och karakt\u00e4r till din styling.<\/p>\n<p data-start=\"648\" data-end=\"794\">Den gyllene finishen skapar en elegant och sofistikerad k\u00e4nsla som g\u00f6r ljusstaken lika vacker ensam som tillsammans med andra dekorativa detaljer.<\/p>\n<h3 data-section-id=\"4lt93n\" data-start=\"796\" data-end=\"823\"><span role=\"text\"><strong data-start=\"800\" data-end=\"823\">Produktinformation:<\/strong><\/span><\/h3>\n<ul data-start=\"824\" data-end=\"1008\">\n<li data-section-id=\"1f7490o\" data-start=\"824\" data-end=\"868\">Dekorativ <strong data-start=\"836\" data-end=\"868\">ljusstake med kvinnlig figur<\/strong><\/li>\n<li data-section-id=\"113bpvj\" data-start=\"869\" data-end=\"885\">F\u00e4rg: <strong data-start=\"877\" data-end=\"885\">guld<\/strong><\/li>\n<li data-section-id=\"2oey4w\" data-start=\"886\" data-end=\"906\">S\u00e4ljs <strong data-start=\"894\" data-end=\"906\">styckvis<\/strong><\/li>\n<li data-section-id=\"6ysitu\" data-start=\"907\" data-end=\"928\">Passar <strong data-start=\"916\" data-end=\"928\">kronljus<\/strong><\/li>\n<li data-section-id=\"1p6b075\" data-start=\"929\" data-end=\"960\">Skulptural och elegant design<\/li>\n<li data-section-id=\"kl3gy\" data-start=\"961\" data-end=\"1008\">Stilfull inredningsdetalj med exklusiv k\u00e4nsla<\/li>\n<\/ul>\n","protected":false},"featured_media":1079,"template":"","meta":{"wds_primary_product_brand":0,"wds_primary_product_cat":0},"product_brand":[40,39],"product_cat":[15,25],"product_tag":[],"class_list":{"0":"post-1068","1":"product","2":"type-product","3":"status-publish","4":"has-post-thumbnail","6":"product_brand-dekorativa-ting","7":"product_brand-nyheter","8":"product_cat-uncategorized","9":"product_cat-nyheter","10":"product_shipping_class-storre-paket","12":"first","13":"instock","14":"taxable","15":"shipping-taxable","16":"purchasable","17":"product-type-simple"},"_links":{"self":[{"href":"https:\/\/vonotterskarummet.se\/index.php?rest_route=\/wp\/v2\/product\/1068","targetHints":{"allow":["GET"]}}],"collection":[{"href":"https:\/\/vonotterskarummet.se\/index.php?rest_route=\/wp\/v2\/product"}],"about":[{"href":"https:\/\/vonotterskarummet.se\/index.php?rest_route=\/wp\/v2\/types\/product"}],"wp:featuredmedia":[{"embeddable":true,"href":"https:\/\/vonotterskarummet.se\/index.php?rest_route=\/wp\/v2\/media\/1079"}],"wp:attachment":[{"href":"https:\/\/vonotterskarummet.se\/index.php?rest_route=%2Fwp%2Fv2%2Fmedia&parent=1068"}],"wp:term":[{"taxonomy":"product_brand","embeddable":true,"href":"https:\/\/vonotterskarummet.se\/index.php?rest_route=%2Fwp%2Fv2%2Fproduct_brand&post=1068"},{"taxonomy":"product_cat","embeddable":true,"href":"https:\/\/vonotterskarummet.se\/index.php?rest_route=%2Fwp%2Fv2%2Fproduct_cat&post=1068"},{"taxonomy":"product_tag","embeddable":true,"href":"https:\/\/vonotterskarummet.se\/index.php?rest_route=%2Fwp%2Fv2%2Fproduct_tag&post=1068"}],"curies":[{"name":"wp","href":"https:\/\/api.w.org\/{rel}","templated":true}]}}