{"id":1090,"date":"2026-03-28T00:12:20","date_gmt":"2026-03-27T23:12:20","guid":{"rendered":"https:\/\/vonotterskarummet.se\/?post_type=product&#038;p=1090"},"modified":"2026-04-08T13:21:06","modified_gmt":"2026-04-08T11:21:06","slug":"antikt-bokstod-med-hast-frankrike","status":"publish","type":"product","link":"https:\/\/vonotterskarummet.se\/?product=antikt-bokstod-med-hast-frankrike","title":{"rendered":"Antikt Bokst\u00f6d med H\u00e4st \u2013 Frankrike"},"content":{"rendered":"","protected":false},"excerpt":{"rendered":"<p data-start=\"357\" data-end=\"641\">ackert och dekorativt <strong data-start=\"380\" data-end=\"427\">antikt bokst\u00f6d med h\u00e4stmotiv fr\u00e5n Frankrike<\/strong> med klassiskt och tidl\u00f6st uttryck. Den detaljrika h\u00e4stfiguren tillsammans med den stabila basen ger bokst\u00f6det b\u00e5de funktion och en exklusiv k\u00e4nsla, vilket g\u00f6r det till en unik inredningsdetalj med mycket karakt\u00e4r.<\/p>\n<p data-start=\"643\" data-end=\"917\">Produkten s\u00e4ljs <strong data-start=\"659\" data-end=\"671\">styckvis<\/strong> och passar perfekt f\u00f6r att h\u00e5lla b\u00f6cker p\u00e5 plats samtidigt som den blir en vacker dekorativ detalj p\u00e5 hylla, skrivbord, konsolbord eller i bokhyllan. Det klassiska uttrycket g\u00f6r att bokst\u00f6det passar lika fint i traditionell som modern inredning.<\/p>\n<p data-start=\"919\" data-end=\"1014\">En stilfull detalj f\u00f6r dig som uppskattar dekor med k\u00e4nsla, historia och ett mer unikt uttryck.<\/p>\n<h3 data-section-id=\"4lt93n\" data-start=\"1016\" data-end=\"1043\"><span role=\"text\"><strong data-start=\"1020\" data-end=\"1043\">Produktinformation:<\/strong><\/span><\/h3>\n<ul data-start=\"1044\" data-end=\"1256\">\n<li data-section-id=\"1uribw8\" data-start=\"1044\" data-end=\"1078\">Antikt <strong data-start=\"1053\" data-end=\"1078\">bokst\u00f6d med h\u00e4stmotiv<\/strong><\/li>\n<li data-section-id=\"nc2jct\" data-start=\"1079\" data-end=\"1104\">Ursprung: <strong data-start=\"1091\" data-end=\"1104\">Frankrike<\/strong><\/li>\n<li data-section-id=\"2oey4w\" data-start=\"1105\" data-end=\"1125\">S\u00e4ljs <strong data-start=\"1113\" data-end=\"1125\">styckvis<\/strong><\/li>\n<li data-section-id=\"6xlop7\" data-start=\"1126\" data-end=\"1157\">Klassisk och detaljrik design<\/li>\n<li data-section-id=\"1uivp45\" data-start=\"1158\" data-end=\"1202\">Funktionell och dekorativ inredningsdetalj<\/li>\n<li data-section-id=\"1glyvln\" data-start=\"1203\" data-end=\"1256\">Passar perfekt i bokhylla, p\u00e5 skrivbord eller hylla<\/li>\n<\/ul>\n","protected":false},"featured_media":1089,"template":"","meta":{"wds_primary_product_brand":0,"wds_primary_product_cat":0},"product_brand":[38,40,39],"product_cat":[24,15,25],"product_tag":[],"class_list":{"0":"post-1090","1":"product","2":"type-product","3":"status-publish","4":"has-post-thumbnail","6":"product_brand-antikviteter","7":"product_brand-dekorativa-ting","8":"product_brand-nyheter","9":"product_cat-antikviteter","10":"product_cat-uncategorized","11":"product_cat-nyheter","12":"product_shipping_class-storre-paket","14":"first","15":"instock","16":"taxable","17":"shipping-taxable","18":"purchasable","19":"product-type-simple"},"_links":{"self":[{"href":"https:\/\/vonotterskarummet.se\/index.php?rest_route=\/wp\/v2\/product\/1090","targetHints":{"allow":["GET"]}}],"collection":[{"href":"https:\/\/vonotterskarummet.se\/index.php?rest_route=\/wp\/v2\/product"}],"about":[{"href":"https:\/\/vonotterskarummet.se\/index.php?rest_route=\/wp\/v2\/types\/product"}],"wp:featuredmedia":[{"embeddable":true,"href":"https:\/\/vonotterskarummet.se\/index.php?rest_route=\/wp\/v2\/media\/1089"}],"wp:attachment":[{"href":"https:\/\/vonotterskarummet.se\/index.php?rest_route=%2Fwp%2Fv2%2Fmedia&parent=1090"}],"wp:term":[{"taxonomy":"product_brand","embeddable":true,"href":"https:\/\/vonotterskarummet.se\/index.php?rest_route=%2Fwp%2Fv2%2Fproduct_brand&post=1090"},{"taxonomy":"product_cat","embeddable":true,"href":"https:\/\/vonotterskarummet.se\/index.php?rest_route=%2Fwp%2Fv2%2Fproduct_cat&post=1090"},{"taxonomy":"product_tag","embeddable":true,"href":"https:\/\/vonotterskarummet.se\/index.php?rest_route=%2Fwp%2Fv2%2Fproduct_tag&post=1090"}],"curies":[{"name":"wp","href":"https:\/\/api.w.org\/{rel}","templated":true}]}}