{"id":1146,"date":"2026-04-08T14:02:08","date_gmt":"2026-04-08T12:02:08","guid":{"rendered":"https:\/\/vonotterskarummet.se\/?post_type=product&#038;p=1146"},"modified":"2026-04-08T14:02:08","modified_gmt":"2026-04-08T12:02:08","slug":"vas-med-palmotiv","status":"publish","type":"product","link":"https:\/\/vonotterskarummet.se\/?product=vas-med-palmotiv","title":{"rendered":"Vas med Palmotiv"},"content":{"rendered":"","protected":false},"excerpt":{"rendered":"<p data-start=\"36\" data-end=\"293\">Dekorativ vas med vackert palmotiv och tropiskt inspirerat m\u00f6nster som ger ett levande och elegant uttryck i hemmet. Den gener\u00f6sa formen g\u00f6r vasen perfekt f\u00f6r st\u00f6rre buketter, grenar eller som en vacker inredningsdetalj i sig sj\u00e4lv.<\/p>\n<p data-start=\"295\" data-end=\"546\">Det detaljrika motivet med palmer, gr\u00f6nska och f\u00e5glar skapar en exklusiv och dekorativ k\u00e4nsla som passar lika fint i vardagsrum, hall eller p\u00e5 ett st\u00f6rre bord. En stilfull vas som blir ett blickf\u00e5ng och tillf\u00f6r b\u00e5de f\u00e4rg och karakt\u00e4r till inredningen.<\/p>\n<p data-start=\"548\" data-end=\"749\"><strong data-start=\"548\" data-end=\"569\">Kort webshop-text<\/strong><br data-start=\"569\" data-end=\"572\" \/>Dekorativ vas med palmotiv och tropiskt inspirerat m\u00f6nster. En elegant och uttrycksfull inredningsdetalj som passar perfekt f\u00f6r st\u00f6rre buketter eller som dekorativ vas i hemmet.<\/p>\n<p data-start=\"751\" data-end=\"768\"><strong data-start=\"751\" data-end=\"766\">Varianttext<\/strong><\/p>\n<ul data-start=\"769\" data-end=\"820\">\n<li data-section-id=\"gpjkgs\" data-start=\"769\" data-end=\"781\">Palmotiv<\/li>\n<li data-section-id=\"1p3of01\" data-start=\"782\" data-end=\"802\">Tropiskt m\u00f6nster<\/li>\n<li data-section-id=\"1bvwqc1\" data-start=\"803\" data-end=\"820\">Dekorativ vas<\/li>\n<\/ul>\n","protected":false},"featured_media":1147,"template":"","meta":{"wds_primary_product_brand":0,"wds_primary_product_cat":0},"product_brand":[],"product_cat":[15,25],"product_tag":[],"class_list":{"0":"post-1146","1":"product","2":"type-product","3":"status-publish","4":"has-post-thumbnail","6":"product_cat-uncategorized","7":"product_cat-nyheter","8":"product_shipping_class-storre-paket","10":"first","11":"instock","12":"shipping-taxable","13":"purchasable","14":"product-type-simple"},"_links":{"self":[{"href":"https:\/\/vonotterskarummet.se\/index.php?rest_route=\/wp\/v2\/product\/1146","targetHints":{"allow":["GET"]}}],"collection":[{"href":"https:\/\/vonotterskarummet.se\/index.php?rest_route=\/wp\/v2\/product"}],"about":[{"href":"https:\/\/vonotterskarummet.se\/index.php?rest_route=\/wp\/v2\/types\/product"}],"wp:featuredmedia":[{"embeddable":true,"href":"https:\/\/vonotterskarummet.se\/index.php?rest_route=\/wp\/v2\/media\/1147"}],"wp:attachment":[{"href":"https:\/\/vonotterskarummet.se\/index.php?rest_route=%2Fwp%2Fv2%2Fmedia&parent=1146"}],"wp:term":[{"taxonomy":"product_brand","embeddable":true,"href":"https:\/\/vonotterskarummet.se\/index.php?rest_route=%2Fwp%2Fv2%2Fproduct_brand&post=1146"},{"taxonomy":"product_cat","embeddable":true,"href":"https:\/\/vonotterskarummet.se\/index.php?rest_route=%2Fwp%2Fv2%2Fproduct_cat&post=1146"},{"taxonomy":"product_tag","embeddable":true,"href":"https:\/\/vonotterskarummet.se\/index.php?rest_route=%2Fwp%2Fv2%2Fproduct_tag&post=1146"}],"curies":[{"name":"wp","href":"https:\/\/api.w.org\/{rel}","templated":true}]}}