{"id":1166,"date":"2026-04-08T14:14:47","date_gmt":"2026-04-08T12:14:47","guid":{"rendered":"https:\/\/vonotterskarummet.se\/?post_type=product&#038;p=1166"},"modified":"2026-04-08T14:21:29","modified_gmt":"2026-04-08T12:21:29","slug":"sidobord-gron-metall-olika-storlekar","status":"publish","type":"product","link":"https:\/\/vonotterskarummet.se\/?product=sidobord-gron-metall-olika-storlekar","title":{"rendered":"Sidobord Gr\u00f6n Metall \u2013 Olika Storlekar"},"content":{"rendered":"","protected":false},"excerpt":{"rendered":"<p data-start=\"58\" data-end=\"365\">stilfullt <strong data-start=\"108\" data-end=\"134\">sidobord i gr\u00f6n metall<\/strong> med vackert m\u00f6nstrad bordsskiva och detaljrik underdel som ger ett elegant och klassiskt uttryck. Borden finns i <strong data-start=\"248\" data-end=\"267\">olika storlekar<\/strong> och passar lika fint att anv\u00e4nda var f\u00f6r sig som tillsammans f\u00f6r en levande och dekorativ helhet.<\/p>\n<p data-start=\"367\" data-end=\"668\">Varje bord <strong data-start=\"378\" data-end=\"394\">k\u00f6ps separat<\/strong>, vilket g\u00f6r det enkelt att v\u00e4lja den storlek som passar b\u00e4st f\u00f6r ditt hem eller kombinera flera olika storlekar f\u00f6r en personlig och flexibel inredning. De passar perfekt som sidobord, avlastningsbord eller dekorativa bord i vardagsrum, uterum, p\u00e5 terrass eller i tr\u00e4dg\u00e5rd.<\/p>\n<p data-start=\"670\" data-end=\"817\">Tack vare sin dekorativa design passar de lika fint <strong data-start=\"722\" data-end=\"743\">b\u00e5de ute och inne<\/strong> och blir en vacker inredningsdetalj i b\u00e5de klassiska och moderna milj\u00f6er.<\/p>\n<p data-start=\"819\" data-end=\"987\"><strong data-start=\"819\" data-end=\"840\">Kort webshop-text<\/strong><br data-start=\"840\" data-end=\"843\" \/>Dekorativt sidobord i gr\u00f6n metall med vackert m\u00f6nstrad bordsskiva. Finns i olika storlekar, k\u00f6ps separat och passar lika fint b\u00e5de ute och inne.<\/p>\n","protected":false},"featured_media":1173,"template":"","meta":{"wds_primary_product_brand":0,"wds_primary_product_cat":0},"product_brand":[],"product_cat":[15,34,25],"product_tag":[],"class_list":{"0":"post-1166","1":"product","2":"type-product","3":"status-publish","4":"has-post-thumbnail","6":"product_cat-uncategorized","7":"product_cat-mobler","8":"product_cat-nyheter","9":"product_shipping_class-endast-hamtning","11":"first","12":"instock","13":"taxable","14":"shipping-taxable","15":"purchasable","16":"product-type-variable"},"_links":{"self":[{"href":"https:\/\/vonotterskarummet.se\/index.php?rest_route=\/wp\/v2\/product\/1166","targetHints":{"allow":["GET"]}}],"collection":[{"href":"https:\/\/vonotterskarummet.se\/index.php?rest_route=\/wp\/v2\/product"}],"about":[{"href":"https:\/\/vonotterskarummet.se\/index.php?rest_route=\/wp\/v2\/types\/product"}],"wp:featuredmedia":[{"embeddable":true,"href":"https:\/\/vonotterskarummet.se\/index.php?rest_route=\/wp\/v2\/media\/1173"}],"wp:attachment":[{"href":"https:\/\/vonotterskarummet.se\/index.php?rest_route=%2Fwp%2Fv2%2Fmedia&parent=1166"}],"wp:term":[{"taxonomy":"product_brand","embeddable":true,"href":"https:\/\/vonotterskarummet.se\/index.php?rest_route=%2Fwp%2Fv2%2Fproduct_brand&post=1166"},{"taxonomy":"product_cat","embeddable":true,"href":"https:\/\/vonotterskarummet.se\/index.php?rest_route=%2Fwp%2Fv2%2Fproduct_cat&post=1166"},{"taxonomy":"product_tag","embeddable":true,"href":"https:\/\/vonotterskarummet.se\/index.php?rest_route=%2Fwp%2Fv2%2Fproduct_tag&post=1166"}],"curies":[{"name":"wp","href":"https:\/\/api.w.org\/{rel}","templated":true}]}}