{"id":1175,"date":"2026-04-08T14:20:02","date_gmt":"2026-04-08T12:20:02","guid":{"rendered":"https:\/\/vonotterskarummet.se\/?post_type=product&#038;p=1175"},"modified":"2026-04-08T14:20:02","modified_gmt":"2026-04-08T12:20:02","slug":"vaxthus-i-gron-metall-liten-stor","status":"publish","type":"product","link":"https:\/\/vonotterskarummet.se\/?product=vaxthus-i-gron-metall-liten-stor","title":{"rendered":"V\u00e4xthus i Gr\u00f6n Metall \u2013 Liten &#038; Stor"},"content":{"rendered":"","protected":false},"excerpt":{"rendered":"<p data-start=\"56\" data-end=\"410\"><strong data-start=\"92\" data-end=\"117\">v\u00e4xthus i gr\u00f6n metall<\/strong> med vacker och detaljrik design som ger ett elegant och romantiskt uttryck b\u00e5de ute och inne. Den \u00f6ppna konstruktionen med dekorativa metall detaljer g\u00f6r det till en vacker inredningsdetalj som passar perfekt f\u00f6r v\u00e4xter, dekorationer eller som ett st\u00e4mningsfullt blickf\u00e5ng i hem och tr\u00e4dg\u00e5rd.<\/p>\n<p data-start=\"412\" data-end=\"594\">Finns i <strong data-start=\"420\" data-end=\"460\">tv\u00e5 olika storlekar \u2013 liten och stor<\/strong>. Varje storlek <strong data-start=\"476\" data-end=\"493\">s\u00e4ljs separat<\/strong>, vilket g\u00f6r det enkelt att v\u00e4lja den variant som passar b\u00e4st eller kombinera b\u00e5da f\u00f6r en fin helhet.<\/p>\n<p data-start=\"596\" data-end=\"679\">Passar lika fint i uterum, p\u00e5 altan, i tr\u00e4dg\u00e5rd eller som dekorativ detalj inomhus.<\/p>\n<p data-start=\"681\" data-end=\"877\"><strong data-start=\"681\" data-end=\"702\">Kort webshop-text<\/strong><br data-start=\"702\" data-end=\"705\" \/>Dekorativt v\u00e4xthus i gr\u00f6n metall med detaljrik design. Finns i tv\u00e5 storlekar, liten och stor, och varje storlek s\u00e4ljs separat. En vacker detalj f\u00f6r b\u00e5de ute- och innemilj\u00f6.<\/p>\n<p data-start=\"879\" data-end=\"896\"><strong data-start=\"879\" data-end=\"894\">Varianttext<\/strong><\/p>\n<ul data-start=\"897\" data-end=\"957\">\n<li data-section-id=\"18dj9fd\" data-start=\"897\" data-end=\"923\">Finns i liten och stor<\/li>\n<li data-section-id=\"18vo4ju\" data-start=\"924\" data-end=\"941\">S\u00e4ljs separat<\/li>\n<li data-section-id=\"laf8bc\" data-start=\"942\" data-end=\"957\">Gr\u00f6n metall<\/li>\n<\/ul>\n","protected":false},"featured_media":1178,"template":"","meta":{"wds_primary_product_brand":0,"wds_primary_product_cat":0},"product_brand":[],"product_cat":[15,34,25],"product_tag":[],"class_list":{"0":"post-1175","1":"product","2":"type-product","3":"status-publish","4":"has-post-thumbnail","6":"product_cat-uncategorized","7":"product_cat-mobler","8":"product_cat-nyheter","9":"product_shipping_class-endast-hamtning","11":"first","12":"instock","13":"taxable","14":"shipping-taxable","15":"purchasable","16":"product-type-variable"},"_links":{"self":[{"href":"https:\/\/vonotterskarummet.se\/index.php?rest_route=\/wp\/v2\/product\/1175","targetHints":{"allow":["GET"]}}],"collection":[{"href":"https:\/\/vonotterskarummet.se\/index.php?rest_route=\/wp\/v2\/product"}],"about":[{"href":"https:\/\/vonotterskarummet.se\/index.php?rest_route=\/wp\/v2\/types\/product"}],"wp:featuredmedia":[{"embeddable":true,"href":"https:\/\/vonotterskarummet.se\/index.php?rest_route=\/wp\/v2\/media\/1178"}],"wp:attachment":[{"href":"https:\/\/vonotterskarummet.se\/index.php?rest_route=%2Fwp%2Fv2%2Fmedia&parent=1175"}],"wp:term":[{"taxonomy":"product_brand","embeddable":true,"href":"https:\/\/vonotterskarummet.se\/index.php?rest_route=%2Fwp%2Fv2%2Fproduct_brand&post=1175"},{"taxonomy":"product_cat","embeddable":true,"href":"https:\/\/vonotterskarummet.se\/index.php?rest_route=%2Fwp%2Fv2%2Fproduct_cat&post=1175"},{"taxonomy":"product_tag","embeddable":true,"href":"https:\/\/vonotterskarummet.se\/index.php?rest_route=%2Fwp%2Fv2%2Fproduct_tag&post=1175"}],"curies":[{"name":"wp","href":"https:\/\/api.w.org\/{rel}","templated":true}]}}