{"id":1183,"date":"2026-04-08T14:24:05","date_gmt":"2026-04-08T12:24:05","guid":{"rendered":"https:\/\/vonotterskarummet.se\/?post_type=product&#038;p=1183"},"modified":"2026-04-09T16:47:13","modified_gmt":"2026-04-09T14:47:13","slug":"lampskarm-med-blommonster-fransar","status":"publish","type":"product","link":"https:\/\/vonotterskarummet.se\/?product=lampskarm-med-blommonster-fransar","title":{"rendered":"Lampsk\u00e4rm med Blomm\u00f6nster &#038; Fransar"},"content":{"rendered":"","protected":false},"excerpt":{"rendered":"<p data-start=\"55\" data-end=\"315\">Vacker och dekorativ <strong data-start=\"101\" data-end=\"130\">lampsk\u00e4rm med blomm\u00f6nster<\/strong> i romantisk och klassisk stil. Den detaljrika textilen med mjuka toner av beige, rosa, gr\u00f6nt och brunt tillsammans med dekorativa <strong data-start=\"261\" data-end=\"280\">fransar nertill<\/strong> ger ett varmt och ombonat uttryck.<\/p>\n<p data-start=\"317\" data-end=\"534\">En charmig inredningsdetalj som passar perfekt f\u00f6r dig som vill skapa en <strong data-start=\"390\" data-end=\"444\">vintageinspirerad, romantisk eller klassisk k\u00e4nsla<\/strong> i hemmet. Lampsk\u00e4rmen blir ett fint blickf\u00e5ng p\u00e5 lampfot i vardagsrum, sovrum eller hall.<\/p>\n<p data-start=\"536\" data-end=\"707\">Den v\u00e4vda strukturen och det blomstrande m\u00f6nstret ger sk\u00e4rmen en exklusiv och tidl\u00f6s karakt\u00e4r som passar lika fint i \u00e4ldre milj\u00f6er som i mer personliga och eklektiska hem.<\/p>\n<p data-start=\"709\" data-end=\"878\"><strong data-start=\"709\" data-end=\"730\">Kort webshop-text<\/strong><\/p>\n","protected":false},"featured_media":1186,"template":"","meta":{"wds_primary_product_brand":0,"wds_primary_product_cat":0},"product_brand":[],"product_cat":[15,34,25],"product_tag":[],"class_list":{"0":"post-1183","1":"product","2":"type-product","3":"status-publish","4":"has-post-thumbnail","6":"product_cat-uncategorized","7":"product_cat-mobler","8":"product_cat-nyheter","9":"product_shipping_class-storre-paket","11":"first","12":"instock","13":"taxable","14":"shipping-taxable","15":"purchasable","16":"product-type-simple"},"_links":{"self":[{"href":"https:\/\/vonotterskarummet.se\/index.php?rest_route=\/wp\/v2\/product\/1183","targetHints":{"allow":["GET"]}}],"collection":[{"href":"https:\/\/vonotterskarummet.se\/index.php?rest_route=\/wp\/v2\/product"}],"about":[{"href":"https:\/\/vonotterskarummet.se\/index.php?rest_route=\/wp\/v2\/types\/product"}],"wp:featuredmedia":[{"embeddable":true,"href":"https:\/\/vonotterskarummet.se\/index.php?rest_route=\/wp\/v2\/media\/1186"}],"wp:attachment":[{"href":"https:\/\/vonotterskarummet.se\/index.php?rest_route=%2Fwp%2Fv2%2Fmedia&parent=1183"}],"wp:term":[{"taxonomy":"product_brand","embeddable":true,"href":"https:\/\/vonotterskarummet.se\/index.php?rest_route=%2Fwp%2Fv2%2Fproduct_brand&post=1183"},{"taxonomy":"product_cat","embeddable":true,"href":"https:\/\/vonotterskarummet.se\/index.php?rest_route=%2Fwp%2Fv2%2Fproduct_cat&post=1183"},{"taxonomy":"product_tag","embeddable":true,"href":"https:\/\/vonotterskarummet.se\/index.php?rest_route=%2Fwp%2Fv2%2Fproduct_tag&post=1183"}],"curies":[{"name":"wp","href":"https:\/\/api.w.org\/{rel}","templated":true}]}}