{"id":1188,"date":"2026-04-08T14:28:01","date_gmt":"2026-04-08T12:28:01","guid":{"rendered":"https:\/\/vonotterskarummet.se\/?post_type=product&#038;p=1188"},"modified":"2026-04-08T14:28:02","modified_gmt":"2026-04-08T12:28:02","slug":"antik-fransk-ljusstake-3-armad","status":"publish","type":"product","link":"https:\/\/vonotterskarummet.se\/?product=antik-fransk-ljusstake-3-armad","title":{"rendered":"Antik Fransk Ljusstake \u2013 3-armad"},"content":{"rendered":"","protected":false},"excerpt":{"rendered":"<p data-start=\"52\" data-end=\"353\">Elegant <strong data-start=\"85\" data-end=\"111\">antik fransk ljusstake<\/strong> med tre armar och vackert arbetade detaljer i klassisk, tidl\u00f6s form. Den m\u00f6rka patinerade ytan tillsammans med de sirligt formade armarna och den gedigna foten ger ett uttryck som f\u00f6r tankarna till fransk antik och \u00e4ldre europeisk inredning.<\/p>\n<p data-start=\"355\" data-end=\"501\">En vacker ljusstake som passar fint p\u00e5 matbord, sideboard, byr\u00e5 eller som st\u00e4mningsfull detalj i ett hem med antik, romantisk eller klassisk stil.<\/p>\n<p data-start=\"503\" data-end=\"632\">Dessa <strong data-start=\"509\" data-end=\"526\">s\u00e4ljs separat<\/strong>, vilket g\u00f6r det m\u00f6jligt att k\u00f6pa en styckvis eller som ett par f\u00f6r en mer symmetrisk och exklusiv k\u00e4nsla.<\/p>\n","protected":false},"featured_media":1190,"template":"","meta":{"wds_primary_product_brand":0,"wds_primary_product_cat":0},"product_brand":[],"product_cat":[24,15,34,25],"product_tag":[],"class_list":{"0":"post-1188","1":"product","2":"type-product","3":"status-publish","4":"has-post-thumbnail","6":"product_cat-antikviteter","7":"product_cat-uncategorized","8":"product_cat-mobler","9":"product_cat-nyheter","10":"product_shipping_class-mindre-paket","12":"first","13":"instock","14":"taxable","15":"shipping-taxable","16":"purchasable","17":"product-type-simple"},"_links":{"self":[{"href":"https:\/\/vonotterskarummet.se\/index.php?rest_route=\/wp\/v2\/product\/1188","targetHints":{"allow":["GET"]}}],"collection":[{"href":"https:\/\/vonotterskarummet.se\/index.php?rest_route=\/wp\/v2\/product"}],"about":[{"href":"https:\/\/vonotterskarummet.se\/index.php?rest_route=\/wp\/v2\/types\/product"}],"wp:featuredmedia":[{"embeddable":true,"href":"https:\/\/vonotterskarummet.se\/index.php?rest_route=\/wp\/v2\/media\/1190"}],"wp:attachment":[{"href":"https:\/\/vonotterskarummet.se\/index.php?rest_route=%2Fwp%2Fv2%2Fmedia&parent=1188"}],"wp:term":[{"taxonomy":"product_brand","embeddable":true,"href":"https:\/\/vonotterskarummet.se\/index.php?rest_route=%2Fwp%2Fv2%2Fproduct_brand&post=1188"},{"taxonomy":"product_cat","embeddable":true,"href":"https:\/\/vonotterskarummet.se\/index.php?rest_route=%2Fwp%2Fv2%2Fproduct_cat&post=1188"},{"taxonomy":"product_tag","embeddable":true,"href":"https:\/\/vonotterskarummet.se\/index.php?rest_route=%2Fwp%2Fv2%2Fproduct_tag&post=1188"}],"curies":[{"name":"wp","href":"https:\/\/api.w.org\/{rel}","templated":true}]}}