{"id":1195,"date":"2026-04-08T14:37:04","date_gmt":"2026-04-08T12:37:04","guid":{"rendered":"https:\/\/vonotterskarummet.se\/?post_type=product&#038;p=1195"},"modified":"2026-04-09T16:48:30","modified_gmt":"2026-04-09T14:48:30","slug":"glaserad-vas-i-gront-stor-liten","status":"publish","type":"product","link":"https:\/\/vonotterskarummet.se\/?product=glaserad-vas-i-gront-stor-liten","title":{"rendered":"Glaserad Vas i Gr\u00f6nt \u2013 Stor &#038; Liten"},"content":{"rendered":"","protected":false},"excerpt":{"rendered":"<p data-start=\"92\" data-end=\"368\">Vacker <strong data-start=\"124\" data-end=\"140\">glaserad vas<\/strong> i gr\u00f6na, bruna och cremef\u00e4rgade toner med levande rinnande glasyr och kraftfullt reliefm\u00f6nster. Den h\u00f6ga formen tillsammans med den blanka ytan och de markerade detaljerna ger varje exemplar ett unikt och uttrycksfullt intryck.<\/p>\n<p data-start=\"370\" data-end=\"564\">Finns i <strong data-start=\"378\" data-end=\"418\">tv\u00e5 olika storlekar \u2013 stor och liten<\/strong>. Varje storlek <strong data-start=\"434\" data-end=\"451\">s\u00e4ljs separat<\/strong>, vilket g\u00f6r det enkelt att v\u00e4lja den variant som passar b\u00e4st eller kombinera b\u00e5da tillsammans f\u00f6r en fin helhet.<\/p>\n<p data-start=\"566\" data-end=\"745\">Passar perfekt f\u00f6r <strong data-start=\"585\" data-end=\"649\">kvistar, gr\u00f6na arrangemang eller som vacker inredningsdetalj<\/strong> i vardagsrum, hall, uterum eller annan plats d\u00e4r du vill skapa en ombonad och personlig k\u00e4nsla.<\/p>\n<p data-start=\"747\" data-end=\"872\">Den levande glasyren och den skulpturala formen g\u00f6r att den passar fint i b\u00e5de klassiska, rustika och mer personliga milj\u00f6er.<\/p>\n","protected":false},"featured_media":1162,"template":"","meta":{"wds_primary_product_brand":0,"wds_primary_product_cat":0},"product_brand":[],"product_cat":[15,34,25],"product_tag":[],"class_list":{"0":"post-1195","1":"product","2":"type-product","3":"status-publish","4":"has-post-thumbnail","6":"product_cat-uncategorized","7":"product_cat-mobler","8":"product_cat-nyheter","9":"product_shipping_class-endast-hamtning","11":"first","12":"instock","13":"taxable","14":"shipping-taxable","15":"purchasable","16":"product-type-variable"},"_links":{"self":[{"href":"https:\/\/vonotterskarummet.se\/index.php?rest_route=\/wp\/v2\/product\/1195","targetHints":{"allow":["GET"]}}],"collection":[{"href":"https:\/\/vonotterskarummet.se\/index.php?rest_route=\/wp\/v2\/product"}],"about":[{"href":"https:\/\/vonotterskarummet.se\/index.php?rest_route=\/wp\/v2\/types\/product"}],"wp:featuredmedia":[{"embeddable":true,"href":"https:\/\/vonotterskarummet.se\/index.php?rest_route=\/wp\/v2\/media\/1162"}],"wp:attachment":[{"href":"https:\/\/vonotterskarummet.se\/index.php?rest_route=%2Fwp%2Fv2%2Fmedia&parent=1195"}],"wp:term":[{"taxonomy":"product_brand","embeddable":true,"href":"https:\/\/vonotterskarummet.se\/index.php?rest_route=%2Fwp%2Fv2%2Fproduct_brand&post=1195"},{"taxonomy":"product_cat","embeddable":true,"href":"https:\/\/vonotterskarummet.se\/index.php?rest_route=%2Fwp%2Fv2%2Fproduct_cat&post=1195"},{"taxonomy":"product_tag","embeddable":true,"href":"https:\/\/vonotterskarummet.se\/index.php?rest_route=%2Fwp%2Fv2%2Fproduct_tag&post=1195"}],"curies":[{"name":"wp","href":"https:\/\/api.w.org\/{rel}","templated":true}]}}