{"id":1203,"date":"2026-04-08T14:40:16","date_gmt":"2026-04-08T12:40:16","guid":{"rendered":"https:\/\/vonotterskarummet.se\/?post_type=product&#038;p=1203"},"modified":"2026-04-08T14:40:17","modified_gmt":"2026-04-08T12:40:17","slug":"fransk-antik-tavla-med-ryttare","status":"publish","type":"product","link":"https:\/\/vonotterskarummet.se\/?product=fransk-antik-tavla-med-ryttare","title":{"rendered":"Fransk Antik Tavla med Ryttare"},"content":{"rendered":"","protected":false},"excerpt":{"rendered":"<p data-start=\"50\" data-end=\"346\">St\u00e4mningsfull <strong data-start=\"89\" data-end=\"111\">fransk antik tavla<\/strong> med motiv av en ryttare till h\u00e4st i historisk milit\u00e4runiform. Det detaljrika motivet tillsammans med den d\u00e4mpade f\u00e4rgskalan och den vackert \u00e5ldrade ytan ger tavlan en genuin k\u00e4nsla av \u00e4ldre europeisk historia och klassisk fransk stil.<\/p>\n<p data-start=\"348\" data-end=\"576\">Det st\u00e5ende formatet och det uttrycksfulla motivet g\u00f6r tavlan till ett fint inslag i hem med antik, rustik eller klassisk inredning. Passar lika fint p\u00e5 v\u00e4gg i hall, bibliotek, vardagsrum eller som del av en personlig tavelv\u00e4gg.<\/p>\n<p data-start=\"578\" data-end=\"768\">Den slitna patinan, de mjuka tonerna och det historiska motivet ger ett tidstypiskt uttryck som f\u00f6rst\u00e4rker k\u00e4nslan av <strong data-start=\"696\" data-end=\"712\">fransk antik<\/strong> och g\u00f6r tavlan till ett karakt\u00e4rsfullt inslag i hemmet.<\/p>\n","protected":false},"featured_media":1205,"template":"","meta":{"wds_primary_product_brand":0,"wds_primary_product_cat":0},"product_brand":[],"product_cat":[24,15,25],"product_tag":[],"class_list":{"0":"post-1203","1":"product","2":"type-product","3":"status-publish","4":"has-post-thumbnail","6":"product_cat-antikviteter","7":"product_cat-uncategorized","8":"product_cat-nyheter","9":"product_shipping_class-mindre-paket","11":"first","12":"instock","13":"taxable","14":"shipping-taxable","15":"purchasable","16":"product-type-simple"},"_links":{"self":[{"href":"https:\/\/vonotterskarummet.se\/index.php?rest_route=\/wp\/v2\/product\/1203","targetHints":{"allow":["GET"]}}],"collection":[{"href":"https:\/\/vonotterskarummet.se\/index.php?rest_route=\/wp\/v2\/product"}],"about":[{"href":"https:\/\/vonotterskarummet.se\/index.php?rest_route=\/wp\/v2\/types\/product"}],"wp:featuredmedia":[{"embeddable":true,"href":"https:\/\/vonotterskarummet.se\/index.php?rest_route=\/wp\/v2\/media\/1205"}],"wp:attachment":[{"href":"https:\/\/vonotterskarummet.se\/index.php?rest_route=%2Fwp%2Fv2%2Fmedia&parent=1203"}],"wp:term":[{"taxonomy":"product_brand","embeddable":true,"href":"https:\/\/vonotterskarummet.se\/index.php?rest_route=%2Fwp%2Fv2%2Fproduct_brand&post=1203"},{"taxonomy":"product_cat","embeddable":true,"href":"https:\/\/vonotterskarummet.se\/index.php?rest_route=%2Fwp%2Fv2%2Fproduct_cat&post=1203"},{"taxonomy":"product_tag","embeddable":true,"href":"https:\/\/vonotterskarummet.se\/index.php?rest_route=%2Fwp%2Fv2%2Fproduct_tag&post=1203"}],"curies":[{"name":"wp","href":"https:\/\/api.w.org\/{rel}","templated":true}]}}