{"id":1212,"date":"2026-04-08T14:43:49","date_gmt":"2026-04-08T12:43:49","guid":{"rendered":"https:\/\/vonotterskarummet.se\/?post_type=product&#038;p=1212"},"modified":"2026-04-08T14:43:49","modified_gmt":"2026-04-08T12:43:49","slug":"fransk-antik-tavla-med-soldatmotiv","status":"publish","type":"product","link":"https:\/\/vonotterskarummet.se\/?product=fransk-antik-tavla-med-soldatmotiv","title":{"rendered":"Fransk Antik Tavla med Soldatmotiv"},"content":{"rendered":"","protected":false},"excerpt":{"rendered":"<p data-start=\"54\" data-end=\"348\">St\u00e4mningsfull <strong data-start=\"93\" data-end=\"115\">fransk antik tavla<\/strong> med motiv av en st\u00e5ende soldat i historisk uniform. Det detaljrika motivet tillsammans med den d\u00e4mpade f\u00e4rgskalan, den vackert \u00e5ldrade ytan och den klassiska kompositionen ger tavlan en genuin k\u00e4nsla av \u00e4ldre fransk milit\u00e4rhistoria.<\/p>\n<p data-start=\"350\" data-end=\"579\">Det st\u00e5ende formatet och det karakt\u00e4rsfulla motivet g\u00f6r tavlan till ett fint inslag i hem med antik, klassisk eller rustik inredning. Passar lika fint p\u00e5 v\u00e4gg i hall, bibliotek, vardagsrum eller som del av en personlig tavelv\u00e4gg.<\/p>\n<p data-start=\"581\" data-end=\"757\">Den slitna patinan, de mjuka tonerna och det historiska uttrycket f\u00f6rst\u00e4rker k\u00e4nslan av <strong data-start=\"669\" data-end=\"685\">fransk antik<\/strong> och g\u00f6r tavlan till ett tidstypiskt och st\u00e4mningsfullt inslag i hemmet.<\/p>\n","protected":false},"featured_media":1214,"template":"","meta":{"wds_primary_product_brand":0,"wds_primary_product_cat":0},"product_brand":[],"product_cat":[24,15,34,25],"product_tag":[],"class_list":{"0":"post-1212","1":"product","2":"type-product","3":"status-publish","4":"has-post-thumbnail","6":"product_cat-antikviteter","7":"product_cat-uncategorized","8":"product_cat-mobler","9":"product_cat-nyheter","10":"product_shipping_class-mindre-paket","12":"first","13":"instock","14":"taxable","15":"shipping-taxable","16":"purchasable","17":"product-type-simple"},"_links":{"self":[{"href":"https:\/\/vonotterskarummet.se\/index.php?rest_route=\/wp\/v2\/product\/1212","targetHints":{"allow":["GET"]}}],"collection":[{"href":"https:\/\/vonotterskarummet.se\/index.php?rest_route=\/wp\/v2\/product"}],"about":[{"href":"https:\/\/vonotterskarummet.se\/index.php?rest_route=\/wp\/v2\/types\/product"}],"wp:featuredmedia":[{"embeddable":true,"href":"https:\/\/vonotterskarummet.se\/index.php?rest_route=\/wp\/v2\/media\/1214"}],"wp:attachment":[{"href":"https:\/\/vonotterskarummet.se\/index.php?rest_route=%2Fwp%2Fv2%2Fmedia&parent=1212"}],"wp:term":[{"taxonomy":"product_brand","embeddable":true,"href":"https:\/\/vonotterskarummet.se\/index.php?rest_route=%2Fwp%2Fv2%2Fproduct_brand&post=1212"},{"taxonomy":"product_cat","embeddable":true,"href":"https:\/\/vonotterskarummet.se\/index.php?rest_route=%2Fwp%2Fv2%2Fproduct_cat&post=1212"},{"taxonomy":"product_tag","embeddable":true,"href":"https:\/\/vonotterskarummet.se\/index.php?rest_route=%2Fwp%2Fv2%2Fproduct_tag&post=1212"}],"curies":[{"name":"wp","href":"https:\/\/api.w.org\/{rel}","templated":true}]}}