{"id":1217,"date":"2026-04-09T16:45:41","date_gmt":"2026-04-09T14:45:41","guid":{"rendered":"https:\/\/vonotterskarummet.se\/?post_type=product&#038;p=1217"},"modified":"2026-04-09T16:45:42","modified_gmt":"2026-04-09T14:45:42","slug":"fransk-antik-vaggkrok-i-tra-metall","status":"publish","type":"product","link":"https:\/\/vonotterskarummet.se\/?product=fransk-antik-vaggkrok-i-tra-metall","title":{"rendered":"Fransk Antik V\u00e4ggkrok i Tr\u00e4 &#038; Metall"},"content":{"rendered":"","protected":false},"excerpt":{"rendered":"<p data-start=\"56\" data-end=\"334\">Charmig <strong data-start=\"89\" data-end=\"114\">fransk antik v\u00e4ggkrok<\/strong> i tr\u00e4 och metall med vackert arbetad form och tidstypiska detaljer. Kombinationen av det \u00e5ldrade tr\u00e4et, den m\u00f6rka metallen och den svarvade tr\u00e4detaljen ger ett genuint uttryck med tydlig k\u00e4nsla av \u00e4ldre fransk lantstil.<\/p>\n<p data-start=\"336\" data-end=\"592\">Den praktiska utformningen g\u00f6r den fin att anv\u00e4nda i hall, k\u00f6k, badrum eller sovrum f\u00f6r upph\u00e4ngning av exempelvis handdukar, kl\u00e4der, v\u00e4skor eller mindre textilier. Samtidigt blir den ett karakt\u00e4rsfullt inslag som tillf\u00f6r v\u00e4rme och personlighet till v\u00e4ggen.<\/p>\n<p data-start=\"594\" data-end=\"770\">Den slitna ytan och de klassiska materialen f\u00f6rst\u00e4rker k\u00e4nslan av <strong data-start=\"660\" data-end=\"676\">fransk antik<\/strong> och g\u00f6r varje exemplar till en vacker detalj i hem med antik, rustik eller lantlig inredning.<\/p>\n","protected":false},"featured_media":1218,"template":"","meta":{"wds_primary_product_brand":0,"wds_primary_product_cat":0},"product_brand":[],"product_cat":[24,15,34,25],"product_tag":[],"class_list":{"0":"post-1217","1":"product","2":"type-product","3":"status-publish","4":"has-post-thumbnail","6":"product_cat-antikviteter","7":"product_cat-uncategorized","8":"product_cat-mobler","9":"product_cat-nyheter","10":"product_shipping_class-storre-paket","12":"first","13":"instock","14":"taxable","15":"shipping-taxable","16":"purchasable","17":"product-type-simple"},"_links":{"self":[{"href":"https:\/\/vonotterskarummet.se\/index.php?rest_route=\/wp\/v2\/product\/1217","targetHints":{"allow":["GET"]}}],"collection":[{"href":"https:\/\/vonotterskarummet.se\/index.php?rest_route=\/wp\/v2\/product"}],"about":[{"href":"https:\/\/vonotterskarummet.se\/index.php?rest_route=\/wp\/v2\/types\/product"}],"wp:featuredmedia":[{"embeddable":true,"href":"https:\/\/vonotterskarummet.se\/index.php?rest_route=\/wp\/v2\/media\/1218"}],"wp:attachment":[{"href":"https:\/\/vonotterskarummet.se\/index.php?rest_route=%2Fwp%2Fv2%2Fmedia&parent=1217"}],"wp:term":[{"taxonomy":"product_brand","embeddable":true,"href":"https:\/\/vonotterskarummet.se\/index.php?rest_route=%2Fwp%2Fv2%2Fproduct_brand&post=1217"},{"taxonomy":"product_cat","embeddable":true,"href":"https:\/\/vonotterskarummet.se\/index.php?rest_route=%2Fwp%2Fv2%2Fproduct_cat&post=1217"},{"taxonomy":"product_tag","embeddable":true,"href":"https:\/\/vonotterskarummet.se\/index.php?rest_route=%2Fwp%2Fv2%2Fproduct_tag&post=1217"}],"curies":[{"name":"wp","href":"https:\/\/api.w.org\/{rel}","templated":true}]}}