{"id":1251,"date":"2026-04-14T20:44:52","date_gmt":"2026-04-14T18:44:52","guid":{"rendered":"https:\/\/vonotterskarummet.se\/?post_type=product&#038;p=1251"},"modified":"2026-04-14T20:44:53","modified_gmt":"2026-04-14T18:44:53","slug":"franskt-bord-med-marmorskiva","status":"publish","type":"product","link":"https:\/\/vonotterskarummet.se\/?product=franskt-bord-med-marmorskiva","title":{"rendered":"Franskt bord med Marmorskiva"},"content":{"rendered":"","protected":false},"excerpt":{"rendered":"<p data-start=\"52\" data-end=\"348\">Elegant <strong data-start=\"85\" data-end=\"105\">franskt soffbord<\/strong> med rund marmorskiva och rikt arbetat underrede i klassisk stil. Den ljusa marmorskivan med mjuka naturtoner tillsammans med den m\u00f6rka, ornamenterade basen ger bordet ett exklusivt uttryck med tydlig k\u00e4nsla av fransk antik och tidl\u00f6s elegans.<\/p>\n<p data-start=\"350\" data-end=\"576\">Det vackert detaljarbetade underredet med sirlig kant, svarvad mittpelare och dekorativa ben g\u00f6r bordet till ett karakt\u00e4rsfullt inslag i vardagsrum, salong eller annat rum d\u00e4r du vill skapa en klassisk och sofistikerad k\u00e4nsla.<\/p>\n<p data-start=\"578\" data-end=\"744\">Kombinationen av marmor och m\u00f6rk patinerad stomme ger ett harmoniskt och gediget helhetsintryck som passar fint i hem med <strong data-start=\"700\" data-end=\"743\">fransk, antik eller romantisk inredning<\/strong>.<\/p>\n<p data-start=\"746\" data-end=\"923\"><strong data-start=\"641\" data-end=\"651\">Skick:<\/strong> Bordet \u00e4r i fint bruksskick med \u00e5ldersrelaterad patina. Marmorskivan har mindre ytslitage och l\u00e4ttare m\u00e4rken\/n\u00f6tningar f\u00f6rekommer, vilket \u00e4r i linje med \u00e5lder och anv\u00e4ndning. Den m\u00f6rka stommen har fin patinerad yta med visst normalt slitage som bidrar till bordets genuina karakt\u00e4r. Helhetsintrycket \u00e4r mycket fint och stabilt.<\/p>\n","protected":false},"featured_media":1229,"template":"","meta":{"wds_primary_product_brand":0,"wds_primary_product_cat":0},"product_brand":[],"product_cat":[24,15,34,25],"product_tag":[],"class_list":{"0":"post-1251","1":"product","2":"type-product","3":"status-publish","4":"has-post-thumbnail","6":"product_cat-antikviteter","7":"product_cat-uncategorized","8":"product_cat-mobler","9":"product_cat-nyheter","10":"product_shipping_class-endast-hamtning","12":"first","13":"instock","14":"taxable","15":"shipping-taxable","16":"purchasable","17":"product-type-simple"},"_links":{"self":[{"href":"https:\/\/vonotterskarummet.se\/index.php?rest_route=\/wp\/v2\/product\/1251","targetHints":{"allow":["GET"]}}],"collection":[{"href":"https:\/\/vonotterskarummet.se\/index.php?rest_route=\/wp\/v2\/product"}],"about":[{"href":"https:\/\/vonotterskarummet.se\/index.php?rest_route=\/wp\/v2\/types\/product"}],"wp:featuredmedia":[{"embeddable":true,"href":"https:\/\/vonotterskarummet.se\/index.php?rest_route=\/wp\/v2\/media\/1229"}],"wp:attachment":[{"href":"https:\/\/vonotterskarummet.se\/index.php?rest_route=%2Fwp%2Fv2%2Fmedia&parent=1251"}],"wp:term":[{"taxonomy":"product_brand","embeddable":true,"href":"https:\/\/vonotterskarummet.se\/index.php?rest_route=%2Fwp%2Fv2%2Fproduct_brand&post=1251"},{"taxonomy":"product_cat","embeddable":true,"href":"https:\/\/vonotterskarummet.se\/index.php?rest_route=%2Fwp%2Fv2%2Fproduct_cat&post=1251"},{"taxonomy":"product_tag","embeddable":true,"href":"https:\/\/vonotterskarummet.se\/index.php?rest_route=%2Fwp%2Fv2%2Fproduct_tag&post=1251"}],"curies":[{"name":"wp","href":"https:\/\/api.w.org\/{rel}","templated":true}]}}