{"id":1252,"date":"2026-04-14T20:48:27","date_gmt":"2026-04-14T18:48:27","guid":{"rendered":"https:\/\/vonotterskarummet.se\/?post_type=product&#038;p=1252"},"modified":"2026-04-14T20:48:27","modified_gmt":"2026-04-14T18:48:27","slug":"ljusstake-i-fagelmotiv","status":"publish","type":"product","link":"https:\/\/vonotterskarummet.se\/?product=ljusstake-i-fagelmotiv","title":{"rendered":"Ljusstake i F\u00e5gelmotiv"},"content":{"rendered":"","protected":false},"excerpt":{"rendered":"<p data-start=\"129\" data-end=\"377\">Dekorativ och charmig <strong data-start=\"176\" data-end=\"217\">ljusstake i form av en sittande f\u00e5gel<\/strong> p\u00e5 rund fot. Ett vackert och karakt\u00e4rsfullt f\u00f6rem\u00e5l med skulptural form som blir en fin detalj i hemmet, b\u00e5de som ljusstake och som dekorativ inredningsdetalj.<\/p>\n<p data-start=\"379\" data-end=\"596\">Den m\u00f6rka ytan tillsammans med det detaljarbetade f\u00e5gelmotivet ger ett rustikt och tidl\u00f6st uttryck. Passar fint p\u00e5 sideboard, konsolbord, nattduksbord eller som del i ett stilleben tillsammans med andra \u00e4ldre f\u00f6rem\u00e5l.<\/p>\n<p data-start=\"598\" data-end=\"759\"><strong data-start=\"598\" data-end=\"608\">Skick:<\/strong> Mycket fint skick \/ n\u00e4ra nyskick. Endast mycket l\u00e4tt yttre patina som bidrar till f\u00f6rem\u00e5lets karakt\u00e4r. Helhetsintrycket \u00e4r mycket fint och v\u00e4lbevarat.<\/p>\n","protected":false},"featured_media":1224,"template":"","meta":{"wds_primary_product_brand":0,"wds_primary_product_cat":0},"product_brand":[],"product_cat":[15,25],"product_tag":[],"class_list":{"0":"post-1252","1":"product","2":"type-product","3":"status-publish","4":"has-post-thumbnail","6":"product_cat-uncategorized","7":"product_cat-nyheter","8":"product_shipping_class-mindre-paket","10":"first","11":"instock","12":"taxable","13":"shipping-taxable","14":"purchasable","15":"product-type-simple"},"_links":{"self":[{"href":"https:\/\/vonotterskarummet.se\/index.php?rest_route=\/wp\/v2\/product\/1252","targetHints":{"allow":["GET"]}}],"collection":[{"href":"https:\/\/vonotterskarummet.se\/index.php?rest_route=\/wp\/v2\/product"}],"about":[{"href":"https:\/\/vonotterskarummet.se\/index.php?rest_route=\/wp\/v2\/types\/product"}],"wp:featuredmedia":[{"embeddable":true,"href":"https:\/\/vonotterskarummet.se\/index.php?rest_route=\/wp\/v2\/media\/1224"}],"wp:attachment":[{"href":"https:\/\/vonotterskarummet.se\/index.php?rest_route=%2Fwp%2Fv2%2Fmedia&parent=1252"}],"wp:term":[{"taxonomy":"product_brand","embeddable":true,"href":"https:\/\/vonotterskarummet.se\/index.php?rest_route=%2Fwp%2Fv2%2Fproduct_brand&post=1252"},{"taxonomy":"product_cat","embeddable":true,"href":"https:\/\/vonotterskarummet.se\/index.php?rest_route=%2Fwp%2Fv2%2Fproduct_cat&post=1252"},{"taxonomy":"product_tag","embeddable":true,"href":"https:\/\/vonotterskarummet.se\/index.php?rest_route=%2Fwp%2Fv2%2Fproduct_tag&post=1252"}],"curies":[{"name":"wp","href":"https:\/\/api.w.org\/{rel}","templated":true}]}}