{"id":1253,"date":"2026-04-14T20:51:20","date_gmt":"2026-04-14T18:51:20","guid":{"rendered":"https:\/\/vonotterskarummet.se\/?post_type=product&#038;p=1253"},"modified":"2026-04-14T20:51:21","modified_gmt":"2026-04-14T18:51:21","slug":"fransk-kyrkodekoration-i-metall-sent-1800-tal","status":"publish","type":"product","link":"https:\/\/vonotterskarummet.se\/?product=fransk-kyrkodekoration-i-metall-sent-1800-tal","title":{"rendered":"Fransk Kyrkodekoration i Metall, sent 1800-tal"},"content":{"rendered":"","protected":false},"excerpt":{"rendered":"<p data-start=\"103\" data-end=\"393\">Vacker och ovanlig <strong data-start=\"147\" data-end=\"189\">fransk kyrkodekoration fr\u00e5n 1800-talet<\/strong> i form av en h\u00f6g blomsterornamentik i metall. Ett dekorativt och st\u00e4mningsfullt f\u00f6rem\u00e5l med tydlig sakral k\u00e4nsla, utformat som en stiliserad blomranka med utslagna blommor, bladverk och rikt arbetad fot.<\/p>\n<p data-start=\"395\" data-end=\"715\">Det eleganta formspr\u00e5ket och den \u00e5ldrade patinan ger f\u00f6rem\u00e5let ett uttryck som f\u00f6r tankarna till \u00e4ldre kyrklig inredning och altarutsmyckning. Den h\u00f6ga, skulpturala siluetten g\u00f6r den till ett mycket dekorativt objekt som passar lika fint som frist\u00e5ende antik dekoration i hemmet som i ett mer samlat kuraterat stilleben.<\/p>\n<p data-start=\"717\" data-end=\"844\">Ett karakt\u00e4rsfullt samlarobjekt f\u00f6r dig som uppskattar <strong data-start=\"772\" data-end=\"788\">fransk antik<\/strong>, sakral konst och unika inredningsf\u00f6rem\u00e5l med historia.<\/p>\n<p data-start=\"846\" data-end=\"1122\"><strong data-start=\"846\" data-end=\"856\">Skick:<\/strong> Fint antikt skick med vacker \u00e5ldersrelaterad patina och normalt slitage i linje med \u00e5lder och anv\u00e4ndning. Ytan visar \u00e4ldre brukssp\u00e5r, oxidation och mindre oj\u00e4mnheter som f\u00f6rst\u00e4rker f\u00f6rem\u00e5lets autentiska uttryck. Helhetsintrycket \u00e4r mycket dekorativt och v\u00e4lbevarat.<\/p>\n","protected":false},"featured_media":1240,"template":"","meta":{"wds_primary_product_brand":0,"wds_primary_product_cat":0},"product_brand":[],"product_cat":[15],"product_tag":[],"class_list":{"0":"post-1253","1":"product","2":"type-product","3":"status-publish","4":"has-post-thumbnail","6":"product_cat-uncategorized","7":"product_shipping_class-storre-paket","9":"first","10":"instock","11":"taxable","12":"shipping-taxable","13":"purchasable","14":"product-type-simple"},"_links":{"self":[{"href":"https:\/\/vonotterskarummet.se\/index.php?rest_route=\/wp\/v2\/product\/1253","targetHints":{"allow":["GET"]}}],"collection":[{"href":"https:\/\/vonotterskarummet.se\/index.php?rest_route=\/wp\/v2\/product"}],"about":[{"href":"https:\/\/vonotterskarummet.se\/index.php?rest_route=\/wp\/v2\/types\/product"}],"wp:featuredmedia":[{"embeddable":true,"href":"https:\/\/vonotterskarummet.se\/index.php?rest_route=\/wp\/v2\/media\/1240"}],"wp:attachment":[{"href":"https:\/\/vonotterskarummet.se\/index.php?rest_route=%2Fwp%2Fv2%2Fmedia&parent=1253"}],"wp:term":[{"taxonomy":"product_brand","embeddable":true,"href":"https:\/\/vonotterskarummet.se\/index.php?rest_route=%2Fwp%2Fv2%2Fproduct_brand&post=1253"},{"taxonomy":"product_cat","embeddable":true,"href":"https:\/\/vonotterskarummet.se\/index.php?rest_route=%2Fwp%2Fv2%2Fproduct_cat&post=1253"},{"taxonomy":"product_tag","embeddable":true,"href":"https:\/\/vonotterskarummet.se\/index.php?rest_route=%2Fwp%2Fv2%2Fproduct_tag&post=1253"}],"curies":[{"name":"wp","href":"https:\/\/api.w.org\/{rel}","templated":true}]}}