{"id":1254,"date":"2026-04-14T20:53:44","date_gmt":"2026-04-14T18:53:44","guid":{"rendered":"https:\/\/vonotterskarummet.se\/?post_type=product&#038;p=1254"},"modified":"2026-04-14T20:53:45","modified_gmt":"2026-04-14T18:53:45","slug":"dekorativ-urna-med-lock","status":"publish","type":"product","link":"https:\/\/vonotterskarummet.se\/?product=dekorativ-urna-med-lock","title":{"rendered":"Dekorativ Urna med Lock"},"content":{"rendered":"","protected":false},"excerpt":{"rendered":"<p data-start=\"123\" data-end=\"439\">Stilren och dekorativ <strong data-start=\"170\" data-end=\"187\">urna med lock<\/strong> i glaserad keramik med ett uttrycksfullt svart- och naturf\u00e4rgat m\u00f6nster. Den blanka ytan och det levande organiska m\u00f6nstret ger urnan ett exklusivt och i\u00f6gonfallande uttryck som passar lika fint som solit\u00e4r inredningsdetalj som i ett st\u00f6rre stilleben.<\/p>\n<p data-start=\"441\" data-end=\"673\">Den gener\u00f6sa formen tillsammans med det matchande locket g\u00f6r den b\u00e5de dekorativ och praktisk. Ett vackert f\u00f6rem\u00e5l som passar perfekt p\u00e5 sideboard, konsolbord, sk\u00e4nk eller soffbord d\u00e4r du vill skapa ett elegant och tidl\u00f6st blickf\u00e5ng.<\/p>\n<p data-start=\"675\" data-end=\"805\">Den kontrasterande glasyren ger urnan karakt\u00e4r och ett konstn\u00e4rligt uttryck som fungerar v\u00e4l i b\u00e5de klassiska och moderna milj\u00f6er.<\/p>\n","protected":false},"featured_media":1230,"template":"","meta":{"wds_primary_product_brand":0,"wds_primary_product_cat":0},"product_brand":[],"product_cat":[15,34,25],"product_tag":[],"class_list":{"0":"post-1254","1":"product","2":"type-product","3":"status-publish","4":"has-post-thumbnail","6":"product_cat-uncategorized","7":"product_cat-mobler","8":"product_cat-nyheter","9":"product_shipping_class-endast-hamtning","11":"first","12":"instock","13":"taxable","14":"shipping-taxable","15":"purchasable","16":"product-type-simple"},"_links":{"self":[{"href":"https:\/\/vonotterskarummet.se\/index.php?rest_route=\/wp\/v2\/product\/1254","targetHints":{"allow":["GET"]}}],"collection":[{"href":"https:\/\/vonotterskarummet.se\/index.php?rest_route=\/wp\/v2\/product"}],"about":[{"href":"https:\/\/vonotterskarummet.se\/index.php?rest_route=\/wp\/v2\/types\/product"}],"wp:featuredmedia":[{"embeddable":true,"href":"https:\/\/vonotterskarummet.se\/index.php?rest_route=\/wp\/v2\/media\/1230"}],"wp:attachment":[{"href":"https:\/\/vonotterskarummet.se\/index.php?rest_route=%2Fwp%2Fv2%2Fmedia&parent=1254"}],"wp:term":[{"taxonomy":"product_brand","embeddable":true,"href":"https:\/\/vonotterskarummet.se\/index.php?rest_route=%2Fwp%2Fv2%2Fproduct_brand&post=1254"},{"taxonomy":"product_cat","embeddable":true,"href":"https:\/\/vonotterskarummet.se\/index.php?rest_route=%2Fwp%2Fv2%2Fproduct_cat&post=1254"},{"taxonomy":"product_tag","embeddable":true,"href":"https:\/\/vonotterskarummet.se\/index.php?rest_route=%2Fwp%2Fv2%2Fproduct_tag&post=1254"}],"curies":[{"name":"wp","href":"https:\/\/api.w.org\/{rel}","templated":true}]}}