{"id":1258,"date":"2026-04-16T16:01:20","date_gmt":"2026-04-16T14:01:20","guid":{"rendered":"https:\/\/vonotterskarummet.se\/?post_type=product&#038;p=1258"},"modified":"2026-04-16T16:01:21","modified_gmt":"2026-04-16T14:01:21","slug":"franskt-vinstall100-flaskor","status":"publish","type":"product","link":"https:\/\/vonotterskarummet.se\/?product=franskt-vinstall100-flaskor","title":{"rendered":"Franskt Vinst\u00e4ll,100 Flaskor"},"content":{"rendered":"","protected":false},"excerpt":{"rendered":"<p data-start=\"67\" data-end=\"325\">Stort <strong data-start=\"113\" data-end=\"142\">franskt vinst\u00e4ll i metall<\/strong> med plats f\u00f6r cirka <strong data-start=\"163\" data-end=\"178\">100 flaskor<\/strong>. Ett robust och karakt\u00e4rsfullt vinst\u00e4ll med industriell k\u00e4nsla och vacker patinerad yta som ger ett genuint uttryck med tydlig fransk vintagestil.<\/p>\n<p data-start=\"327\" data-end=\"678\">Den h\u00f6ga modellen med v\u00e5gformade flaskh\u00e5llare g\u00f6r st\u00e4llet b\u00e5de praktiskt och mycket dekorativt. Perfekt f\u00f6r vink\u00e4llare, k\u00f6k, orangeri, restaurangmilj\u00f6 eller f\u00f6r dig som vill skapa en stilfull vinf\u00f6rvaring med karakt\u00e4r. Den \u00f6ppna konstruktionen ger en luftig k\u00e4nsla samtidigt som den rymmer ett stort antal flaskor p\u00e5 ett \u00f6versk\u00e5dligt och elegant s\u00e4tt.<\/p>\n<p data-start=\"680\" data-end=\"809\">Ett ovanligt och funktionellt inredningsobjekt f\u00f6r dig som uppskattar <strong data-start=\"750\" data-end=\"808\">fransk antik, industriell stil och rustik vinf\u00f6rvaring<\/strong>.<\/p>\n<p data-start=\"811\" data-end=\"1086\"><strong data-start=\"811\" data-end=\"821\">Skick:<\/strong> Fint bruksskick med \u00e5ldersrelaterad patina och normalt ytslitage i linje med anv\u00e4ndning. Mindre m\u00e4rken, l\u00e4ttare rosttoner och naturligt slitage f\u00f6rekommer, vilket bidrar till det autentiska och rustika uttrycket. Stabil konstruktion och mycket gott helhetsintryck.<\/p>\n<p data-start=\"1088\" data-end=\"1251\">\n","protected":false},"featured_media":1259,"template":"","meta":{"wds_primary_product_brand":0,"wds_primary_product_cat":0},"product_brand":[],"product_cat":[24,34,25],"product_tag":[],"class_list":{"0":"post-1258","1":"product","2":"type-product","3":"status-publish","4":"has-post-thumbnail","6":"product_cat-antikviteter","7":"product_cat-mobler","8":"product_cat-nyheter","9":"product_shipping_class-endast-hamtning","11":"first","12":"instock","13":"taxable","14":"shipping-taxable","15":"purchasable","16":"product-type-simple"},"_links":{"self":[{"href":"https:\/\/vonotterskarummet.se\/index.php?rest_route=\/wp\/v2\/product\/1258","targetHints":{"allow":["GET"]}}],"collection":[{"href":"https:\/\/vonotterskarummet.se\/index.php?rest_route=\/wp\/v2\/product"}],"about":[{"href":"https:\/\/vonotterskarummet.se\/index.php?rest_route=\/wp\/v2\/types\/product"}],"wp:featuredmedia":[{"embeddable":true,"href":"https:\/\/vonotterskarummet.se\/index.php?rest_route=\/wp\/v2\/media\/1259"}],"wp:attachment":[{"href":"https:\/\/vonotterskarummet.se\/index.php?rest_route=%2Fwp%2Fv2%2Fmedia&parent=1258"}],"wp:term":[{"taxonomy":"product_brand","embeddable":true,"href":"https:\/\/vonotterskarummet.se\/index.php?rest_route=%2Fwp%2Fv2%2Fproduct_brand&post=1258"},{"taxonomy":"product_cat","embeddable":true,"href":"https:\/\/vonotterskarummet.se\/index.php?rest_route=%2Fwp%2Fv2%2Fproduct_cat&post=1258"},{"taxonomy":"product_tag","embeddable":true,"href":"https:\/\/vonotterskarummet.se\/index.php?rest_route=%2Fwp%2Fv2%2Fproduct_tag&post=1258"}],"curies":[{"name":"wp","href":"https:\/\/api.w.org\/{rel}","templated":true}]}}