{"id":1285,"date":"2026-04-16T16:19:44","date_gmt":"2026-04-16T14:19:44","guid":{"rendered":"https:\/\/vonotterskarummet.se\/?post_type=product&#038;p=1285"},"modified":"2026-04-18T22:17:01","modified_gmt":"2026-04-18T20:17:01","slug":"terracottakrukor-i-tva-storlekar","status":"publish","type":"product","link":"https:\/\/vonotterskarummet.se\/?product=terracottakrukor-i-tva-storlekar","title":{"rendered":"Terracottakrukor i tv\u00e5 storlekar"},"content":{"rendered":"","protected":false},"excerpt":{"rendered":"<p data-start=\"105\" data-end=\"339\"><strong data-start=\"130\" data-end=\"172\">Terracottakrukor i tv\u00e5 olika storlekar<\/strong> med vackert rutm\u00f6nster och klassisk, tidl\u00f6s form. Krukorna passar lika fint i tr\u00e4dg\u00e5rd, p\u00e5 terrass, vid entr\u00e9 eller i orangeri och ger ett stilfullt, rustikt uttryck.<\/p>\n<p data-start=\"341\" data-end=\"597\">Den mjukt rundade formen tillsammans med den varma terracottatonen och naturliga patinan skapar en levande och genuin k\u00e4nsla. Det markerade rutm\u00f6nstret ger krukorna karakt\u00e4r samtidigt som de \u00e4r enkla att kombinera med b\u00e5de klassisk och mer rustik utemilj\u00f6.<\/p>\n<p data-start=\"599\" data-end=\"685\">Passar fint f\u00f6r olivtr\u00e4d, buxbom, lavendel, s\u00e4songsblommor eller som vackra solit\u00e4rer.<\/p>\n<p data-start=\"687\" data-end=\"977\"><strong data-start=\"687\" data-end=\"697\">Skick:<\/strong> Fint bruksskick med naturlig patina, ytslitage, f\u00e4rgskiftningar och mindre m\u00e4rken. Viss mossa\/gr\u00f6n patinering f\u00f6rekommer p\u00e5 vissa exemplar, vilket f\u00f6rst\u00e4rker det vackert \u00e5ldrade uttrycket. Sm\u00e5 oj\u00e4mnheter och l\u00e4ttare slitage i linje med anv\u00e4ndning f\u00f6rekommer. Fint helhetsintryck.<\/p>\n","protected":false},"featured_media":1266,"template":"","meta":{"wds_primary_product_brand":0,"wds_primary_product_cat":0},"product_brand":[],"product_cat":[15,34,25,23],"product_tag":[],"class_list":{"0":"post-1285","1":"product","2":"type-product","3":"status-publish","4":"has-post-thumbnail","6":"product_cat-uncategorized","7":"product_cat-mobler","8":"product_cat-nyheter","9":"product_cat-sista-chansen","10":"product_shipping_class-endast-hamtning","12":"first","13":"instock","14":"sale","15":"taxable","16":"shipping-taxable","17":"purchasable","18":"product-type-variable"},"_links":{"self":[{"href":"https:\/\/vonotterskarummet.se\/index.php?rest_route=\/wp\/v2\/product\/1285","targetHints":{"allow":["GET"]}}],"collection":[{"href":"https:\/\/vonotterskarummet.se\/index.php?rest_route=\/wp\/v2\/product"}],"about":[{"href":"https:\/\/vonotterskarummet.se\/index.php?rest_route=\/wp\/v2\/types\/product"}],"wp:featuredmedia":[{"embeddable":true,"href":"https:\/\/vonotterskarummet.se\/index.php?rest_route=\/wp\/v2\/media\/1266"}],"wp:attachment":[{"href":"https:\/\/vonotterskarummet.se\/index.php?rest_route=%2Fwp%2Fv2%2Fmedia&parent=1285"}],"wp:term":[{"taxonomy":"product_brand","embeddable":true,"href":"https:\/\/vonotterskarummet.se\/index.php?rest_route=%2Fwp%2Fv2%2Fproduct_brand&post=1285"},{"taxonomy":"product_cat","embeddable":true,"href":"https:\/\/vonotterskarummet.se\/index.php?rest_route=%2Fwp%2Fv2%2Fproduct_cat&post=1285"},{"taxonomy":"product_tag","embeddable":true,"href":"https:\/\/vonotterskarummet.se\/index.php?rest_route=%2Fwp%2Fv2%2Fproduct_tag&post=1285"}],"curies":[{"name":"wp","href":"https:\/\/api.w.org\/{rel}","templated":true}]}}