{"id":1361,"date":"2026-04-21T11:16:35","date_gmt":"2026-04-21T09:16:35","guid":{"rendered":"https:\/\/vonotterskarummet.se\/?post_type=product&#038;p=1361"},"modified":"2026-04-21T11:16:36","modified_gmt":"2026-04-21T09:16:36","slug":"franskt-kladskap-garderob-med-spegeldorrar","status":"publish","type":"product","link":"https:\/\/vonotterskarummet.se\/?product=franskt-kladskap-garderob-med-spegeldorrar","title":{"rendered":"Franskt kl\u00e4dsk\u00e5p \/ garderob med spegeld\u00f6rrar"},"content":{"rendered":"","protected":false},"excerpt":{"rendered":"<p data-start=\"247\" data-end=\"571\"><strong data-start=\"247\" data-end=\"327\">Elegant franskt kl\u00e4dsk\u00e5p \/ garderob fr\u00e5n sent 1800-tal eller tidigt 1900-tal<\/strong>, rikt dekorerat med snidade blomornament, spegeld\u00f6rr i mitten och vackert profilerad kr\u00f6nlist med blomsterdekor. Ett mycket karakt\u00e4rsfullt m\u00f6belstycke med klassiska proportioner och ett uttryck som passar lika fint i sovrum, hall eller salong.<\/p>\n<p data-start=\"573\" data-end=\"877\">Sk\u00e5pet har <strong data-start=\"584\" data-end=\"598\">tre d\u00f6rrar<\/strong> d\u00e4r mittpartiet utg\u00f6rs av en <strong data-start=\"628\" data-end=\"647\">helkroppsspegel<\/strong>, medan de b\u00e5da sidod\u00f6rrarna \u00f6ppnar upp till f\u00f6rvaringsutrymmen. De dekorativa detaljerna med blomsterurnor, rosor, profilerade lister och mjukt sv\u00e4ngda former ger m\u00f6beln ett tydligt <strong data-start=\"830\" data-end=\"876\">franskt Louis XV-\/rokokoinspirerat uttryck<\/strong>.<\/p>\n<p data-start=\"879\" data-end=\"1177\">Tr\u00e4et har ett varmt och levande \u00e5dringsspel, sannolikt i <strong data-start=\"936\" data-end=\"978\">valn\u00f6tsfaner \u00f6ver stomme i massivt tr\u00e4<\/strong>, vilket \u00e4r typiskt f\u00f6r m\u00f6bler av denna typ och period. Inv\u00e4ndigt syns ett vackert fan\u00e9rarbete och sk\u00e5pet har bevarade beslag, g\u00e5ngj\u00e4rn och nyckelskyltar.<\/p>\n<p data-start=\"1179\" data-end=\"1275\">Detta \u00e4r en m\u00f6bel med stark n\u00e4rvaro \u2013 b\u00e5de praktisk f\u00f6r f\u00f6rvaring och mycket vacker som solit\u00e4r.<\/p>\n<hr data-start=\"1277\" data-end=\"1280\" \/>\n<h2 data-section-id=\"4svgn3\" data-start=\"1282\" data-end=\"1315\"><span role=\"text\"><strong data-start=\"1285\" data-end=\"1313\">Mer info \/ stil &amp; period<\/strong><\/span><\/h2>\n<ul data-start=\"1316\" data-end=\"1785\">\n<li data-section-id=\"f6a5tb\" data-start=\"1316\" data-end=\"1341\"><strong data-start=\"1318\" data-end=\"1331\">Ursprung:<\/strong> Franskt<\/li>\n<li data-section-id=\"12uqgul\" data-start=\"1342\" data-end=\"1383\"><strong data-start=\"1344\" data-end=\"1353\">Stil:<\/strong> Louis XV \/ rokokoinspirerad<\/li>\n<li data-section-id=\"ahf4tm\" data-start=\"1384\" data-end=\"1444\"><strong data-start=\"1386\" data-end=\"1397\">Period:<\/strong> Troligen <strong data-start=\"1407\" data-end=\"1442\">sent 1800-tal \u2013 tidigt 1900-tal<\/strong><\/li>\n<li data-section-id=\"oz77tf\" data-start=\"1445\" data-end=\"1542\"><strong data-start=\"1447\" data-end=\"1460\">Material:<\/strong> Fanerad stomme, sannolikt <strong data-start=\"1487\" data-end=\"1512\">valn\u00f6t \/ valn\u00f6tsfaner<\/strong>, spegelglas, m\u00e4ssingsbeslag<\/li>\n<li data-section-id=\"1ba9tzw\" data-start=\"1543\" data-end=\"1591\"><strong data-start=\"1545\" data-end=\"1559\">Utf\u00f6rande:<\/strong> 3-d\u00f6rrars garderob \/ kl\u00e4dsk\u00e5p<\/li>\n<li data-section-id=\"tmfbab\" data-start=\"1592\" data-end=\"1785\"><strong data-start=\"1594\" data-end=\"1607\">Detaljer:<\/strong>\n<ul data-start=\"1612\" data-end=\"1785\">\n<li data-section-id=\"1lglh6m\" data-start=\"1612\" data-end=\"1631\">Stor mittspegel<\/li>\n<li data-section-id=\"1htr0ys\" data-start=\"1634\" data-end=\"1662\">Snidade blomsterornament<\/li>\n<li data-section-id=\"mvtyjo\" data-start=\"1665\" data-end=\"1687\">Profilerade lister<\/li>\n<li data-section-id=\"62vuwb\" data-start=\"1690\" data-end=\"1718\">Dekorativ kr\u00f6n med rosor<\/li>\n<li data-section-id=\"16z3y90\" data-start=\"1721\" data-end=\"1761\">Originalk\u00e4nsla i beslag och g\u00e5ngj\u00e4rn<\/li>\n<li data-section-id=\"11vavwl\" data-start=\"1764\" data-end=\"1785\">Nycklar medf\u00f6ljer<\/li>\n<\/ul>\n<\/li>\n<\/ul>\n<hr data-start=\"1787\" data-end=\"1790\" \/>\n<h2 data-section-id=\"1wcd3a4\" data-start=\"1792\" data-end=\"1828\"><span role=\"text\"><strong data-start=\"1795\" data-end=\"1826\">Skick\u00a0<\/strong><\/span><\/h2>\n<h2 data-section-id=\"1wcd3a4\" data-start=\"1792\" data-end=\"1828\"><strong data-start=\"1829\" data-end=\"1884\">Gott antikt bruksskick med \u00e5ldersrelaterat slitage.<\/strong><\/h2>\n<ul data-start=\"2044\" data-end=\"2687\">\n<li data-section-id=\"12lgpke\" data-start=\"2044\" data-end=\"2129\"><strong data-start=\"2046\" data-end=\"2090\">Ytslitage, repor, m\u00e4rken och mindre nagg<\/strong> f\u00f6rekommer p\u00e5 tr\u00e4, lister och kanter<\/li>\n<li data-section-id=\"4tw4vn\" data-start=\"2130\" data-end=\"2216\">Viss <strong data-start=\"2137\" data-end=\"2178\">slitage kring g\u00e5ngj\u00e4rn och d\u00f6rrkanter<\/strong>, bl.a. synligt vid mittd\u00f6rrens kant<\/li>\n<li data-section-id=\"wz2ayz\" data-start=\"2217\" data-end=\"2361\"><strong data-start=\"2219\" data-end=\"2267\">Spegelglaset har \u00e5ldersslitage \/ spegelsl\u00e4pp<\/strong> i nederkant (sv\u00e4rtning\/flagnande spegelskikt), vilket \u00e4r vanligt och ger fin antik karakt\u00e4r<\/li>\n<li data-section-id=\"28oph7\" data-start=\"2362\" data-end=\"2420\">Mindre <strong data-start=\"2371\" data-end=\"2404\">oj\u00e4mnheter i faner och finish<\/strong> kan f\u00f6rekomma<\/li>\n<li data-section-id=\"188e3m4\" data-start=\"2421\" data-end=\"2475\">Beslag och nyckelskyltar visar <strong data-start=\"2454\" data-end=\"2473\">naturlig patina<\/strong><\/li>\n<li data-section-id=\"1a9va2i\" data-start=\"2476\" data-end=\"2622\">D\u00f6rrarna fungerar och <strong data-start=\"2506\" data-end=\"2523\">nycklar finns<\/strong>Inv\u00e4ndigt syns <strong data-start=\"2640\" data-end=\"2664\">normalt bruksslitage<\/strong> men \u00f6verlag v\u00e4lbevarat<\/li>\n<\/ul>\n","protected":false},"featured_media":1362,"template":"","meta":{"wds_primary_product_brand":0,"wds_primary_product_cat":0},"product_brand":[],"product_cat":[24,34,25],"product_tag":[],"class_list":{"0":"post-1361","1":"product","2":"type-product","3":"status-publish","4":"has-post-thumbnail","6":"product_cat-antikviteter","7":"product_cat-mobler","8":"product_cat-nyheter","9":"product_shipping_class-endast-hamtning","11":"first","12":"instock","13":"taxable","14":"shipping-taxable","15":"purchasable","16":"product-type-simple"},"jetpack_sharing_enabled":true,"_links":{"self":[{"href":"https:\/\/vonotterskarummet.se\/index.php?rest_route=\/wp\/v2\/product\/1361","targetHints":{"allow":["GET"]}}],"collection":[{"href":"https:\/\/vonotterskarummet.se\/index.php?rest_route=\/wp\/v2\/product"}],"about":[{"href":"https:\/\/vonotterskarummet.se\/index.php?rest_route=\/wp\/v2\/types\/product"}],"wp:featuredmedia":[{"embeddable":true,"href":"https:\/\/vonotterskarummet.se\/index.php?rest_route=\/wp\/v2\/media\/1362"}],"wp:attachment":[{"href":"https:\/\/vonotterskarummet.se\/index.php?rest_route=%2Fwp%2Fv2%2Fmedia&parent=1361"}],"wp:term":[{"taxonomy":"product_brand","embeddable":true,"href":"https:\/\/vonotterskarummet.se\/index.php?rest_route=%2Fwp%2Fv2%2Fproduct_brand&post=1361"},{"taxonomy":"product_cat","embeddable":true,"href":"https:\/\/vonotterskarummet.se\/index.php?rest_route=%2Fwp%2Fv2%2Fproduct_cat&post=1361"},{"taxonomy":"product_tag","embeddable":true,"href":"https:\/\/vonotterskarummet.se\/index.php?rest_route=%2Fwp%2Fv2%2Fproduct_tag&post=1361"}],"curies":[{"name":"wp","href":"https:\/\/api.w.org\/{rel}","templated":true}]}}