{"id":1380,"date":"2026-04-21T11:22:49","date_gmt":"2026-04-21T09:22:49","guid":{"rendered":"https:\/\/vonotterskarummet.se\/?post_type=product&#038;p=1380"},"modified":"2026-04-21T11:22:50","modified_gmt":"2026-04-21T09:22:50","slug":"vit-serveringsskal-i-porslin-med-guldkant","status":"publish","type":"product","link":"https:\/\/vonotterskarummet.se\/?product=vit-serveringsskal-i-porslin-med-guldkant","title":{"rendered":"Vit serveringssk\u00e5l i porslin med guldkant"},"content":{"rendered":"","protected":false},"excerpt":{"rendered":"<p data-start=\"192\" data-end=\"396\">Elegant <strong data-start=\"200\" data-end=\"233\">serveringssk\u00e5l i vitt porslin<\/strong> med mjukt kvadratisk form, rundade h\u00f6rn och fin <strong data-start=\"282\" data-end=\"294\">guldkant<\/strong>. En stilren och tidl\u00f6s sk\u00e5l som passar lika fint till servering som till dukning p\u00e5 ett vackert bord.<\/p>\n<p data-start=\"398\" data-end=\"606\">Sk\u00e5len har en klassisk form med l\u00e4tt uppdragna kanter och en diskret r\u00e4fflad detalj l\u00e4ngs innerkanten som ger ett fint och sobert uttryck. Perfekt till sallad, gr\u00f6nsaker, potatis, frukt eller andra tillbeh\u00f6r.<\/p>\n<p data-start=\"608\" data-end=\"692\">En vacker porslinsdetalj som enkelt kan kombineras med b\u00e5de \u00e4ldre och modern servis.<\/p>\n","protected":false},"featured_media":1296,"template":"","meta":{"wds_primary_product_brand":0,"wds_primary_product_cat":0},"product_brand":[],"product_cat":[15,25],"product_tag":[],"class_list":{"0":"post-1380","1":"product","2":"type-product","3":"status-publish","4":"has-post-thumbnail","6":"product_cat-uncategorized","7":"product_cat-nyheter","8":"product_shipping_class-mindre-paket","10":"first","11":"instock","12":"taxable","13":"shipping-taxable","14":"purchasable","15":"product-type-simple"},"jetpack_sharing_enabled":true,"_links":{"self":[{"href":"https:\/\/vonotterskarummet.se\/index.php?rest_route=\/wp\/v2\/product\/1380","targetHints":{"allow":["GET"]}}],"collection":[{"href":"https:\/\/vonotterskarummet.se\/index.php?rest_route=\/wp\/v2\/product"}],"about":[{"href":"https:\/\/vonotterskarummet.se\/index.php?rest_route=\/wp\/v2\/types\/product"}],"wp:featuredmedia":[{"embeddable":true,"href":"https:\/\/vonotterskarummet.se\/index.php?rest_route=\/wp\/v2\/media\/1296"}],"wp:attachment":[{"href":"https:\/\/vonotterskarummet.se\/index.php?rest_route=%2Fwp%2Fv2%2Fmedia&parent=1380"}],"wp:term":[{"taxonomy":"product_brand","embeddable":true,"href":"https:\/\/vonotterskarummet.se\/index.php?rest_route=%2Fwp%2Fv2%2Fproduct_brand&post=1380"},{"taxonomy":"product_cat","embeddable":true,"href":"https:\/\/vonotterskarummet.se\/index.php?rest_route=%2Fwp%2Fv2%2Fproduct_cat&post=1380"},{"taxonomy":"product_tag","embeddable":true,"href":"https:\/\/vonotterskarummet.se\/index.php?rest_route=%2Fwp%2Fv2%2Fproduct_tag&post=1380"}],"curies":[{"name":"wp","href":"https:\/\/api.w.org\/{rel}","templated":true}]}}