{"id":1381,"date":"2026-04-21T11:25:24","date_gmt":"2026-04-21T09:25:24","guid":{"rendered":"https:\/\/vonotterskarummet.se\/?post_type=product&#038;p=1381"},"modified":"2026-04-21T11:25:25","modified_gmt":"2026-04-21T09:25:25","slug":"avlang-serveringsskal-i-porslin-med-guldkant","status":"publish","type":"product","link":"https:\/\/vonotterskarummet.se\/?product=avlang-serveringsskal-i-porslin-med-guldkant","title":{"rendered":"Avl\u00e5ng serveringssk\u00e5l i porslin med guldkant"},"content":{"rendered":"","protected":false},"excerpt":{"rendered":"<p data-start=\"163\" data-end=\"358\">Elegant <strong data-start=\"171\" data-end=\"211\">avl\u00e5ng serveringssk\u00e5l i vitt porslin<\/strong> med mjukt rundad rektangul\u00e4r form och fin <strong data-start=\"254\" data-end=\"266\">guldkant<\/strong>. En stilren och tidl\u00f6s sk\u00e5l som passar lika fint till servering som till en vacker dukning.<\/p>\n<p data-start=\"360\" data-end=\"589\">Sk\u00e5len har en klassisk form med l\u00e4tt uppdragna kanter och en diskret r\u00e4fflad detalj l\u00e4ngs innerkanten som ger ett sobert och elegant uttryck. Perfekt till uppl\u00e4ggning av gr\u00f6nsaker, tillbeh\u00f6r, frukt, br\u00f6d eller mindre serveringar.<\/p>\n<p data-start=\"591\" data-end=\"675\">En vacker porslinsdetalj som enkelt kan kombineras med b\u00e5de \u00e4ldre och modern servis.<\/p>\n","protected":false},"featured_media":1348,"template":"","meta":{"wds_primary_product_brand":0,"wds_primary_product_cat":0},"product_brand":[],"product_cat":[15,25],"product_tag":[],"class_list":{"0":"post-1381","1":"product","2":"type-product","3":"status-publish","4":"has-post-thumbnail","6":"product_cat-uncategorized","7":"product_cat-nyheter","8":"product_shipping_class-mindre-paket","10":"first","11":"instock","12":"taxable","13":"shipping-taxable","14":"purchasable","15":"product-type-simple"},"jetpack_sharing_enabled":true,"_links":{"self":[{"href":"https:\/\/vonotterskarummet.se\/index.php?rest_route=\/wp\/v2\/product\/1381","targetHints":{"allow":["GET"]}}],"collection":[{"href":"https:\/\/vonotterskarummet.se\/index.php?rest_route=\/wp\/v2\/product"}],"about":[{"href":"https:\/\/vonotterskarummet.se\/index.php?rest_route=\/wp\/v2\/types\/product"}],"wp:featuredmedia":[{"embeddable":true,"href":"https:\/\/vonotterskarummet.se\/index.php?rest_route=\/wp\/v2\/media\/1348"}],"wp:attachment":[{"href":"https:\/\/vonotterskarummet.se\/index.php?rest_route=%2Fwp%2Fv2%2Fmedia&parent=1381"}],"wp:term":[{"taxonomy":"product_brand","embeddable":true,"href":"https:\/\/vonotterskarummet.se\/index.php?rest_route=%2Fwp%2Fv2%2Fproduct_brand&post=1381"},{"taxonomy":"product_cat","embeddable":true,"href":"https:\/\/vonotterskarummet.se\/index.php?rest_route=%2Fwp%2Fv2%2Fproduct_cat&post=1381"},{"taxonomy":"product_tag","embeddable":true,"href":"https:\/\/vonotterskarummet.se\/index.php?rest_route=%2Fwp%2Fv2%2Fproduct_tag&post=1381"}],"curies":[{"name":"wp","href":"https:\/\/api.w.org\/{rel}","templated":true}]}}