{"id":1382,"date":"2026-04-21T11:29:50","date_gmt":"2026-04-21T09:29:50","guid":{"rendered":"https:\/\/vonotterskarummet.se\/?post_type=product&#038;p=1382"},"modified":"2026-04-21T11:29:50","modified_gmt":"2026-04-21T09:29:50","slug":"aldre-madonnafigur-fran-lourdes-frankrike","status":"publish","type":"product","link":"https:\/\/vonotterskarummet.se\/?product=aldre-madonnafigur-fran-lourdes-frankrike","title":{"rendered":"\u00c4ldre Madonnafigur fr\u00e5n Lourdes, Frankrike"},"content":{"rendered":"","protected":false},"excerpt":{"rendered":"<p data-start=\"250\" data-end=\"479\">\u00c4ldre <strong data-start=\"256\" data-end=\"288\">Madonnafigur \/ Jungfru Maria<\/strong> fr\u00e5n <strong data-start=\"294\" data-end=\"317\">Lourdes i Frankrike<\/strong>, vackert utf\u00f6rd i klassisk form med h\u00e4nderna i b\u00f6n och rosarie l\u00e4ngs sidan. En fin religi\u00f6s figur med mjuka f\u00e4rgtoner i creme, ljusbl\u00e5tt och handm\u00e5lade detaljer.<\/p>\n<p data-start=\"481\" data-end=\"725\">Figuren \u00e4r m\u00e4rkt <strong data-start=\"498\" data-end=\"509\">Lourdes<\/strong> undertill och b\u00e4r tydlig k\u00e4nsla av att vara ett \u00e4ldre souvenir- eller devotionalf\u00f6rem\u00e5l fr\u00e5n den v\u00e4lk\u00e4nda pilgrimsorten i s\u00f6dra Frankrike. Den st\u00e5r p\u00e5 formad sockel med blomdekor och har ett stilla, vackert uttryck.<\/p>\n<p data-start=\"727\" data-end=\"824\">En st\u00e4mningsfull detalj f\u00f6r samlaren, i ett stilleben eller som del av en \u00e4ldre religi\u00f6s samling.<\/p>\n<hr data-start=\"826\" data-end=\"829\" \/>\n<h2 data-section-id=\"2agov0\" data-start=\"831\" data-end=\"845\"><span role=\"text\"><strong data-start=\"834\" data-end=\"843\">Skick<\/strong><\/span><\/h2>\n<p data-start=\"846\" data-end=\"889\"><strong data-start=\"846\" data-end=\"889\">Bruksskick med \u00e5ldersrelaterat slitage.<\/strong><\/p>\n<ul data-start=\"891\" data-end=\"1206\">\n<li data-section-id=\"t4sovm\" data-start=\"891\" data-end=\"944\">Baksidan \u00e4r <strong data-start=\"905\" data-end=\"942\">tydligt solblekt \/ blekt i f\u00e4rgen<\/strong><\/li>\n<li data-section-id=\"12jbavf\" data-start=\"945\" data-end=\"1007\">Normalt slitage, mindre f\u00e4rgbortfall och m\u00e4rken f\u00f6rekommer<\/li>\n<li data-section-id=\"l41ztp\" data-start=\"1008\" data-end=\"1068\">Slitage syns s\u00e4rskilt kring sockelns kanter och nederdel<\/li>\n<li data-section-id=\"14u69na\" data-start=\"1069\" data-end=\"1150\">Mindre \u00e5lderssp\u00e5r och ytn\u00f6tning finns, fullt i linje med \u00e5lder och anv\u00e4ndning<\/li>\n<li data-section-id=\"1di6ihu\" data-start=\"1151\" data-end=\"1206\">Helhetsintrycket \u00e4r fint och figuren har mycket charm<\/li>\n<\/ul>\n","protected":false},"featured_media":1330,"template":"","meta":{"wds_primary_product_brand":0,"wds_primary_product_cat":0},"product_brand":[],"product_cat":[24,15,25],"product_tag":[],"class_list":{"0":"post-1382","1":"product","2":"type-product","3":"status-publish","4":"has-post-thumbnail","6":"product_cat-antikviteter","7":"product_cat-uncategorized","8":"product_cat-nyheter","9":"product_shipping_class-mindre-paket","11":"first","12":"instock","13":"taxable","14":"shipping-taxable","15":"purchasable","16":"product-type-simple"},"jetpack_sharing_enabled":true,"_links":{"self":[{"href":"https:\/\/vonotterskarummet.se\/index.php?rest_route=\/wp\/v2\/product\/1382","targetHints":{"allow":["GET"]}}],"collection":[{"href":"https:\/\/vonotterskarummet.se\/index.php?rest_route=\/wp\/v2\/product"}],"about":[{"href":"https:\/\/vonotterskarummet.se\/index.php?rest_route=\/wp\/v2\/types\/product"}],"wp:featuredmedia":[{"embeddable":true,"href":"https:\/\/vonotterskarummet.se\/index.php?rest_route=\/wp\/v2\/media\/1330"}],"wp:attachment":[{"href":"https:\/\/vonotterskarummet.se\/index.php?rest_route=%2Fwp%2Fv2%2Fmedia&parent=1382"}],"wp:term":[{"taxonomy":"product_brand","embeddable":true,"href":"https:\/\/vonotterskarummet.se\/index.php?rest_route=%2Fwp%2Fv2%2Fproduct_brand&post=1382"},{"taxonomy":"product_cat","embeddable":true,"href":"https:\/\/vonotterskarummet.se\/index.php?rest_route=%2Fwp%2Fv2%2Fproduct_cat&post=1382"},{"taxonomy":"product_tag","embeddable":true,"href":"https:\/\/vonotterskarummet.se\/index.php?rest_route=%2Fwp%2Fv2%2Fproduct_tag&post=1382"}],"curies":[{"name":"wp","href":"https:\/\/api.w.org\/{rel}","templated":true}]}}