{"id":1383,"date":"2026-04-21T11:34:36","date_gmt":"2026-04-21T09:34:36","guid":{"rendered":"https:\/\/vonotterskarummet.se\/?post_type=product&#038;p=1383"},"modified":"2026-04-21T11:34:37","modified_gmt":"2026-04-21T09:34:37","slug":"franskt-fat-pa-tassfotter-i-metall","status":"publish","type":"product","link":"https:\/\/vonotterskarummet.se\/?product=franskt-fat-pa-tassfotter-i-metall","title":{"rendered":"Franskt fat p\u00e5 tassf\u00f6tter i metall"},"content":{"rendered":"","protected":false},"excerpt":{"rendered":"<p data-start=\"182\" data-end=\"398\">Vackert <strong data-start=\"190\" data-end=\"214\">franskt fat i metall<\/strong> med dekorativt formad kant, sirliga ornament och sm\u00e5 <strong data-start=\"268\" data-end=\"282\">tassf\u00f6tter<\/strong> undertill. Ett elegant \u00e4ldre fat med mjukt oval form och vackra detaljer som ger ett klassiskt och tidl\u00f6st uttryck.<\/p>\n<p data-start=\"400\" data-end=\"672\">Fatet har en rikt arbetad relief med rokoko-inspirerade ornament och v\u00e5gig kant, vilket ger det en fin fransk karakt\u00e4r. De sm\u00e5 f\u00f6tterna lyfter fatet vackert fr\u00e5n underlaget och g\u00f6r det lika fint som uppl\u00e4ggningsfat som dekorativ detalj p\u00e5 bord, byr\u00e5 eller i ett stilleben.<\/p>\n<p data-start=\"674\" data-end=\"775\">En charmig inredningsdetalj som passar lika fint ensam som tillsammans med andra \u00e4ldre metallf\u00f6rem\u00e5l.<\/p>\n<hr data-start=\"777\" data-end=\"780\" \/>\n<h2 data-section-id=\"2agov0\" data-start=\"782\" data-end=\"796\"><span role=\"text\"><strong data-start=\"785\" data-end=\"794\">Skick<\/strong><\/span><\/h2>\n<p data-start=\"797\" data-end=\"851\"><strong data-start=\"797\" data-end=\"851\">Bruksskick med \u00e5ldersrelaterad patina och slitage.<\/strong><\/p>\n<ul data-start=\"853\" data-end=\"1050\">\n<li data-section-id=\"b381xi\" data-start=\"853\" data-end=\"905\">Tydlig <strong data-start=\"862\" data-end=\"892\">patina och m\u00f6rkare partier<\/strong> i metallen<\/li>\n<li data-section-id=\"sgv4wc\" data-start=\"906\" data-end=\"956\">Ytslitage, repor och missf\u00e4rgningar f\u00f6rekommer<\/li>\n<li data-section-id=\"1s40pc1\" data-start=\"957\" data-end=\"1003\">Normalt slitage undertill och kring f\u00f6tter<\/li>\n<li data-section-id=\"14utptc\" data-start=\"1004\" data-end=\"1050\">Helhetsintrycket \u00e4r fint med mycket karakt\u00e4r<\/li>\n<\/ul>\n","protected":false},"featured_media":1308,"template":"","meta":{"wds_primary_product_brand":0,"wds_primary_product_cat":0},"product_brand":[],"product_cat":[24,15,25],"product_tag":[],"class_list":{"0":"post-1383","1":"product","2":"type-product","3":"status-publish","4":"has-post-thumbnail","6":"product_cat-antikviteter","7":"product_cat-uncategorized","8":"product_cat-nyheter","9":"product_shipping_class-storre-paket","11":"first","12":"instock","13":"taxable","14":"shipping-taxable","15":"purchasable","16":"product-type-simple"},"jetpack_sharing_enabled":true,"_links":{"self":[{"href":"https:\/\/vonotterskarummet.se\/index.php?rest_route=\/wp\/v2\/product\/1383","targetHints":{"allow":["GET"]}}],"collection":[{"href":"https:\/\/vonotterskarummet.se\/index.php?rest_route=\/wp\/v2\/product"}],"about":[{"href":"https:\/\/vonotterskarummet.se\/index.php?rest_route=\/wp\/v2\/types\/product"}],"wp:featuredmedia":[{"embeddable":true,"href":"https:\/\/vonotterskarummet.se\/index.php?rest_route=\/wp\/v2\/media\/1308"}],"wp:attachment":[{"href":"https:\/\/vonotterskarummet.se\/index.php?rest_route=%2Fwp%2Fv2%2Fmedia&parent=1383"}],"wp:term":[{"taxonomy":"product_brand","embeddable":true,"href":"https:\/\/vonotterskarummet.se\/index.php?rest_route=%2Fwp%2Fv2%2Fproduct_brand&post=1383"},{"taxonomy":"product_cat","embeddable":true,"href":"https:\/\/vonotterskarummet.se\/index.php?rest_route=%2Fwp%2Fv2%2Fproduct_cat&post=1383"},{"taxonomy":"product_tag","embeddable":true,"href":"https:\/\/vonotterskarummet.se\/index.php?rest_route=%2Fwp%2Fv2%2Fproduct_tag&post=1383"}],"curies":[{"name":"wp","href":"https:\/\/api.w.org\/{rel}","templated":true}]}}