{"id":1385,"date":"2026-04-21T11:37:35","date_gmt":"2026-04-21T09:37:35","guid":{"rendered":"https:\/\/vonotterskarummet.se\/?post_type=product&#038;p=1385"},"modified":"2026-04-21T11:37:36","modified_gmt":"2026-04-21T09:37:36","slug":"franskt-fat-i-metall-med-sirlig-kant","status":"publish","type":"product","link":"https:\/\/vonotterskarummet.se\/?product=franskt-fat-i-metall-med-sirlig-kant","title":{"rendered":"Franskt fat i metall med sirlig kant"},"content":{"rendered":"","protected":false},"excerpt":{"rendered":"<p data-start=\"205\" data-end=\"433\">\u00c4ldre <strong data-start=\"211\" data-end=\"235\">franskt fat i metall<\/strong> med vackert arbetad, sirlig kant i klassisk fransk stil. Ett elegant mindre fat med mjukt rund form och fint uttryck, passar lika v\u00e4l till servering som som inslag i dukning eller p\u00e5 ett sideboard.<\/p>\n<p data-start=\"435\" data-end=\"599\">Den dekorativa kanten ger fatet karakt\u00e4r utan att ta \u00f6ver, och den enkla speglande mitten skapar en fin balans. Ett charmigt \u00e4ldre f\u00f6rem\u00e5l med tydlig fransk k\u00e4nsla.<\/p>\n<hr data-start=\"601\" data-end=\"604\" \/>\n<h2 data-section-id=\"2agov0\" data-start=\"606\" data-end=\"620\"><span role=\"text\"><strong data-start=\"609\" data-end=\"618\">Skick<\/strong><\/span><\/h2>\n<p data-start=\"621\" data-end=\"664\"><strong data-start=\"621\" data-end=\"664\">Bruksskick med \u00e5ldersrelaterat slitage.<\/strong><\/p>\n<ul data-start=\"666\" data-end=\"819\">\n<li data-section-id=\"12aqp6d\" data-start=\"666\" data-end=\"706\">Patina och missf\u00e4rgningar f\u00f6rekommer<\/li>\n<li data-section-id=\"f5ac7h\" data-start=\"707\" data-end=\"732\">Ytslitage\/repor finns<\/li>\n<li data-section-id=\"188c860\" data-start=\"733\" data-end=\"774\">Fl\u00e4ckar och brukssp\u00e5r syns i metallen<\/li>\n<li data-section-id=\"v1wxes\" data-start=\"775\" data-end=\"819\">Fint helhetsintryck med \u00e5lder och karakt\u00e4r<\/li>\n<\/ul>\n","protected":false},"featured_media":1322,"template":"","meta":{"wds_primary_product_brand":0,"wds_primary_product_cat":0},"product_brand":[],"product_cat":[24,15,25],"product_tag":[],"class_list":{"0":"post-1385","1":"product","2":"type-product","3":"status-publish","4":"has-post-thumbnail","6":"product_cat-antikviteter","7":"product_cat-uncategorized","8":"product_cat-nyheter","9":"product_shipping_class-mindre-paket","11":"first","12":"instock","13":"taxable","14":"shipping-taxable","15":"purchasable","16":"product-type-simple"},"jetpack_sharing_enabled":true,"_links":{"self":[{"href":"https:\/\/vonotterskarummet.se\/index.php?rest_route=\/wp\/v2\/product\/1385","targetHints":{"allow":["GET"]}}],"collection":[{"href":"https:\/\/vonotterskarummet.se\/index.php?rest_route=\/wp\/v2\/product"}],"about":[{"href":"https:\/\/vonotterskarummet.se\/index.php?rest_route=\/wp\/v2\/types\/product"}],"wp:featuredmedia":[{"embeddable":true,"href":"https:\/\/vonotterskarummet.se\/index.php?rest_route=\/wp\/v2\/media\/1322"}],"wp:attachment":[{"href":"https:\/\/vonotterskarummet.se\/index.php?rest_route=%2Fwp%2Fv2%2Fmedia&parent=1385"}],"wp:term":[{"taxonomy":"product_brand","embeddable":true,"href":"https:\/\/vonotterskarummet.se\/index.php?rest_route=%2Fwp%2Fv2%2Fproduct_brand&post=1385"},{"taxonomy":"product_cat","embeddable":true,"href":"https:\/\/vonotterskarummet.se\/index.php?rest_route=%2Fwp%2Fv2%2Fproduct_cat&post=1385"},{"taxonomy":"product_tag","embeddable":true,"href":"https:\/\/vonotterskarummet.se\/index.php?rest_route=%2Fwp%2Fv2%2Fproduct_tag&post=1385"}],"curies":[{"name":"wp","href":"https:\/\/api.w.org\/{rel}","templated":true}]}}