{"id":1386,"date":"2026-04-21T11:42:30","date_gmt":"2026-04-21T09:42:30","guid":{"rendered":"https:\/\/vonotterskarummet.se\/?post_type=product&#038;p=1386"},"modified":"2026-04-21T11:42:31","modified_gmt":"2026-04-21T09:42:31","slug":"fransk-art-deco-skal-med-glasinsats-ca-1910-1930","status":"publish","type":"product","link":"https:\/\/vonotterskarummet.se\/?product=fransk-art-deco-skal-med-glasinsats-ca-1910-1930","title":{"rendered":"Fransk Art Deco sk\u00e5l med glasinsats, ca 1910\u20131930"},"content":{"rendered":"","protected":false},"excerpt":{"rendered":"<p data-start=\"237\" data-end=\"452\">\u00c4ldre <strong data-start=\"243\" data-end=\"267\">fransk Art Deco-sk\u00e5l<\/strong> med klar <strong data-start=\"277\" data-end=\"291\">glasinsats<\/strong> i m\u00f6rk metallmontering. Ett vackert f\u00f6rem\u00e5l fr\u00e5n tidigt 1900-tal med tydlig <strong data-start=\"368\" data-end=\"389\">Art Deco-karakt\u00e4r<\/strong>, d\u00e4r den strama formen m\u00f6ter arbetade detaljer och sm\u00e5 f\u00f6tter.<\/p>\n<p data-start=\"454\" data-end=\"619\">Den kraftiga metallstommen ramar in glassk\u00e5len p\u00e5 ett fint s\u00e4tt och ger ett elegant uttryck med tydlig periodk\u00e4nsla. Passar lika v\u00e4l p\u00e5 bord, konsol eller sideboard.<\/p>\n<p data-start=\"621\" data-end=\"672\">Ett fint \u00e4ldre f\u00f6rem\u00e5l med b\u00e5de tyngd och karakt\u00e4r.<\/p>\n<hr data-start=\"674\" data-end=\"677\" \/>\n<h2 data-section-id=\"2agov0\" data-start=\"679\" data-end=\"693\"><span role=\"text\"><strong data-start=\"682\" data-end=\"691\">Skick<\/strong><\/span><\/h2>\n<p data-start=\"694\" data-end=\"737\"><strong data-start=\"694\" data-end=\"737\">Bruksskick med \u00e5ldersrelaterat slitage.<\/strong><\/p>\n<ul data-start=\"739\" data-end=\"915\">\n<li data-section-id=\"e9j4ep\" data-start=\"739\" data-end=\"772\">Patina och slitage i metallen<\/li>\n<li data-section-id=\"xjbon5\" data-start=\"773\" data-end=\"828\">Ytsp\u00e5r, mindre m\u00e4rken och missf\u00e4rgningar f\u00f6rekommer<\/li>\n<li data-section-id=\"1nisk7c\" data-start=\"829\" data-end=\"870\">Glasinsatsen har normalt bruksslitage<\/li>\n<li data-section-id=\"v1wxes\" data-start=\"871\" data-end=\"915\">Fint helhetsintryck med \u00e5lder och karakt\u00e4r<\/li>\n<\/ul>\n","protected":false},"featured_media":1359,"template":"","meta":{"wds_primary_product_brand":0,"wds_primary_product_cat":0},"product_brand":[],"product_cat":[24,15,25],"product_tag":[],"class_list":{"0":"post-1386","1":"product","2":"type-product","3":"status-publish","4":"has-post-thumbnail","6":"product_cat-antikviteter","7":"product_cat-uncategorized","8":"product_cat-nyheter","9":"product_shipping_class-storre-paket","11":"first","12":"instock","13":"taxable","14":"shipping-taxable","15":"purchasable","16":"product-type-simple"},"jetpack_sharing_enabled":true,"_links":{"self":[{"href":"https:\/\/vonotterskarummet.se\/index.php?rest_route=\/wp\/v2\/product\/1386","targetHints":{"allow":["GET"]}}],"collection":[{"href":"https:\/\/vonotterskarummet.se\/index.php?rest_route=\/wp\/v2\/product"}],"about":[{"href":"https:\/\/vonotterskarummet.se\/index.php?rest_route=\/wp\/v2\/types\/product"}],"wp:featuredmedia":[{"embeddable":true,"href":"https:\/\/vonotterskarummet.se\/index.php?rest_route=\/wp\/v2\/media\/1359"}],"wp:attachment":[{"href":"https:\/\/vonotterskarummet.se\/index.php?rest_route=%2Fwp%2Fv2%2Fmedia&parent=1386"}],"wp:term":[{"taxonomy":"product_brand","embeddable":true,"href":"https:\/\/vonotterskarummet.se\/index.php?rest_route=%2Fwp%2Fv2%2Fproduct_brand&post=1386"},{"taxonomy":"product_cat","embeddable":true,"href":"https:\/\/vonotterskarummet.se\/index.php?rest_route=%2Fwp%2Fv2%2Fproduct_cat&post=1386"},{"taxonomy":"product_tag","embeddable":true,"href":"https:\/\/vonotterskarummet.se\/index.php?rest_route=%2Fwp%2Fv2%2Fproduct_tag&post=1386"}],"curies":[{"name":"wp","href":"https:\/\/api.w.org\/{rel}","templated":true}]}}