{"id":1387,"date":"2026-04-21T11:46:56","date_gmt":"2026-04-21T09:46:56","guid":{"rendered":"https:\/\/vonotterskarummet.se\/?post_type=product&#038;p=1387"},"modified":"2026-04-21T11:46:57","modified_gmt":"2026-04-21T09:46:57","slug":"smyckesskap-i-glas-och-metall-fran-chic-antique","status":"publish","type":"product","link":"https:\/\/vonotterskarummet.se\/?product=smyckesskap-i-glas-och-metall-fran-chic-antique","title":{"rendered":"smyckessk\u00e5p i glas och metall fr\u00e5n Chic Antique"},"content":{"rendered":"","protected":false},"excerpt":{"rendered":"<p data-start=\"181\" data-end=\"391\">Vackert <strong data-start=\"189\" data-end=\"246\">litet smyckessk\u00e5p i glas och metall fr\u00e5n Chic Antique<\/strong> med b\u00f6ljande \u00f6verdel, dekorativa detaljer och sm\u00e5 f\u00f6tter. Ett n\u00e4tt sk\u00e5p som passar fint f\u00f6r smycken, ringar, \u00f6rh\u00e4ngen eller andra sm\u00e5 favoriter.<\/p>\n<p data-start=\"393\" data-end=\"539\">Glaset tillsammans med den arbetade metallen ger ett klassiskt uttryck med fransk k\u00e4nsla. Fint att ha framme p\u00e5 byr\u00e5, nattduksbord eller i badrum.<\/p>\n","protected":false},"featured_media":1331,"template":"","meta":{"wds_primary_product_brand":0,"wds_primary_product_cat":0},"product_brand":[],"product_cat":[15,25],"product_tag":[],"class_list":{"0":"post-1387","1":"product","2":"type-product","3":"status-publish","4":"has-post-thumbnail","6":"product_cat-uncategorized","7":"product_cat-nyheter","8":"product_shipping_class-mindre-paket","10":"first","11":"instock","12":"taxable","13":"shipping-taxable","14":"purchasable","15":"product-type-simple"},"jetpack_sharing_enabled":true,"_links":{"self":[{"href":"https:\/\/vonotterskarummet.se\/index.php?rest_route=\/wp\/v2\/product\/1387","targetHints":{"allow":["GET"]}}],"collection":[{"href":"https:\/\/vonotterskarummet.se\/index.php?rest_route=\/wp\/v2\/product"}],"about":[{"href":"https:\/\/vonotterskarummet.se\/index.php?rest_route=\/wp\/v2\/types\/product"}],"wp:featuredmedia":[{"embeddable":true,"href":"https:\/\/vonotterskarummet.se\/index.php?rest_route=\/wp\/v2\/media\/1331"}],"wp:attachment":[{"href":"https:\/\/vonotterskarummet.se\/index.php?rest_route=%2Fwp%2Fv2%2Fmedia&parent=1387"}],"wp:term":[{"taxonomy":"product_brand","embeddable":true,"href":"https:\/\/vonotterskarummet.se\/index.php?rest_route=%2Fwp%2Fv2%2Fproduct_brand&post=1387"},{"taxonomy":"product_cat","embeddable":true,"href":"https:\/\/vonotterskarummet.se\/index.php?rest_route=%2Fwp%2Fv2%2Fproduct_cat&post=1387"},{"taxonomy":"product_tag","embeddable":true,"href":"https:\/\/vonotterskarummet.se\/index.php?rest_route=%2Fwp%2Fv2%2Fproduct_tag&post=1387"}],"curies":[{"name":"wp","href":"https:\/\/api.w.org\/{rel}","templated":true}]}}