{"id":1389,"date":"2026-04-21T11:55:34","date_gmt":"2026-04-21T09:55:34","guid":{"rendered":"https:\/\/vonotterskarummet.se\/?post_type=product&#038;p=1389"},"modified":"2026-04-21T11:55:34","modified_gmt":"2026-04-21T09:55:34","slug":"franskt-fat-i-tenn-metall","status":"publish","type":"product","link":"https:\/\/vonotterskarummet.se\/?product=franskt-fat-i-tenn-metall","title":{"rendered":"Franskt fat i tenn\/metall"},"content":{"rendered":"","protected":false},"excerpt":{"rendered":"<p data-start=\"149\" data-end=\"349\">\u00c4ldre <strong data-start=\"155\" data-end=\"184\">franskt fat i tenn\/metall<\/strong> med mjukt b\u00f6ljande form och dekorativ kant med klassiskt m\u00f6nster. Ett vackert f\u00f6rem\u00e5l med fin patina som passar b\u00e5de som serveringsfat och som del av ett stilleben.<\/p>\n<p data-start=\"351\" data-end=\"424\">Den tidl\u00f6sa formen och den slitna ytan ger fatet en tydlig fransk k\u00e4nsla.<\/p>\n<h2 data-section-id=\"2agov0\" data-start=\"426\" data-end=\"440\"><span role=\"text\"><strong data-start=\"429\" data-end=\"438\">Skick<\/strong><\/span><\/h2>\n<p data-start=\"441\" data-end=\"550\"><strong data-start=\"441\" data-end=\"484\">Bruksskick med \u00e5ldersrelaterat slitage.<\/strong><br data-start=\"484\" data-end=\"487\" \/>Patina, repor, missf\u00e4rgningar och normala brukssp\u00e5r f\u00f6rekommer.<\/p>\n<h2 data-section-id=\"152uy8s\" data-start=\"557\" data-end=\"599\"><\/h2>\n","protected":false},"featured_media":1335,"template":"","meta":{"wds_primary_product_brand":0,"wds_primary_product_cat":0},"product_brand":[],"product_cat":[24,15,25],"product_tag":[],"class_list":{"0":"post-1389","1":"product","2":"type-product","3":"status-publish","4":"has-post-thumbnail","6":"product_cat-antikviteter","7":"product_cat-uncategorized","8":"product_cat-nyheter","9":"product_shipping_class-mindre-paket","11":"first","12":"instock","13":"taxable","14":"shipping-taxable","15":"purchasable","16":"product-type-simple"},"jetpack_sharing_enabled":true,"_links":{"self":[{"href":"https:\/\/vonotterskarummet.se\/index.php?rest_route=\/wp\/v2\/product\/1389","targetHints":{"allow":["GET"]}}],"collection":[{"href":"https:\/\/vonotterskarummet.se\/index.php?rest_route=\/wp\/v2\/product"}],"about":[{"href":"https:\/\/vonotterskarummet.se\/index.php?rest_route=\/wp\/v2\/types\/product"}],"wp:featuredmedia":[{"embeddable":true,"href":"https:\/\/vonotterskarummet.se\/index.php?rest_route=\/wp\/v2\/media\/1335"}],"wp:attachment":[{"href":"https:\/\/vonotterskarummet.se\/index.php?rest_route=%2Fwp%2Fv2%2Fmedia&parent=1389"}],"wp:term":[{"taxonomy":"product_brand","embeddable":true,"href":"https:\/\/vonotterskarummet.se\/index.php?rest_route=%2Fwp%2Fv2%2Fproduct_brand&post=1389"},{"taxonomy":"product_cat","embeddable":true,"href":"https:\/\/vonotterskarummet.se\/index.php?rest_route=%2Fwp%2Fv2%2Fproduct_cat&post=1389"},{"taxonomy":"product_tag","embeddable":true,"href":"https:\/\/vonotterskarummet.se\/index.php?rest_route=%2Fwp%2Fv2%2Fproduct_tag&post=1389"}],"curies":[{"name":"wp","href":"https:\/\/api.w.org\/{rel}","templated":true}]}}