{"id":1390,"date":"2026-04-21T12:09:19","date_gmt":"2026-04-21T10:09:19","guid":{"rendered":"https:\/\/vonotterskarummet.se\/?post_type=product&#038;p=1390"},"modified":"2026-04-21T12:11:04","modified_gmt":"2026-04-21T10:11:04","slug":"fransk-skal-i-tenn-metall-med-fot","status":"publish","type":"product","link":"https:\/\/vonotterskarummet.se\/?product=fransk-skal-i-tenn-metall-med-fot","title":{"rendered":"Fransk sk\u00e5l i tenn\/metall med fot"},"content":{"rendered":"","protected":false},"excerpt":{"rendered":"<p data-start=\"176\" data-end=\"369\">\u00c4ldre <strong data-start=\"182\" data-end=\"211\">fransk sk\u00e5l i tenn\/metall<\/strong> med vackert b\u00f6ljande kant och klassisk form. Ett tidl\u00f6st f\u00f6rem\u00e5l med fin patina som passar lika v\u00e4l p\u00e5 bordet som i ett stilleben eller f\u00f6r mindre f\u00f6rvaring.<\/p>\n<p data-start=\"371\" data-end=\"464\">Den mjuka formen och den slitna ytan ger sk\u00e5len ett elegant uttryck med tydlig fransk k\u00e4nsla.<\/p>\n<h2 data-section-id=\"2agov0\" data-start=\"466\" data-end=\"480\"><span role=\"text\"><strong data-start=\"469\" data-end=\"478\">Skick<\/strong><\/span><\/h2>\n<p data-start=\"481\" data-end=\"590\"><strong data-start=\"481\" data-end=\"524\">Bruksskick med \u00e5ldersrelaterat slitage.<\/strong><br data-start=\"524\" data-end=\"527\" \/>Patina, repor, missf\u00e4rgningar och normala brukssp\u00e5r f\u00f6rekommer<\/p>\n","protected":false},"featured_media":1314,"template":"","meta":{"wds_primary_product_brand":0,"wds_primary_product_cat":0},"product_brand":[],"product_cat":[24,15,25],"product_tag":[],"class_list":{"0":"post-1390","1":"product","2":"type-product","3":"status-publish","4":"has-post-thumbnail","6":"product_cat-antikviteter","7":"product_cat-uncategorized","8":"product_cat-nyheter","9":"product_shipping_class-mindre-paket","11":"first","12":"instock","13":"taxable","14":"shipping-taxable","15":"purchasable","16":"product-type-simple"},"jetpack_sharing_enabled":true,"_links":{"self":[{"href":"https:\/\/vonotterskarummet.se\/index.php?rest_route=\/wp\/v2\/product\/1390","targetHints":{"allow":["GET"]}}],"collection":[{"href":"https:\/\/vonotterskarummet.se\/index.php?rest_route=\/wp\/v2\/product"}],"about":[{"href":"https:\/\/vonotterskarummet.se\/index.php?rest_route=\/wp\/v2\/types\/product"}],"wp:featuredmedia":[{"embeddable":true,"href":"https:\/\/vonotterskarummet.se\/index.php?rest_route=\/wp\/v2\/media\/1314"}],"wp:attachment":[{"href":"https:\/\/vonotterskarummet.se\/index.php?rest_route=%2Fwp%2Fv2%2Fmedia&parent=1390"}],"wp:term":[{"taxonomy":"product_brand","embeddable":true,"href":"https:\/\/vonotterskarummet.se\/index.php?rest_route=%2Fwp%2Fv2%2Fproduct_brand&post=1390"},{"taxonomy":"product_cat","embeddable":true,"href":"https:\/\/vonotterskarummet.se\/index.php?rest_route=%2Fwp%2Fv2%2Fproduct_cat&post=1390"},{"taxonomy":"product_tag","embeddable":true,"href":"https:\/\/vonotterskarummet.se\/index.php?rest_route=%2Fwp%2Fv2%2Fproduct_tag&post=1390"}],"curies":[{"name":"wp","href":"https:\/\/api.w.org\/{rel}","templated":true}]}}