{"id":1391,"date":"2026-04-21T12:18:54","date_gmt":"2026-04-21T10:18:54","guid":{"rendered":"https:\/\/vonotterskarummet.se\/?post_type=product&#038;p=1391"},"modified":"2026-04-21T12:18:55","modified_gmt":"2026-04-21T10:18:55","slug":"stor-fransk-skal-i-tenn-metall-pa-kulfotter","status":"publish","type":"product","link":"https:\/\/vonotterskarummet.se\/?product=stor-fransk-skal-i-tenn-metall-pa-kulfotter","title":{"rendered":"stor fransk sk\u00e5l i tenn\/metall p\u00e5 kulf\u00f6tter"},"content":{"rendered":"","protected":false},"excerpt":{"rendered":"<div class=\"relative basis-auto flex-col -mb-(--composer-overlap-px) pb-(--composer-overlap-px) [--composer-overlap-px:28px] grow flex\">\n<div class=\"flex flex-col text-sm pb-25\">\n<section class=\"text-token-text-primary w-full focus:outline-none [--shadow-height:45px] has-data-writing-block:pointer-events-none has-data-writing-block:-mt-(--shadow-height) has-data-writing-block:pt-(--shadow-height) [&amp;:has([data-writing-block])&gt;*]:pointer-events-auto scroll-mt-[calc(var(--header-height)+min(200px,max(70px,20svh)))]\" dir=\"auto\" data-turn-id=\"request-69c592a2-ae74-838b-8406-a8184f931c66-13\" data-testid=\"conversation-turn-112\" data-scroll-anchor=\"true\" data-turn=\"assistant\">\n<div class=\"text-base my-auto mx-auto pb-10 [--thread-content-margin:var(--thread-content-margin-xs,calc(var(--spacing)*4))] @w-sm\/main:[--thread-content-margin:var(--thread-content-margin-sm,calc(var(--spacing)*6))] @w-lg\/main:[--thread-content-margin:var(--thread-content-margin-lg,calc(var(--spacing)*16))] px-(--thread-content-margin)\">\n<div class=\"[--thread-content-max-width:40rem] @w-lg\/main:[--thread-content-max-width:48rem] mx-auto max-w-(--thread-content-max-width) flex-1 group\/turn-messages focus-visible:outline-hidden relative flex w-full min-w-0 flex-col agent-turn\">\n<div class=\"flex max-w-full flex-col gap-4 grow\">\n<div class=\"min-h-8 text-message relative flex w-full flex-col items-end gap-2 text-start break-words whitespace-normal outline-none keyboard-focused:focus-ring [.text-message+&amp;]:mt-1\" dir=\"auto\" tabindex=\"0\" data-message-author-role=\"assistant\" data-message-id=\"bc0f75c0-eea7-4e30-8a40-4e1c6a41ee82\" data-message-model-slug=\"gpt-5-3\" data-turn-start-message=\"true\">\n<div class=\"flex w-full flex-col gap-1 empty:hidden\">\n<div class=\"markdown prose dark:prose-invert w-full wrap-break-word light markdown-new-styling\">\n<p data-start=\"158\" data-end=\"382\">\u00c4ldre <strong data-start=\"164\" data-end=\"193\">fransk sk\u00e5l i tenn\/metall<\/strong> med mjukt b\u00f6ljande form och st\u00e5ende p\u00e5 tre kulf\u00f6tter. Ett fint f\u00f6rem\u00e5l med vacker patina och klassiskt uttryck som passar lika v\u00e4l p\u00e5 bordet som i ett stilleben eller f\u00f6r mindre f\u00f6rvaring.<\/p>\n<p data-start=\"384\" data-end=\"456\">Den mjuka formen och de sm\u00e5 f\u00f6tterna ger sk\u00e5len en tydlig fransk k\u00e4nsla.<\/p>\n<h2 data-section-id=\"2agov0\" data-start=\"458\" data-end=\"472\"><span role=\"text\"><strong data-start=\"461\" data-end=\"470\">Skick<\/strong><\/span><\/h2>\n<p data-start=\"473\" data-end=\"582\"><strong data-start=\"473\" data-end=\"516\">Bruksskick med \u00e5ldersrelaterat slitage.<\/strong><br data-start=\"516\" data-end=\"519\" \/>Patina, repor, missf\u00e4rgningar och normala brukssp\u00e5r f\u00f6rekommer.<\/p>\n<\/div>\n<\/div>\n<\/div>\n<\/div>\n<\/div>\n<\/div>\n<\/section>\n<\/div>\n<\/div>\n","protected":false},"featured_media":1351,"template":"","meta":{"wds_primary_product_brand":0,"wds_primary_product_cat":0},"product_brand":[],"product_cat":[24,15,25],"product_tag":[],"class_list":{"0":"post-1391","1":"product","2":"type-product","3":"status-publish","4":"has-post-thumbnail","6":"product_cat-antikviteter","7":"product_cat-uncategorized","8":"product_cat-nyheter","9":"product_shipping_class-storre-paket","11":"first","12":"instock","13":"taxable","14":"shipping-taxable","15":"purchasable","16":"product-type-simple"},"jetpack_sharing_enabled":true,"_links":{"self":[{"href":"https:\/\/vonotterskarummet.se\/index.php?rest_route=\/wp\/v2\/product\/1391","targetHints":{"allow":["GET"]}}],"collection":[{"href":"https:\/\/vonotterskarummet.se\/index.php?rest_route=\/wp\/v2\/product"}],"about":[{"href":"https:\/\/vonotterskarummet.se\/index.php?rest_route=\/wp\/v2\/types\/product"}],"wp:featuredmedia":[{"embeddable":true,"href":"https:\/\/vonotterskarummet.se\/index.php?rest_route=\/wp\/v2\/media\/1351"}],"wp:attachment":[{"href":"https:\/\/vonotterskarummet.se\/index.php?rest_route=%2Fwp%2Fv2%2Fmedia&parent=1391"}],"wp:term":[{"taxonomy":"product_brand","embeddable":true,"href":"https:\/\/vonotterskarummet.se\/index.php?rest_route=%2Fwp%2Fv2%2Fproduct_brand&post=1391"},{"taxonomy":"product_cat","embeddable":true,"href":"https:\/\/vonotterskarummet.se\/index.php?rest_route=%2Fwp%2Fv2%2Fproduct_cat&post=1391"},{"taxonomy":"product_tag","embeddable":true,"href":"https:\/\/vonotterskarummet.se\/index.php?rest_route=%2Fwp%2Fv2%2Fproduct_tag&post=1391"}],"curies":[{"name":"wp","href":"https:\/\/api.w.org\/{rel}","templated":true}]}}