{"id":1392,"date":"2026-04-21T12:22:25","date_gmt":"2026-04-21T10:22:25","guid":{"rendered":"https:\/\/vonotterskarummet.se\/?post_type=product&#038;p=1392"},"modified":"2026-04-21T12:22:25","modified_gmt":"2026-04-21T10:22:25","slug":"franskt-litet-fat-i-metall","status":"publish","type":"product","link":"https:\/\/vonotterskarummet.se\/?product=franskt-litet-fat-i-metall","title":{"rendered":"Franskt litet fat i metall"},"content":{"rendered":"","protected":false},"excerpt":{"rendered":"<p data-start=\"118\" data-end=\"303\">\u00c4ldre <strong data-start=\"124\" data-end=\"154\">franskt litet fat i metall<\/strong> med oval form och diskret kantdekor. Ett tidl\u00f6st och anv\u00e4ndbart f\u00f6rem\u00e5l som passar fint f\u00f6r servering, som underl\u00e4gg eller som del av ett stilleben.<\/p>\n<p data-start=\"305\" data-end=\"376\">Den enkla formen och den slitna ytan ger fatet en tydlig fransk k\u00e4nsla.<\/p>\n<h2 data-section-id=\"2agov0\" data-start=\"378\" data-end=\"392\"><span role=\"text\"><strong data-start=\"381\" data-end=\"390\">Skick<\/strong><\/span><\/h2>\n<p data-start=\"393\" data-end=\"502\"><strong data-start=\"393\" data-end=\"436\">Bruksskick med \u00e5ldersrelaterat slitage.<\/strong><br data-start=\"436\" data-end=\"439\" \/>Patina, repor, missf\u00e4rgningar och normala brukssp\u00e5r f\u00f6rekommer<\/p>\n","protected":false},"featured_media":1342,"template":"","meta":{"wds_primary_product_brand":0,"wds_primary_product_cat":0},"product_brand":[],"product_cat":[24,15,25],"product_tag":[],"class_list":{"0":"post-1392","1":"product","2":"type-product","3":"status-publish","4":"has-post-thumbnail","6":"product_cat-antikviteter","7":"product_cat-uncategorized","8":"product_cat-nyheter","9":"product_shipping_class-mindre-paket","11":"first","12":"instock","13":"taxable","14":"shipping-taxable","15":"purchasable","16":"product-type-simple"},"jetpack_sharing_enabled":true,"_links":{"self":[{"href":"https:\/\/vonotterskarummet.se\/index.php?rest_route=\/wp\/v2\/product\/1392","targetHints":{"allow":["GET"]}}],"collection":[{"href":"https:\/\/vonotterskarummet.se\/index.php?rest_route=\/wp\/v2\/product"}],"about":[{"href":"https:\/\/vonotterskarummet.se\/index.php?rest_route=\/wp\/v2\/types\/product"}],"wp:featuredmedia":[{"embeddable":true,"href":"https:\/\/vonotterskarummet.se\/index.php?rest_route=\/wp\/v2\/media\/1342"}],"wp:attachment":[{"href":"https:\/\/vonotterskarummet.se\/index.php?rest_route=%2Fwp%2Fv2%2Fmedia&parent=1392"}],"wp:term":[{"taxonomy":"product_brand","embeddable":true,"href":"https:\/\/vonotterskarummet.se\/index.php?rest_route=%2Fwp%2Fv2%2Fproduct_brand&post=1392"},{"taxonomy":"product_cat","embeddable":true,"href":"https:\/\/vonotterskarummet.se\/index.php?rest_route=%2Fwp%2Fv2%2Fproduct_cat&post=1392"},{"taxonomy":"product_tag","embeddable":true,"href":"https:\/\/vonotterskarummet.se\/index.php?rest_route=%2Fwp%2Fv2%2Fproduct_tag&post=1392"}],"curies":[{"name":"wp","href":"https:\/\/api.w.org\/{rel}","templated":true}]}}