{"id":1393,"date":"2026-04-21T12:24:54","date_gmt":"2026-04-21T10:24:54","guid":{"rendered":"https:\/\/vonotterskarummet.se\/?post_type=product&#038;p=1393"},"modified":"2026-04-21T12:24:54","modified_gmt":"2026-04-21T10:24:54","slug":"franskt-litet-fat-i-metall-saljs-separat","status":"publish","type":"product","link":"https:\/\/vonotterskarummet.se\/?product=franskt-litet-fat-i-metall-saljs-separat","title":{"rendered":"Franskt litet fat i metall \u2013 s\u00e4ljs separat"},"content":{"rendered":"","protected":false},"excerpt":{"rendered":"<p data-start=\"176\" data-end=\"368\">\u00c4ldre <strong data-start=\"182\" data-end=\"212\">franskt litet fat i metall<\/strong> med oval form och enkel klassisk kant. Ett dekorativt och anv\u00e4ndbart litet fat som passar fint f\u00f6r servering, som underl\u00e4gg eller som del av ett stilleben.<\/p>\n<p data-start=\"370\" data-end=\"426\">Tv\u00e5 liknande exemplar finns, <strong data-start=\"399\" data-end=\"425\">s\u00e4ljs separat styckvis<\/strong>.<\/p>\n<h2 data-section-id=\"2agov0\" data-start=\"428\" data-end=\"442\"><span role=\"text\"><strong data-start=\"431\" data-end=\"440\">Skick<\/strong><\/span><\/h2>\n<p data-start=\"443\" data-end=\"552\"><strong data-start=\"443\" data-end=\"486\">Bruksskick med \u00e5ldersrelaterat slitage.<\/strong><br data-start=\"486\" data-end=\"489\" \/>Patina, repor, missf\u00e4rgningar och normala brukssp\u00e5r f\u00f6rekommer.<\/p>\n","protected":false},"featured_media":1357,"template":"","meta":{"wds_primary_product_brand":0,"wds_primary_product_cat":0},"product_brand":[],"product_cat":[24,15,25],"product_tag":[],"class_list":{"0":"post-1393","1":"product","2":"type-product","3":"status-publish","4":"has-post-thumbnail","6":"product_cat-antikviteter","7":"product_cat-uncategorized","8":"product_cat-nyheter","9":"product_shipping_class-mindre-paket","11":"first","12":"instock","13":"taxable","14":"shipping-taxable","15":"purchasable","16":"product-type-simple"},"jetpack_sharing_enabled":true,"_links":{"self":[{"href":"https:\/\/vonotterskarummet.se\/index.php?rest_route=\/wp\/v2\/product\/1393","targetHints":{"allow":["GET"]}}],"collection":[{"href":"https:\/\/vonotterskarummet.se\/index.php?rest_route=\/wp\/v2\/product"}],"about":[{"href":"https:\/\/vonotterskarummet.se\/index.php?rest_route=\/wp\/v2\/types\/product"}],"wp:featuredmedia":[{"embeddable":true,"href":"https:\/\/vonotterskarummet.se\/index.php?rest_route=\/wp\/v2\/media\/1357"}],"wp:attachment":[{"href":"https:\/\/vonotterskarummet.se\/index.php?rest_route=%2Fwp%2Fv2%2Fmedia&parent=1393"}],"wp:term":[{"taxonomy":"product_brand","embeddable":true,"href":"https:\/\/vonotterskarummet.se\/index.php?rest_route=%2Fwp%2Fv2%2Fproduct_brand&post=1393"},{"taxonomy":"product_cat","embeddable":true,"href":"https:\/\/vonotterskarummet.se\/index.php?rest_route=%2Fwp%2Fv2%2Fproduct_cat&post=1393"},{"taxonomy":"product_tag","embeddable":true,"href":"https:\/\/vonotterskarummet.se\/index.php?rest_route=%2Fwp%2Fv2%2Fproduct_tag&post=1393"}],"curies":[{"name":"wp","href":"https:\/\/api.w.org\/{rel}","templated":true}]}}