{"id":312,"date":"2026-02-20T18:04:07","date_gmt":"2026-02-20T17:04:07","guid":{"rendered":"https:\/\/vonotterskarummet.se\/?post_type=product&#038;p=312"},"modified":"2026-02-20T18:05:05","modified_gmt":"2026-02-20T17:05:05","slug":"korgar-metall-3-set-hang-guld","status":"publish","type":"product","link":"https:\/\/vonotterskarummet.se\/?product=korgar-metall-3-set-hang-guld","title":{"rendered":"korgar metall 3-set h\u00e4ng guld"},"content":{"rendered":"<p>Tre h\u00e4ngande n\u00e4tkorgar som binds samman och h\u00e4ngs upp med ett juterep. En praktisk och snygg f\u00f6rvaringsl\u00f6sning i hemmet. Tillverkad i metall och jute.<\/p>\n","protected":false},"excerpt":{"rendered":"<p>Tre h\u00e4ngande n\u00e4tkorgar som binds samman och h\u00e4ngs upp med ett juterep. En praktisk och snygg f\u00f6rvaringsl\u00f6sning i hemmet. Tillverkad i metall och jute.<\/p>\n","protected":false},"featured_media":313,"template":"","meta":{"wds_primary_product_brand":0,"wds_primary_product_cat":0},"product_brand":[],"product_cat":[15],"product_tag":[],"class_list":{"0":"post-312","1":"product","2":"type-product","3":"status-publish","4":"has-post-thumbnail","6":"product_cat-uncategorized","7":"product_shipping_class-endast-hamtning","9":"first","10":"instock","11":"taxable","12":"shipping-taxable","13":"purchasable","14":"product-type-simple"},"_links":{"self":[{"href":"https:\/\/vonotterskarummet.se\/index.php?rest_route=\/wp\/v2\/product\/312","targetHints":{"allow":["GET"]}}],"collection":[{"href":"https:\/\/vonotterskarummet.se\/index.php?rest_route=\/wp\/v2\/product"}],"about":[{"href":"https:\/\/vonotterskarummet.se\/index.php?rest_route=\/wp\/v2\/types\/product"}],"wp:featuredmedia":[{"embeddable":true,"href":"https:\/\/vonotterskarummet.se\/index.php?rest_route=\/wp\/v2\/media\/313"}],"wp:attachment":[{"href":"https:\/\/vonotterskarummet.se\/index.php?rest_route=%2Fwp%2Fv2%2Fmedia&parent=312"}],"wp:term":[{"taxonomy":"product_brand","embeddable":true,"href":"https:\/\/vonotterskarummet.se\/index.php?rest_route=%2Fwp%2Fv2%2Fproduct_brand&post=312"},{"taxonomy":"product_cat","embeddable":true,"href":"https:\/\/vonotterskarummet.se\/index.php?rest_route=%2Fwp%2Fv2%2Fproduct_cat&post=312"},{"taxonomy":"product_tag","embeddable":true,"href":"https:\/\/vonotterskarummet.se\/index.php?rest_route=%2Fwp%2Fv2%2Fproduct_tag&post=312"}],"curies":[{"name":"wp","href":"https:\/\/api.w.org\/{rel}","templated":true}]}}