{"id":314,"date":"2026-02-20T18:12:02","date_gmt":"2026-02-20T17:12:02","guid":{"rendered":"https:\/\/vonotterskarummet.se\/?post_type=product&#038;p=314"},"modified":"2026-02-20T18:12:28","modified_gmt":"2026-02-20T17:12:28","slug":"vagglampa-noa-sand","status":"publish","type":"product","link":"https:\/\/vonotterskarummet.se\/?product=vagglampa-noa-sand","title":{"rendered":"V\u00e4gglampa Noa sand"},"content":{"rendered":"<p>V\u00e5r v\u00e4gglampa Noa har en st\u00e4llbar sk\u00e4rm och sitter perfekt p\u00e5 v\u00e4ggen vid l\u00e4sf\u00e5t\u00f6ljen. Tillverkad i metall.<\/p>\n","protected":false},"excerpt":{"rendered":"<p>V\u00e5r v\u00e4gglampa Noa har en st\u00e4llbar sk\u00e4rm och sitter perfekt p\u00e5 v\u00e4ggen vid l\u00e4sf\u00e5t\u00f6ljen. Tillverkad i metall.<\/p>\n","protected":false},"featured_media":315,"template":"","meta":{"wds_primary_product_brand":0,"wds_primary_product_cat":0},"product_brand":[],"product_cat":[15,25],"product_tag":[],"class_list":{"0":"post-314","1":"product","2":"type-product","3":"status-publish","4":"has-post-thumbnail","6":"product_cat-uncategorized","7":"product_cat-nyheter","8":"product_shipping_class-endast-hamtning","10":"first","11":"instock","12":"taxable","13":"shipping-taxable","14":"purchasable","15":"product-type-simple"},"_links":{"self":[{"href":"https:\/\/vonotterskarummet.se\/index.php?rest_route=\/wp\/v2\/product\/314","targetHints":{"allow":["GET"]}}],"collection":[{"href":"https:\/\/vonotterskarummet.se\/index.php?rest_route=\/wp\/v2\/product"}],"about":[{"href":"https:\/\/vonotterskarummet.se\/index.php?rest_route=\/wp\/v2\/types\/product"}],"wp:featuredmedia":[{"embeddable":true,"href":"https:\/\/vonotterskarummet.se\/index.php?rest_route=\/wp\/v2\/media\/315"}],"wp:attachment":[{"href":"https:\/\/vonotterskarummet.se\/index.php?rest_route=%2Fwp%2Fv2%2Fmedia&parent=314"}],"wp:term":[{"taxonomy":"product_brand","embeddable":true,"href":"https:\/\/vonotterskarummet.se\/index.php?rest_route=%2Fwp%2Fv2%2Fproduct_brand&post=314"},{"taxonomy":"product_cat","embeddable":true,"href":"https:\/\/vonotterskarummet.se\/index.php?rest_route=%2Fwp%2Fv2%2Fproduct_cat&post=314"},{"taxonomy":"product_tag","embeddable":true,"href":"https:\/\/vonotterskarummet.se\/index.php?rest_route=%2Fwp%2Fv2%2Fproduct_tag&post=314"}],"curies":[{"name":"wp","href":"https:\/\/api.w.org\/{rel}","templated":true}]}}