{"id":319,"date":"2026-02-20T18:27:48","date_gmt":"2026-02-20T17:27:48","guid":{"rendered":"https:\/\/vonotterskarummet.se\/?post_type=product&#038;p=319"},"modified":"2026-02-20T18:27:48","modified_gmt":"2026-02-20T17:27:48","slug":"dekoration-kanin-rider","status":"publish","type":"product","link":"https:\/\/vonotterskarummet.se\/?product=dekoration-kanin-rider","title":{"rendered":"Dekoration kanin rider"},"content":{"rendered":"<p>Denna v\u00e4lkl\u00e4dda kanin som rider p\u00e5 en h\u00e4st kommer att bli ett lekfullt tillskott till din heminredning. Tillverkad av poly.<\/p>\n","protected":false},"excerpt":{"rendered":"<p>Denna v\u00e4lkl\u00e4dda kanin som rider p\u00e5 en h\u00e4st kommer att bli ett lekfullt tillskott till din heminredning. Tillverkad av poly.<\/p>\n","protected":false},"featured_media":320,"template":"","meta":{"wds_primary_product_brand":0,"wds_primary_product_cat":0},"product_brand":[],"product_cat":[25],"product_tag":[],"class_list":{"0":"post-319","1":"product","2":"type-product","3":"status-publish","4":"has-post-thumbnail","6":"product_cat-nyheter","7":"product_shipping_class-endast-hamtning","9":"first","10":"instock","11":"taxable","12":"shipping-taxable","13":"purchasable","14":"product-type-simple"},"_links":{"self":[{"href":"https:\/\/vonotterskarummet.se\/index.php?rest_route=\/wp\/v2\/product\/319","targetHints":{"allow":["GET"]}}],"collection":[{"href":"https:\/\/vonotterskarummet.se\/index.php?rest_route=\/wp\/v2\/product"}],"about":[{"href":"https:\/\/vonotterskarummet.se\/index.php?rest_route=\/wp\/v2\/types\/product"}],"wp:featuredmedia":[{"embeddable":true,"href":"https:\/\/vonotterskarummet.se\/index.php?rest_route=\/wp\/v2\/media\/320"}],"wp:attachment":[{"href":"https:\/\/vonotterskarummet.se\/index.php?rest_route=%2Fwp%2Fv2%2Fmedia&parent=319"}],"wp:term":[{"taxonomy":"product_brand","embeddable":true,"href":"https:\/\/vonotterskarummet.se\/index.php?rest_route=%2Fwp%2Fv2%2Fproduct_brand&post=319"},{"taxonomy":"product_cat","embeddable":true,"href":"https:\/\/vonotterskarummet.se\/index.php?rest_route=%2Fwp%2Fv2%2Fproduct_cat&post=319"},{"taxonomy":"product_tag","embeddable":true,"href":"https:\/\/vonotterskarummet.se\/index.php?rest_route=%2Fwp%2Fv2%2Fproduct_tag&post=319"}],"curies":[{"name":"wp","href":"https:\/\/api.w.org\/{rel}","templated":true}]}}