{"id":324,"date":"2026-02-20T18:35:53","date_gmt":"2026-02-20T17:35:53","guid":{"rendered":"https:\/\/vonotterskarummet.se\/?post_type=product&#038;p=324"},"modified":"2026-03-17T09:07:57","modified_gmt":"2026-03-17T08:07:57","slug":"spegel-ova-svart","status":"publish","type":"product","link":"https:\/\/vonotterskarummet.se\/?product=spegel-ova-svart","title":{"rendered":"spegel ova svart"},"content":{"rendered":"<p>Oval spegel som st\u00e5r p\u00e5 fot och \u00e4r st\u00e4llbar. Passar bra p\u00e5 byr\u00e5n eller i hyllan. Tillverkad i metall och spegelglas.<\/p>\n","protected":false},"excerpt":{"rendered":"<p>Oval spegel som st\u00e5r p\u00e5 fot och \u00e4r st\u00e4llbar. Passar bra p\u00e5 byr\u00e5n eller i hyllan. Tillverkad i metall och spegelglas.<\/p>\n","protected":false},"featured_media":325,"template":"","meta":{"wds_primary_product_brand":0,"wds_primary_product_cat":0},"product_brand":[],"product_cat":[15,34,25],"product_tag":[],"class_list":{"0":"post-324","1":"product","2":"type-product","3":"status-publish","4":"has-post-thumbnail","6":"product_cat-uncategorized","7":"product_cat-mobler","8":"product_cat-nyheter","9":"product_shipping_class-endast-hamtning","11":"first","12":"instock","13":"taxable","14":"shipping-taxable","15":"purchasable","16":"product-type-simple"},"_links":{"self":[{"href":"https:\/\/vonotterskarummet.se\/index.php?rest_route=\/wp\/v2\/product\/324","targetHints":{"allow":["GET"]}}],"collection":[{"href":"https:\/\/vonotterskarummet.se\/index.php?rest_route=\/wp\/v2\/product"}],"about":[{"href":"https:\/\/vonotterskarummet.se\/index.php?rest_route=\/wp\/v2\/types\/product"}],"wp:featuredmedia":[{"embeddable":true,"href":"https:\/\/vonotterskarummet.se\/index.php?rest_route=\/wp\/v2\/media\/325"}],"wp:attachment":[{"href":"https:\/\/vonotterskarummet.se\/index.php?rest_route=%2Fwp%2Fv2%2Fmedia&parent=324"}],"wp:term":[{"taxonomy":"product_brand","embeddable":true,"href":"https:\/\/vonotterskarummet.se\/index.php?rest_route=%2Fwp%2Fv2%2Fproduct_brand&post=324"},{"taxonomy":"product_cat","embeddable":true,"href":"https:\/\/vonotterskarummet.se\/index.php?rest_route=%2Fwp%2Fv2%2Fproduct_cat&post=324"},{"taxonomy":"product_tag","embeddable":true,"href":"https:\/\/vonotterskarummet.se\/index.php?rest_route=%2Fwp%2Fv2%2Fproduct_tag&post=324"}],"curies":[{"name":"wp","href":"https:\/\/api.w.org\/{rel}","templated":true}]}}