{"id":330,"date":"2026-02-20T18:40:36","date_gmt":"2026-02-20T17:40:36","guid":{"rendered":"https:\/\/vonotterskarummet.se\/?post_type=product&#038;p=330"},"modified":"2026-02-20T18:45:15","modified_gmt":"2026-02-20T17:45:15","slug":"kruka-utomhus-selina-metall-gron","status":"publish","type":"product","link":"https:\/\/vonotterskarummet.se\/?product=kruka-utomhus-selina-metall-gron","title":{"rendered":"Kruka Utomhus Selina Metall Gr\u00f6n"},"content":{"rendered":"<p>L\u00e5t tr\u00e4dg\u00e5rden fyllas av v\u00e4xter och gr\u00f6nt med detta set med tv\u00e5 krukor med handtag. Tillverkade i metall.<\/p>\n<p>finns i tv\u00e5 storlekar<\/p>\n","protected":false},"excerpt":{"rendered":"<p>L\u00e5t tr\u00e4dg\u00e5rden fyllas av v\u00e4xter och gr\u00f6nt med detta set med tv\u00e5 krukor med handtag. Tillverkade i metall. finns i tv\u00e5 storlekar<\/p>\n","protected":false},"featured_media":331,"template":"","meta":{"wds_primary_product_brand":0,"wds_primary_product_cat":0},"product_brand":[],"product_cat":[15,25],"product_tag":[],"class_list":{"0":"post-330","1":"product","2":"type-product","3":"status-publish","4":"has-post-thumbnail","6":"product_cat-uncategorized","7":"product_cat-nyheter","8":"product_shipping_class-endast-hamtning","10":"first","11":"instock","12":"taxable","13":"shipping-taxable","14":"purchasable","15":"product-type-simple"},"_links":{"self":[{"href":"https:\/\/vonotterskarummet.se\/index.php?rest_route=\/wp\/v2\/product\/330","targetHints":{"allow":["GET"]}}],"collection":[{"href":"https:\/\/vonotterskarummet.se\/index.php?rest_route=\/wp\/v2\/product"}],"about":[{"href":"https:\/\/vonotterskarummet.se\/index.php?rest_route=\/wp\/v2\/types\/product"}],"wp:featuredmedia":[{"embeddable":true,"href":"https:\/\/vonotterskarummet.se\/index.php?rest_route=\/wp\/v2\/media\/331"}],"wp:attachment":[{"href":"https:\/\/vonotterskarummet.se\/index.php?rest_route=%2Fwp%2Fv2%2Fmedia&parent=330"}],"wp:term":[{"taxonomy":"product_brand","embeddable":true,"href":"https:\/\/vonotterskarummet.se\/index.php?rest_route=%2Fwp%2Fv2%2Fproduct_brand&post=330"},{"taxonomy":"product_cat","embeddable":true,"href":"https:\/\/vonotterskarummet.se\/index.php?rest_route=%2Fwp%2Fv2%2Fproduct_cat&post=330"},{"taxonomy":"product_tag","embeddable":true,"href":"https:\/\/vonotterskarummet.se\/index.php?rest_route=%2Fwp%2Fv2%2Fproduct_tag&post=330"}],"curies":[{"name":"wp","href":"https:\/\/api.w.org\/{rel}","templated":true}]}}