{"id":339,"date":"2026-02-20T18:52:47","date_gmt":"2026-02-20T17:52:47","guid":{"rendered":"https:\/\/vonotterskarummet.se\/?post_type=product&#038;p=339"},"modified":"2026-03-24T10:57:27","modified_gmt":"2026-03-24T09:57:27","slug":"fjader-tradad-blom-parlhons","status":"publish","type":"product","link":"https:\/\/vonotterskarummet.se\/?product=fjader-tradad-blom-parlhons","title":{"rendered":"Fj\u00e4der Tr\u00e5dad Blom P\u00e4rlh\u00f6ns"},"content":{"rendered":"<p>Fj\u00e4drar med st\u00e5ltr\u00e5d, formade som blommor. Perfekta f\u00f6r att dekorera grenar eller blomsterarrangemang<\/p>\n<p>&nbsp;<\/p>\n<p>9-pack<\/p>\n","protected":false},"excerpt":{"rendered":"<p>Fj\u00e4drar med st\u00e5ltr\u00e5d, formade som blommor. Perfekta f\u00f6r att dekorera grenar eller blomsterarrangemang &nbsp; 9-pack<\/p>\n","protected":false},"featured_media":340,"template":"","meta":{"wds_primary_product_brand":0,"wds_primary_product_cat":0},"product_brand":[],"product_cat":[15,25,28],"product_tag":[],"class_list":{"0":"post-339","1":"product","2":"type-product","3":"status-publish","4":"has-post-thumbnail","6":"product_cat-uncategorized","7":"product_cat-nyheter","8":"product_cat-pask","9":"product_shipping_class-endast-hamtning","11":"first","12":"instock","13":"taxable","14":"shipping-taxable","15":"purchasable","16":"product-type-simple"},"_links":{"self":[{"href":"https:\/\/vonotterskarummet.se\/index.php?rest_route=\/wp\/v2\/product\/339","targetHints":{"allow":["GET"]}}],"collection":[{"href":"https:\/\/vonotterskarummet.se\/index.php?rest_route=\/wp\/v2\/product"}],"about":[{"href":"https:\/\/vonotterskarummet.se\/index.php?rest_route=\/wp\/v2\/types\/product"}],"wp:featuredmedia":[{"embeddable":true,"href":"https:\/\/vonotterskarummet.se\/index.php?rest_route=\/wp\/v2\/media\/340"}],"wp:attachment":[{"href":"https:\/\/vonotterskarummet.se\/index.php?rest_route=%2Fwp%2Fv2%2Fmedia&parent=339"}],"wp:term":[{"taxonomy":"product_brand","embeddable":true,"href":"https:\/\/vonotterskarummet.se\/index.php?rest_route=%2Fwp%2Fv2%2Fproduct_brand&post=339"},{"taxonomy":"product_cat","embeddable":true,"href":"https:\/\/vonotterskarummet.se\/index.php?rest_route=%2Fwp%2Fv2%2Fproduct_cat&post=339"},{"taxonomy":"product_tag","embeddable":true,"href":"https:\/\/vonotterskarummet.se\/index.php?rest_route=%2Fwp%2Fv2%2Fproduct_tag&post=339"}],"curies":[{"name":"wp","href":"https:\/\/api.w.org\/{rel}","templated":true}]}}