{"id":342,"date":"2026-02-20T18:58:11","date_gmt":"2026-02-20T17:58:11","guid":{"rendered":"https:\/\/vonotterskarummet.se\/?post_type=product&#038;p=342"},"modified":"2026-02-20T18:58:11","modified_gmt":"2026-02-20T17:58:11","slug":"fjader-tradad-blom-sicksack","status":"publish","type":"product","link":"https:\/\/vonotterskarummet.se\/?product=fjader-tradad-blom-sicksack","title":{"rendered":"Fj\u00e4der Tr\u00e5dad Blom Sicksack"},"content":{"rendered":"<p>Fj\u00e4drar med st\u00e5ltr\u00e5d, formade som blommor. Perfekta f\u00f6r att dekorera grenar eller blomsterarrangemang.<\/p>\n<p>9-pack<\/p>\n","protected":false},"excerpt":{"rendered":"<p>Fj\u00e4drar med st\u00e5ltr\u00e5d, formade som blommor. Perfekta f\u00f6r att dekorera grenar eller blomsterarrangemang. 9-pack<\/p>\n","protected":false},"featured_media":343,"template":"","meta":{"wds_primary_product_brand":0,"wds_primary_product_cat":0},"product_brand":[],"product_cat":[15,25,28],"product_tag":[],"class_list":{"0":"post-342","1":"product","2":"type-product","3":"status-publish","4":"has-post-thumbnail","6":"product_cat-uncategorized","7":"product_cat-nyheter","8":"product_cat-pask","9":"product_shipping_class-endast-hamtning","11":"first","12":"instock","13":"taxable","14":"shipping-taxable","15":"purchasable","16":"product-type-simple"},"_links":{"self":[{"href":"https:\/\/vonotterskarummet.se\/index.php?rest_route=\/wp\/v2\/product\/342","targetHints":{"allow":["GET"]}}],"collection":[{"href":"https:\/\/vonotterskarummet.se\/index.php?rest_route=\/wp\/v2\/product"}],"about":[{"href":"https:\/\/vonotterskarummet.se\/index.php?rest_route=\/wp\/v2\/types\/product"}],"wp:featuredmedia":[{"embeddable":true,"href":"https:\/\/vonotterskarummet.se\/index.php?rest_route=\/wp\/v2\/media\/343"}],"wp:attachment":[{"href":"https:\/\/vonotterskarummet.se\/index.php?rest_route=%2Fwp%2Fv2%2Fmedia&parent=342"}],"wp:term":[{"taxonomy":"product_brand","embeddable":true,"href":"https:\/\/vonotterskarummet.se\/index.php?rest_route=%2Fwp%2Fv2%2Fproduct_brand&post=342"},{"taxonomy":"product_cat","embeddable":true,"href":"https:\/\/vonotterskarummet.se\/index.php?rest_route=%2Fwp%2Fv2%2Fproduct_cat&post=342"},{"taxonomy":"product_tag","embeddable":true,"href":"https:\/\/vonotterskarummet.se\/index.php?rest_route=%2Fwp%2Fv2%2Fproduct_tag&post=342"}],"curies":[{"name":"wp","href":"https:\/\/api.w.org\/{rel}","templated":true}]}}