{"id":348,"date":"2026-02-20T19:07:36","date_gmt":"2026-02-20T18:07:36","guid":{"rendered":"https:\/\/vonotterskarummet.se\/?post_type=product&#038;p=348"},"modified":"2026-02-20T19:10:55","modified_gmt":"2026-02-20T18:10:55","slug":"hangande-cirkel-nat","status":"publish","type":"product","link":"https:\/\/vonotterskarummet.se\/?product=hangande-cirkel-nat","title":{"rendered":"H\u00e4ngande cirkel n\u00e4t"},"content":{"rendered":"","protected":false},"excerpt":{"rendered":"<p>V\u00e5r h\u00e4ngande cirkel med n\u00e4t passar b\u00e5de till att st\u00e4lla saker p\u00e5 och att h\u00e4nga saker i. En flexibel f\u00f6rvaringsl\u00f6sning som ocks\u00e5 blir en snygg inredningsdetalj. Tillverkad i metall.<\/p>\n","protected":false},"featured_media":349,"template":"","meta":{"wds_primary_product_brand":0,"wds_primary_product_cat":0},"product_brand":[],"product_cat":[15,25],"product_tag":[],"class_list":{"0":"post-348","1":"product","2":"type-product","3":"status-publish","4":"has-post-thumbnail","6":"product_cat-uncategorized","7":"product_cat-nyheter","8":"product_shipping_class-endast-hamtning","10":"first","11":"instock","12":"taxable","13":"shipping-taxable","14":"purchasable","15":"product-type-simple"},"_links":{"self":[{"href":"https:\/\/vonotterskarummet.se\/index.php?rest_route=\/wp\/v2\/product\/348","targetHints":{"allow":["GET"]}}],"collection":[{"href":"https:\/\/vonotterskarummet.se\/index.php?rest_route=\/wp\/v2\/product"}],"about":[{"href":"https:\/\/vonotterskarummet.se\/index.php?rest_route=\/wp\/v2\/types\/product"}],"wp:featuredmedia":[{"embeddable":true,"href":"https:\/\/vonotterskarummet.se\/index.php?rest_route=\/wp\/v2\/media\/349"}],"wp:attachment":[{"href":"https:\/\/vonotterskarummet.se\/index.php?rest_route=%2Fwp%2Fv2%2Fmedia&parent=348"}],"wp:term":[{"taxonomy":"product_brand","embeddable":true,"href":"https:\/\/vonotterskarummet.se\/index.php?rest_route=%2Fwp%2Fv2%2Fproduct_brand&post=348"},{"taxonomy":"product_cat","embeddable":true,"href":"https:\/\/vonotterskarummet.se\/index.php?rest_route=%2Fwp%2Fv2%2Fproduct_cat&post=348"},{"taxonomy":"product_tag","embeddable":true,"href":"https:\/\/vonotterskarummet.se\/index.php?rest_route=%2Fwp%2Fv2%2Fproduct_tag&post=348"}],"curies":[{"name":"wp","href":"https:\/\/api.w.org\/{rel}","templated":true}]}}