{"id":419,"date":"2026-02-21T16:29:05","date_gmt":"2026-02-21T15:29:05","guid":{"rendered":"https:\/\/vonotterskarummet.se\/?post_type=product&#038;p=419"},"modified":"2026-04-08T13:21:18","modified_gmt":"2026-04-08T11:21:18","slug":"muse-soft-champagne","status":"publish","type":"product","link":"https:\/\/vonotterskarummet.se\/?product=muse-soft-champagne","title":{"rendered":"MUSE SOFT CHAMPAGNE"},"content":{"rendered":"","protected":false},"excerpt":{"rendered":"<p>F\u00f6r en look som kombinerar sofistikerad elegans med en modern touch \u00e4r Muse Soft Champagne ett sj\u00e4lvklart val. Champagnef\u00e4rgade b\u00e5gar f\u00f6rst\u00e4rker dina drag med en mjuk och varm lyster. Perfekt f\u00f6r b\u00e5de vardag och fest.<\/p>\n<p>Glas\u00f6gonen levereras i ett exklusivt fodral med putsduk f\u00f6r att h\u00e5lla dem i toppskick.<\/p>\n","protected":false},"featured_media":420,"template":"","meta":{"wds_primary_product_brand":0,"wds_primary_product_cat":0},"product_brand":[],"product_cat":[30],"product_tag":[],"class_list":{"0":"post-419","1":"product","2":"type-product","3":"status-publish","4":"has-post-thumbnail","6":"product_cat-glasogon","7":"product_shipping_class-endast-hamtning","9":"first","10":"instock","11":"taxable","12":"shipping-taxable","13":"purchasable","14":"product-type-variable"},"_links":{"self":[{"href":"https:\/\/vonotterskarummet.se\/index.php?rest_route=\/wp\/v2\/product\/419","targetHints":{"allow":["GET"]}}],"collection":[{"href":"https:\/\/vonotterskarummet.se\/index.php?rest_route=\/wp\/v2\/product"}],"about":[{"href":"https:\/\/vonotterskarummet.se\/index.php?rest_route=\/wp\/v2\/types\/product"}],"wp:featuredmedia":[{"embeddable":true,"href":"https:\/\/vonotterskarummet.se\/index.php?rest_route=\/wp\/v2\/media\/420"}],"wp:attachment":[{"href":"https:\/\/vonotterskarummet.se\/index.php?rest_route=%2Fwp%2Fv2%2Fmedia&parent=419"}],"wp:term":[{"taxonomy":"product_brand","embeddable":true,"href":"https:\/\/vonotterskarummet.se\/index.php?rest_route=%2Fwp%2Fv2%2Fproduct_brand&post=419"},{"taxonomy":"product_cat","embeddable":true,"href":"https:\/\/vonotterskarummet.se\/index.php?rest_route=%2Fwp%2Fv2%2Fproduct_cat&post=419"},{"taxonomy":"product_tag","embeddable":true,"href":"https:\/\/vonotterskarummet.se\/index.php?rest_route=%2Fwp%2Fv2%2Fproduct_tag&post=419"}],"curies":[{"name":"wp","href":"https:\/\/api.w.org\/{rel}","templated":true}]}}