{"id":672,"date":"2026-03-18T11:20:58","date_gmt":"2026-03-18T10:20:58","guid":{"rendered":"https:\/\/vonotterskarummet.se\/?post_type=product&#038;p=672"},"modified":"2026-04-08T13:21:17","modified_gmt":"2026-04-08T11:21:17","slug":"dekorativ-tradgards-ampel","status":"publish","type":"product","link":"https:\/\/vonotterskarummet.se\/?product=dekorativ-tradgards-ampel","title":{"rendered":"Dekorativ tr\u00e4dg\u00e5rds ampel"},"content":{"rendered":"","protected":false},"excerpt":{"rendered":"<div class=\"flex h-svh w-screen flex-col\">\n<div class=\"relative z-0 flex min-h-0 w-full flex-1\">\n<div class=\"relative flex min-h-0 w-full flex-1\">\n<div class=\"@container\/main relative flex min-w-0 flex-1 flex-col -translate-y-[calc(env(safe-area-inset-bottom,0px)\/2)] pt-[calc(env(safe-area-inset-bottom,0px)\/2)]\">\n<div class=\"@w-sm\/main:[scrollbar-gutter:var(--stage-scroll-gutter)] touch:[scrollbar-width:none] relative flex min-h-0 min-w-0 flex-1 flex-col [scrollbar-gutter:stable] not-print:overflow-x-clip not-print:overflow-y-auto scroll-pt-(--header-height) [--sticky-padding-top:var(--header-height)] has-data-[fixed-header=less-than-xl]:@w-xl\/main:scroll-pt-0 has-data-[fixed-header=less-than-xl]:@w-xl\/main:[--sticky-padding-top:0px] has-data-[fixed-header=less-than-xxl]:@w-2xl\/main:scroll-pt-0 has-data-[fixed-header=less-than-xxl]:@w-2xl\/main:[--sticky-padding-top:0px]\" data-scroll-root=\"\"><main id=\"main\" class=\"min-h-0 flex-1\"><\/p>\n<div id=\"thread\" class=\"group\/thread flex flex-col min-h-full\">\n<div class=\"composer-parent flex flex-1 flex-col focus-visible:outline-0\" role=\"presentation\">\n<div class=\"relative basis-auto flex-col -mb-(--composer-overlap-px) [--composer-overlap-px:28px] grow flex\">\n<div class=\"flex flex-col text-sm pb-25\">\n<section class=\"text-token-text-primary w-full focus:outline-none [--shadow-height:45px] has-data-writing-block:pointer-events-none has-data-writing-block:-mt-(--shadow-height) has-data-writing-block:pt-(--shadow-height) [&amp;:has([data-writing-block])&gt;*]:pointer-events-auto scroll-mt-[calc(var(--header-height)+min(200px,max(70px,20svh)))]\" dir=\"auto\" data-turn-id=\"request-WEB:9dfc2d99-1d2f-4847-91bb-cc47be923ae0-3\" data-testid=\"conversation-turn-8\" data-scroll-anchor=\"true\" data-turn=\"assistant\">\n<div class=\"text-base my-auto mx-auto pb-10 [--thread-content-margin:var(--thread-content-margin-xs,calc(var(--spacing)*4))] @w-sm\/main:[--thread-content-margin:var(--thread-content-margin-sm,calc(var(--spacing)*6))] @w-lg\/main:[--thread-content-margin:var(--thread-content-margin-lg,calc(var(--spacing)*16))] px-(--thread-content-margin)\">\n<div class=\"[--thread-content-max-width:40rem] @w-lg\/main:[--thread-content-max-width:48rem] mx-auto max-w-(--thread-content-max-width) flex-1 group\/turn-messages focus-visible:outline-hidden relative flex w-full min-w-0 flex-col agent-turn\">\n<div class=\"flex max-w-full flex-col gap-4 grow\">\n<div class=\"min-h-8 text-message relative flex w-full flex-col items-end gap-2 text-start break-words whitespace-normal outline-none keyboard-focused:focus-ring [.text-message+&amp;]:mt-1\" dir=\"auto\" tabindex=\"0\" data-message-author-role=\"assistant\" data-message-id=\"337242c2-9d08-44eb-ad02-3e6ca6ac0935\" data-message-model-slug=\"gpt-5-3\" data-turn-start-message=\"true\">\n<div class=\"flex w-full flex-col gap-1 empty:hidden\">\n<div class=\"markdown prose dark:prose-invert w-full wrap-break-word light markdown-new-styling\">\n<p data-start=\"378\" data-end=\"625\">En vacker h\u00e4ngande dekorationskorg i smide med romantiska, snirkliga detaljer och sm\u00e5 f\u00e5gelfigurer som ger ett charmigt och unikt uttryck. Den gr\u00f6na patinan ger ett stilrent vintageutseende som passar perfekt i b\u00e5de lantliga och klassiska milj\u00f6er.<\/p>\n<p data-start=\"627\" data-end=\"841\">Korgen \u00e4r upph\u00e4ngd i en kedja och fungerar utm\u00e4rkt som en dekorativ detalj inomhus eller i uterum. Den kan anv\u00e4ndas f\u00f6r att arrangera ljus, v\u00e4xter, s\u00e4songsdekorationer eller som ett stilfullt blickf\u00e5ng i sig sj\u00e4lv.<\/p>\n<p data-start=\"843\" data-end=\"867\"><strong data-start=\"843\" data-end=\"867\">Passar perfekt till:<\/strong><\/p>\n<ul data-start=\"868\" data-end=\"972\">\n<li data-section-id=\"yog0bl\" data-start=\"868\" data-end=\"887\">\n<p data-start=\"870\" data-end=\"887\">Ljusarrangemang<\/p>\n<\/li>\n<li data-section-id=\"bg3sss\" data-start=\"888\" data-end=\"928\">\n<p data-start=\"890\" data-end=\"928\">Sm\u00e5 v\u00e4xter eller konstgjorda blommor<\/p>\n<\/li>\n<li data-section-id=\"18spy4\" data-start=\"929\" data-end=\"972\">\n<p data-start=\"931\" data-end=\"972\">Dekoration i f\u00f6nster, uterum eller hall<\/p>\n<\/li>\n<\/ul>\n<p data-start=\"974\" data-end=\"987\"><strong data-start=\"974\" data-end=\"987\">Detaljer:<\/strong><\/p>\n<ul data-start=\"988\" data-end=\"1114\">\n<li data-section-id=\"1aug03h\" data-start=\"988\" data-end=\"1016\">\n<p data-start=\"990\" data-end=\"1016\">Material: Metall \/ smide<\/p>\n<\/li>\n<li data-section-id=\"1pifdlq\" data-start=\"1017\" data-end=\"1048\">\n<p data-start=\"1019\" data-end=\"1048\">F\u00e4rg: Gr\u00f6n med antik patina<\/p>\n<\/li>\n<li data-section-id=\"4g2bkd\" data-start=\"1049\" data-end=\"1071\">\n<p data-start=\"1051\" data-end=\"1071\">Upph\u00e4ngning: Kedja<\/p>\n<\/li>\n<li data-section-id=\"1dis77n\" data-start=\"1072\" data-end=\"1114\">\n<p data-start=\"1074\" data-end=\"1114\">Dekorativa f\u00e5glar och handgjord k\u00e4nsla<\/p>\n<\/li>\n<\/ul>\n<\/div>\n<\/div>\n<\/div>\n<\/div>\n<\/div>\n<\/div>\n<\/section>\n<\/div>\n<\/div>\n<\/div>\n<\/div>\n<p><\/main><\/div>\n<\/div>\n<\/div>\n<\/div>\n<\/div>\n","protected":false},"featured_media":680,"template":"","meta":{"wds_primary_product_brand":0,"wds_primary_product_cat":0},"product_brand":[],"product_cat":[15,25],"product_tag":[],"class_list":{"0":"post-672","1":"product","2":"type-product","3":"status-publish","4":"has-post-thumbnail","6":"product_cat-uncategorized","7":"product_cat-nyheter","8":"product_shipping_class-storre-paket","10":"first","11":"instock","12":"taxable","13":"shipping-taxable","14":"purchasable","15":"product-type-simple"},"_links":{"self":[{"href":"https:\/\/vonotterskarummet.se\/index.php?rest_route=\/wp\/v2\/product\/672","targetHints":{"allow":["GET"]}}],"collection":[{"href":"https:\/\/vonotterskarummet.se\/index.php?rest_route=\/wp\/v2\/product"}],"about":[{"href":"https:\/\/vonotterskarummet.se\/index.php?rest_route=\/wp\/v2\/types\/product"}],"wp:featuredmedia":[{"embeddable":true,"href":"https:\/\/vonotterskarummet.se\/index.php?rest_route=\/wp\/v2\/media\/680"}],"wp:attachment":[{"href":"https:\/\/vonotterskarummet.se\/index.php?rest_route=%2Fwp%2Fv2%2Fmedia&parent=672"}],"wp:term":[{"taxonomy":"product_brand","embeddable":true,"href":"https:\/\/vonotterskarummet.se\/index.php?rest_route=%2Fwp%2Fv2%2Fproduct_brand&post=672"},{"taxonomy":"product_cat","embeddable":true,"href":"https:\/\/vonotterskarummet.se\/index.php?rest_route=%2Fwp%2Fv2%2Fproduct_cat&post=672"},{"taxonomy":"product_tag","embeddable":true,"href":"https:\/\/vonotterskarummet.se\/index.php?rest_route=%2Fwp%2Fv2%2Fproduct_tag&post=672"}],"curies":[{"name":"wp","href":"https:\/\/api.w.org\/{rel}","templated":true}]}}